{"id":799,"date":"2019-05-06T21:04:36","date_gmt":"2019-05-06T19:04:36","guid":{"rendered":"http:\/\/www.turbine-vockerode.de\/?page_id=799"},"modified":"2022-10-28T20:24:16","modified_gmt":"2022-10-28T18:24:16","slug":"sporhalle","status":"publish","type":"page","link":"https:\/\/www.turbine-vockerode.de\/?page_id=799","title":{"rendered":"Sporthalle"},"content":{"rendered":"<p style=\"text-align: justify;\">Unsere Sport-Abteilungen trainieren in der Sporthalle am Baumschulenweg (hinter dem Gemeindezentrum). Die Halle verf\u00fcgt \u00fcber ein Spielfeld, zwei Umkleideeinheiten und 2 gro\u00dfe Ger\u00e4ter\u00e4ume. Auf der angrenzenden Freifl\u00e4che steht zus\u00e4tzlich ein gut ausgestattetes Beachvolleyballfeld zur Verf\u00fcgung.<\/p>\n<p align=\"center\"><a href=\"pics\/sporthalle\/Sporthalle_2019_05_07.jpg\"><img decoding=\"async\" style=\"border: 0px\" src=\"pics\/sporthalle\/mini\/Sporthalle_2019_05_07.jpg\" alt=\"\"><\/a><\/p>\n<p><br class=\"clear\"><\/p>\n<p style=\"text-align: justify;\">\nDie Trainingszeiten unserer Sportgruppen k\u00f6nnt ihr dem folgenden Hallenbelegungsplan entnehmen:<\/p>\n<p style=\"text-align: justify;\"><a href=\"downloads\/Hallenbelegungsplan.pdf\" target=\"_blank\" rel=\"noopener\"><img decoding=\"async\" src=\"pics\/gfx\/PDF_icon.png\" alt=\"Hallenbelegungsplan\" align=\"left\"><\/a> <a href=\"downloads\/Hallenbelegungsplan.pdf\" target=\"_blank\" rel=\"noopener\">Hallenbelegungsplan<\/a><\/p>\n<p><br class=\"clear\"><\/p>\n<p align=\"center\"><iframe loading=\"lazy\" scrolling=\"no\" marginheight=\"0\" marginwidth=\"0\" src=\"https:\/\/www.openstreetmap.org\/export\/embed.html?bbox=12.338762283325197%2C51.84193593838447%2C12.35667943954468%2C51.8475301540317&amp;layer=mapnik&amp;marker=51.84473313311048%2C12.347720861434937\" style=\"border: 1px solid black\" width=\"595\" height=\"350\" frameborder=\"0\"><\/iframe><br \/>\n<small><a href=\"https:\/\/www.openstreetmap.org\/?mlat=51.84473&amp;mlon=12.34772#map=17\/51.84473\/12.34772\">Gr\u00f6\u00dfere Karte anzeigen<\/a><\/small><\/p>\n","protected":false},"excerpt":{"rendered":"<p>Unsere Sport-Abteilungen trainieren in der Sporthalle am Baumschulenweg (hinter dem Gemeindezentrum). Die Halle verf\u00fcgt \u00fcber ein Spielfeld, zwei Umkleideeinheiten und 2 gro\u00dfe Ger\u00e4ter\u00e4ume. Auf der angrenzenden Freifl\u00e4che steht zus\u00e4tzlich ein gut ausgestattetes Beachvolleyballfeld zur Verf\u00fcgung. Die Trainingszeiten unserer Sportgruppen k\u00f6nnt ihr dem folgenden Hallenbelegungsplan entnehmen: Hallenbelegungsplan Gr\u00f6\u00dfere Karte anzeigen<\/p>\n","protected":false},"author":1,"featured_media":0,"parent":0,"menu_order":0,"comment_status":"closed","ping_status":"closed","template":"","meta":{"ngg_post_thumbnail":0,"footnotes":""},"class_list":["post-799","page","type-page","status-publish","hentry"],"yoast_head":"<!-- This site is optimized with the Yoast SEO plugin v26.6 - https:\/\/yoast.com\/wordpress\/plugins\/seo\/ -->\n<title>Sporthalle - SG &quot;Turbine&quot; Vockerode e.V.<\/title>\n<meta name=\"robots\" content=\"index, follow, max-snippet:-1, max-image-preview:large, max-video-preview:-1\" \/>\n<link rel=\"canonical\" href=\"https:\/\/www.turbine-vockerode.de\/?page_id=799\" \/>\n<meta property=\"og:locale\" content=\"de_DE\" \/>\n<meta property=\"og:type\" content=\"article\" \/>\n<meta property=\"og:title\" content=\"Sporthalle - SG &quot;Turbine&quot; Vockerode e.V.\" \/>\n<meta property=\"og:description\" content=\"Unsere Sport-Abteilungen trainieren in der Sporthalle am Baumschulenweg (hinter dem Gemeindezentrum). Die Halle verf\u00fcgt \u00fcber ein Spielfeld, zwei Umkleideeinheiten und 2 gro\u00dfe Ger\u00e4ter\u00e4ume. Auf der angrenzenden Freifl\u00e4che steht zus\u00e4tzlich ein gut ausgestattetes Beachvolleyballfeld zur Verf\u00fcgung. Die Trainingszeiten unserer Sportgruppen k\u00f6nnt ihr dem folgenden Hallenbelegungsplan entnehmen: Hallenbelegungsplan Gr\u00f6\u00dfere Karte anzeigen\" \/>\n<meta property=\"og:url\" content=\"https:\/\/www.turbine-vockerode.de\/?page_id=799\" \/>\n<meta property=\"og:site_name\" content=\"SG &quot;Turbine&quot; Vockerode e.V.\" \/>\n<meta property=\"article:modified_time\" content=\"2022-10-28T18:24:16+00:00\" \/>\n<meta name=\"twitter:card\" content=\"summary_large_image\" \/>\n<meta name=\"twitter:label1\" content=\"Gesch\u00e4tzte Lesezeit\" \/>\n\t<meta name=\"twitter:data1\" content=\"1\u00a0Minute\" \/>\n<script type=\"application\/ld+json\" class=\"yoast-schema-graph\">{\"@context\":\"https:\/\/schema.org\",\"@graph\":[{\"@type\":\"WebPage\",\"@id\":\"https:\/\/www.turbine-vockerode.de\/?page_id=799\",\"url\":\"https:\/\/www.turbine-vockerode.de\/?page_id=799\",\"name\":\"Sporthalle - SG &quot;Turbine&quot; Vockerode e.V.\",\"isPartOf\":{\"@id\":\"https:\/\/www.turbine-vockerode.de\/#website\"},\"datePublished\":\"2019-05-06T19:04:36+00:00\",\"dateModified\":\"2022-10-28T18:24:16+00:00\",\"breadcrumb\":{\"@id\":\"https:\/\/www.turbine-vockerode.de\/?page_id=799#breadcrumb\"},\"inLanguage\":\"de\",\"potentialAction\":[{\"@type\":\"ReadAction\",\"target\":[\"https:\/\/www.turbine-vockerode.de\/?page_id=799\"]}]},{\"@type\":\"BreadcrumbList\",\"@id\":\"https:\/\/www.turbine-vockerode.de\/?page_id=799#breadcrumb\",\"itemListElement\":[{\"@type\":\"ListItem\",\"position\":1,\"name\":\"Startseite\",\"item\":\"https:\/\/www.turbine-vockerode.de\/\"},{\"@type\":\"ListItem\",\"position\":2,\"name\":\"Sporthalle\"}]},{\"@type\":\"WebSite\",\"@id\":\"https:\/\/www.turbine-vockerode.de\/#website\",\"url\":\"https:\/\/www.turbine-vockerode.de\/\",\"name\":\"SG &quot;Turbine&quot; Vockerode e.V.\",\"description\":\"Energie im Herz. Stark im Team.\",\"publisher\":{\"@id\":\"https:\/\/www.turbine-vockerode.de\/#organization\"},\"potentialAction\":[{\"@type\":\"SearchAction\",\"target\":{\"@type\":\"EntryPoint\",\"urlTemplate\":\"https:\/\/www.turbine-vockerode.de\/?s={search_term_string}\"},\"query-input\":{\"@type\":\"PropertyValueSpecification\",\"valueRequired\":true,\"valueName\":\"search_term_string\"}}],\"inLanguage\":\"de\"},{\"@type\":\"Organization\",\"@id\":\"https:\/\/www.turbine-vockerode.de\/#organization\",\"name\":\"SG &quot;Turbine&quot; Vockerode e.V.\",\"url\":\"https:\/\/www.turbine-vockerode.de\/\",\"logo\":{\"@type\":\"ImageObject\",\"inLanguage\":\"de\",\"@id\":\"https:\/\/www.turbine-vockerode.de\/#\/schema\/logo\/image\/\",\"url\":\"https:\/\/www.turbine-vockerode.de\/wp-content\/uploads\/2021\/09\/cropped-Logo_Rand_rechts.png\",\"contentUrl\":\"https:\/\/www.turbine-vockerode.de\/wp-content\/uploads\/2021\/09\/cropped-Logo_Rand_rechts.png\",\"width\":1000,\"height\":700,\"caption\":\"SG &quot;Turbine&quot; Vockerode e.V.\"},\"image\":{\"@id\":\"https:\/\/www.turbine-vockerode.de\/#\/schema\/logo\/image\/\"}}]}<\/script>\n<!-- \/ Yoast SEO plugin. -->","yoast_head_json":{"title":"Sporthalle - SG &quot;Turbine&quot; Vockerode e.V.","robots":{"index":"index","follow":"follow","max-snippet":"max-snippet:-1","max-image-preview":"max-image-preview:large","max-video-preview":"max-video-preview:-1"},"canonical":"https:\/\/www.turbine-vockerode.de\/?page_id=799","og_locale":"de_DE","og_type":"article","og_title":"Sporthalle - SG &quot;Turbine&quot; Vockerode e.V.","og_description":"Unsere Sport-Abteilungen trainieren in der Sporthalle am Baumschulenweg (hinter dem Gemeindezentrum). Die Halle verf\u00fcgt \u00fcber ein Spielfeld, zwei Umkleideeinheiten und 2 gro\u00dfe Ger\u00e4ter\u00e4ume. Auf der angrenzenden Freifl\u00e4che steht zus\u00e4tzlich ein gut ausgestattetes Beachvolleyballfeld zur Verf\u00fcgung. Die Trainingszeiten unserer Sportgruppen k\u00f6nnt ihr dem folgenden Hallenbelegungsplan entnehmen: Hallenbelegungsplan Gr\u00f6\u00dfere Karte anzeigen","og_url":"https:\/\/www.turbine-vockerode.de\/?page_id=799","og_site_name":"SG &quot;Turbine&quot; Vockerode e.V.","article_modified_time":"2022-10-28T18:24:16+00:00","twitter_card":"summary_large_image","twitter_misc":{"Gesch\u00e4tzte Lesezeit":"1\u00a0Minute"},"schema":{"@context":"https:\/\/schema.org","@graph":[{"@type":"WebPage","@id":"https:\/\/www.turbine-vockerode.de\/?page_id=799","url":"https:\/\/www.turbine-vockerode.de\/?page_id=799","name":"Sporthalle - SG &quot;Turbine&quot; Vockerode e.V.","isPartOf":{"@id":"https:\/\/www.turbine-vockerode.de\/#website"},"datePublished":"2019-05-06T19:04:36+00:00","dateModified":"2022-10-28T18:24:16+00:00","breadcrumb":{"@id":"https:\/\/www.turbine-vockerode.de\/?page_id=799#breadcrumb"},"inLanguage":"de","potentialAction":[{"@type":"ReadAction","target":["https:\/\/www.turbine-vockerode.de\/?page_id=799"]}]},{"@type":"BreadcrumbList","@id":"https:\/\/www.turbine-vockerode.de\/?page_id=799#breadcrumb","itemListElement":[{"@type":"ListItem","position":1,"name":"Startseite","item":"https:\/\/www.turbine-vockerode.de\/"},{"@type":"ListItem","position":2,"name":"Sporthalle"}]},{"@type":"WebSite","@id":"https:\/\/www.turbine-vockerode.de\/#website","url":"https:\/\/www.turbine-vockerode.de\/","name":"SG &quot;Turbine&quot; Vockerode e.V.","description":"Energie im Herz. Stark im Team.","publisher":{"@id":"https:\/\/www.turbine-vockerode.de\/#organization"},"potentialAction":[{"@type":"SearchAction","target":{"@type":"EntryPoint","urlTemplate":"https:\/\/www.turbine-vockerode.de\/?s={search_term_string}"},"query-input":{"@type":"PropertyValueSpecification","valueRequired":true,"valueName":"search_term_string"}}],"inLanguage":"de"},{"@type":"Organization","@id":"https:\/\/www.turbine-vockerode.de\/#organization","name":"SG &quot;Turbine&quot; Vockerode e.V.","url":"https:\/\/www.turbine-vockerode.de\/","logo":{"@type":"ImageObject","inLanguage":"de","@id":"https:\/\/www.turbine-vockerode.de\/#\/schema\/logo\/image\/","url":"https:\/\/www.turbine-vockerode.de\/wp-content\/uploads\/2021\/09\/cropped-Logo_Rand_rechts.png","contentUrl":"https:\/\/www.turbine-vockerode.de\/wp-content\/uploads\/2021\/09\/cropped-Logo_Rand_rechts.png","width":1000,"height":700,"caption":"SG &quot;Turbine&quot; Vockerode e.V."},"image":{"@id":"https:\/\/www.turbine-vockerode.de\/#\/schema\/logo\/image\/"}}]}},"_links":{"self":[{"href":"https:\/\/www.turbine-vockerode.de\/index.php?rest_route=\/wp\/v2\/pages\/799","targetHints":{"allow":["GET"]}}],"collection":[{"href":"https:\/\/www.turbine-vockerode.de\/index.php?rest_route=\/wp\/v2\/pages"}],"about":[{"href":"https:\/\/www.turbine-vockerode.de\/index.php?rest_route=\/wp\/v2\/types\/page"}],"author":[{"embeddable":true,"href":"https:\/\/www.turbine-vockerode.de\/index.php?rest_route=\/wp\/v2\/users\/1"}],"replies":[{"embeddable":true,"href":"https:\/\/www.turbine-vockerode.de\/index.php?rest_route=%2Fwp%2Fv2%2Fcomments&post=799"}],"version-history":[{"count":40,"href":"https:\/\/www.turbine-vockerode.de\/index.php?rest_route=\/wp\/v2\/pages\/799\/revisions"}],"predecessor-version":[{"id":2002,"href":"https:\/\/www.turbine-vockerode.de\/index.php?rest_route=\/wp\/v2\/pages\/799\/revisions\/2002"}],"wp:attachment":[{"href":"https:\/\/www.turbine-vockerode.de\/index.php?rest_route=%2Fwp%2Fv2%2Fmedia&parent=799"}],"curies":[{"name":"wp","href":"https:\/\/api.w.org\/{rel}","templated":true}]}}