{"id":66,"date":"2014-06-18T21:57:35","date_gmt":"2014-06-18T19:57:35","guid":{"rendered":"http:\/\/www.turbine-vockerode.de\/?page_id=66"},"modified":"2025-06-15T21:56:39","modified_gmt":"2025-06-15T19:56:39","slug":"gebuehren","status":"publish","type":"page","link":"https:\/\/www.turbine-vockerode.de\/?page_id=66","title":{"rendered":"Nutzungsgeb\u00fchren"},"content":{"rendered":"<table cellspacing=\"0\" border=\"0\" align=\"center\">\n<tbody>\n<tr>\n<td colspan=\"2\" width=\"300\"><strong>Unterbringen von Booten<\/strong><\/td>\n<\/tr>\n<tr>\n<td width=\"550\">Unterstellen privater Boote der Mitglieder<\/td>\n<td>6,00\u20ac \/ m \/ Jahr<\/td>\n<\/tr>\n<tr>\n<td>Saisoniegeplatz am Bootssteg f\u00fcr Nichtmiglieder (Mai bis Oktober)<\/td>\n<td>300,00\u20ac \/ Saison<\/td>\n<\/tr>\n<tr><\/tr>\n<\/tbody>\n<\/table>\n<table cellspacing=\"0\" border=\"0\" align=\"center\">\n<tbody>\n<tr>\n<td colspan=\"2\"><strong>Slipgeb\u00fchren<br \/>\n(Anmeldung unter  0162\/8337516)<\/strong><\/td>\n<\/tr>\n<tr>\n<td width=\"550\">Slipgeb\u00fchren f\u00fcr Tagesg\u00e4ste<\/td>\n<td>10,00\u20ac \/ Vorgang<\/td>\n<\/tr>\n<tr>\n<td>Slipgeb\u00fchren Jahresgeb\u00fchr f\u00fcr Nichtmitglieder<br \/>\n(Diese k\u00f6nnen im jeweiligen Nutzungsjahr vom 01.03. &#8211; 31.07. erworben werden.<\/td>\n<td>70,00\u20ac \/ Jahr<\/td>\n<\/tr>\n<tr><\/tr>\n<\/tbody>\n<\/table>\n<table cellspacing=\"0\" border=\"0\" align=\"center\">\n<tbody>\n<tr>\n<td colspan=\"2\" width=\"300\"><strong>\u00dcbernachtungsgeb\u00fchren f\u00fcr G\u00e4ste inkl. Warmwassernutzung und Nutzung der Dusche<br \/>\n(Anmeldung unter  0160\/94511867)<\/strong><\/td>\n<\/tr>\n<tr>\n<td width=\"550\">pro Person im Aufenthaltsraum<\/td>\n<td>16,00\u20ac \/ Person \/ Tag<\/td>\n<\/tr>\n<tr>\n<td>pro Person im Zelt<\/td>\n<td>14,00\u20ac \/ Person \/ Tag<\/td>\n<\/tr>\n<tr>\n<td>Kinder<\/td>\n<td>4,00\u20ac \/ Kind \/ Tag<\/td>\n<\/tr>\n<tr>\n<td>Boot am Steg<\/td>\n<td>10,00\u20ac \/ Boot \/ Tag<\/td>\n<\/tr>\n<tr>\n<td colspan=\"2\"><font color=\"red\">Gruppentarife auf Anfrage m\u00f6glich!<\/font><\/td>\n<\/tr>\n<\/tbody>\n<\/table>\n","protected":false},"excerpt":{"rendered":"<p>Unterbringen von Booten Unterstellen privater Boote der Mitglieder 6,00\u20ac \/ m \/ Jahr Saisoniegeplatz am Bootssteg f\u00fcr Nichtmiglieder (Mai bis Oktober) 300,00\u20ac \/ Saison Slipgeb\u00fchren (Anmeldung unter 0162\/8337516) Slipgeb\u00fchren f\u00fcr Tagesg\u00e4ste 10,00\u20ac \/ Vorgang Slipgeb\u00fchren Jahresgeb\u00fchr f\u00fcr Nichtmitglieder (Diese k\u00f6nnen im jeweiligen Nutzungsjahr vom 01.03. &#8211; 31.07. erworben werden. 70,00\u20ac \/ Jahr \u00dcbernachtungsgeb\u00fchren f\u00fcr G\u00e4ste [&hellip;]<\/p>\n","protected":false},"author":1,"featured_media":0,"parent":61,"menu_order":0,"comment_status":"closed","ping_status":"closed","template":"","meta":{"ngg_post_thumbnail":0,"footnotes":""},"class_list":["post-66","page","type-page","status-publish","hentry"],"yoast_head":"<!-- This site is optimized with the Yoast SEO plugin v26.6 - https:\/\/yoast.com\/wordpress\/plugins\/seo\/ -->\n<title>Nutzungsgeb\u00fchren - SG &quot;Turbine&quot; Vockerode e.V.<\/title>\n<meta name=\"robots\" content=\"index, follow, max-snippet:-1, max-image-preview:large, max-video-preview:-1\" \/>\n<link rel=\"canonical\" href=\"https:\/\/www.turbine-vockerode.de\/?page_id=66\" \/>\n<meta property=\"og:locale\" content=\"de_DE\" \/>\n<meta property=\"og:type\" content=\"article\" \/>\n<meta property=\"og:title\" content=\"Nutzungsgeb\u00fchren - SG &quot;Turbine&quot; Vockerode e.V.\" \/>\n<meta property=\"og:description\" content=\"Unterbringen von Booten Unterstellen privater Boote der Mitglieder 6,00\u20ac \/ m \/ Jahr Saisoniegeplatz am Bootssteg f\u00fcr Nichtmiglieder (Mai bis Oktober) 300,00\u20ac \/ Saison Slipgeb\u00fchren (Anmeldung unter 0162\/8337516) Slipgeb\u00fchren f\u00fcr Tagesg\u00e4ste 10,00\u20ac \/ Vorgang Slipgeb\u00fchren Jahresgeb\u00fchr f\u00fcr Nichtmitglieder (Diese k\u00f6nnen im jeweiligen Nutzungsjahr vom 01.03. &#8211; 31.07. erworben werden. 70,00\u20ac \/ Jahr \u00dcbernachtungsgeb\u00fchren f\u00fcr G\u00e4ste [&hellip;]\" \/>\n<meta property=\"og:url\" content=\"https:\/\/www.turbine-vockerode.de\/?page_id=66\" \/>\n<meta property=\"og:site_name\" content=\"SG &quot;Turbine&quot; Vockerode e.V.\" \/>\n<meta property=\"article:modified_time\" content=\"2025-06-15T19:56:39+00:00\" \/>\n<meta name=\"twitter:card\" content=\"summary_large_image\" \/>\n<meta name=\"twitter:label1\" content=\"Gesch\u00e4tzte Lesezeit\" \/>\n\t<meta name=\"twitter:data1\" content=\"1\u00a0Minute\" \/>\n<script type=\"application\/ld+json\" class=\"yoast-schema-graph\">{\"@context\":\"https:\/\/schema.org\",\"@graph\":[{\"@type\":\"WebPage\",\"@id\":\"https:\/\/www.turbine-vockerode.de\/?page_id=66\",\"url\":\"https:\/\/www.turbine-vockerode.de\/?page_id=66\",\"name\":\"Nutzungsgeb\u00fchren - SG &quot;Turbine&quot; Vockerode e.V.\",\"isPartOf\":{\"@id\":\"https:\/\/www.turbine-vockerode.de\/#website\"},\"datePublished\":\"2014-06-18T19:57:35+00:00\",\"dateModified\":\"2025-06-15T19:56:39+00:00\",\"breadcrumb\":{\"@id\":\"https:\/\/www.turbine-vockerode.de\/?page_id=66#breadcrumb\"},\"inLanguage\":\"de\",\"potentialAction\":[{\"@type\":\"ReadAction\",\"target\":[\"https:\/\/www.turbine-vockerode.de\/?page_id=66\"]}]},{\"@type\":\"BreadcrumbList\",\"@id\":\"https:\/\/www.turbine-vockerode.de\/?page_id=66#breadcrumb\",\"itemListElement\":[{\"@type\":\"ListItem\",\"position\":1,\"name\":\"Startseite\",\"item\":\"https:\/\/www.turbine-vockerode.de\/\"},{\"@type\":\"ListItem\",\"position\":2,\"name\":\"Wasserwandern\",\"item\":\"https:\/\/www.turbine-vockerode.de\/?page_id=61\"},{\"@type\":\"ListItem\",\"position\":3,\"name\":\"Nutzungsgeb\u00fchren\"}]},{\"@type\":\"WebSite\",\"@id\":\"https:\/\/www.turbine-vockerode.de\/#website\",\"url\":\"https:\/\/www.turbine-vockerode.de\/\",\"name\":\"SG &quot;Turbine&quot; Vockerode e.V.\",\"description\":\"Energie im Herz. Stark im Team.\",\"publisher\":{\"@id\":\"https:\/\/www.turbine-vockerode.de\/#organization\"},\"potentialAction\":[{\"@type\":\"SearchAction\",\"target\":{\"@type\":\"EntryPoint\",\"urlTemplate\":\"https:\/\/www.turbine-vockerode.de\/?s={search_term_string}\"},\"query-input\":{\"@type\":\"PropertyValueSpecification\",\"valueRequired\":true,\"valueName\":\"search_term_string\"}}],\"inLanguage\":\"de\"},{\"@type\":\"Organization\",\"@id\":\"https:\/\/www.turbine-vockerode.de\/#organization\",\"name\":\"SG &quot;Turbine&quot; Vockerode e.V.\",\"url\":\"https:\/\/www.turbine-vockerode.de\/\",\"logo\":{\"@type\":\"ImageObject\",\"inLanguage\":\"de\",\"@id\":\"https:\/\/www.turbine-vockerode.de\/#\/schema\/logo\/image\/\",\"url\":\"https:\/\/www.turbine-vockerode.de\/wp-content\/uploads\/2021\/09\/cropped-Logo_Rand_rechts.png\",\"contentUrl\":\"https:\/\/www.turbine-vockerode.de\/wp-content\/uploads\/2021\/09\/cropped-Logo_Rand_rechts.png\",\"width\":1000,\"height\":700,\"caption\":\"SG &quot;Turbine&quot; Vockerode e.V.\"},\"image\":{\"@id\":\"https:\/\/www.turbine-vockerode.de\/#\/schema\/logo\/image\/\"}}]}<\/script>\n<!-- \/ Yoast SEO plugin. -->","yoast_head_json":{"title":"Nutzungsgeb\u00fchren - SG &quot;Turbine&quot; Vockerode e.V.","robots":{"index":"index","follow":"follow","max-snippet":"max-snippet:-1","max-image-preview":"max-image-preview:large","max-video-preview":"max-video-preview:-1"},"canonical":"https:\/\/www.turbine-vockerode.de\/?page_id=66","og_locale":"de_DE","og_type":"article","og_title":"Nutzungsgeb\u00fchren - SG &quot;Turbine&quot; Vockerode e.V.","og_description":"Unterbringen von Booten Unterstellen privater Boote der Mitglieder 6,00\u20ac \/ m \/ Jahr Saisoniegeplatz am Bootssteg f\u00fcr Nichtmiglieder (Mai bis Oktober) 300,00\u20ac \/ Saison Slipgeb\u00fchren (Anmeldung unter 0162\/8337516) Slipgeb\u00fchren f\u00fcr Tagesg\u00e4ste 10,00\u20ac \/ Vorgang Slipgeb\u00fchren Jahresgeb\u00fchr f\u00fcr Nichtmitglieder (Diese k\u00f6nnen im jeweiligen Nutzungsjahr vom 01.03. &#8211; 31.07. erworben werden. 70,00\u20ac \/ Jahr \u00dcbernachtungsgeb\u00fchren f\u00fcr G\u00e4ste [&hellip;]","og_url":"https:\/\/www.turbine-vockerode.de\/?page_id=66","og_site_name":"SG &quot;Turbine&quot; Vockerode e.V.","article_modified_time":"2025-06-15T19:56:39+00:00","twitter_card":"summary_large_image","twitter_misc":{"Gesch\u00e4tzte Lesezeit":"1\u00a0Minute"},"schema":{"@context":"https:\/\/schema.org","@graph":[{"@type":"WebPage","@id":"https:\/\/www.turbine-vockerode.de\/?page_id=66","url":"https:\/\/www.turbine-vockerode.de\/?page_id=66","name":"Nutzungsgeb\u00fchren - SG &quot;Turbine&quot; Vockerode e.V.","isPartOf":{"@id":"https:\/\/www.turbine-vockerode.de\/#website"},"datePublished":"2014-06-18T19:57:35+00:00","dateModified":"2025-06-15T19:56:39+00:00","breadcrumb":{"@id":"https:\/\/www.turbine-vockerode.de\/?page_id=66#breadcrumb"},"inLanguage":"de","potentialAction":[{"@type":"ReadAction","target":["https:\/\/www.turbine-vockerode.de\/?page_id=66"]}]},{"@type":"BreadcrumbList","@id":"https:\/\/www.turbine-vockerode.de\/?page_id=66#breadcrumb","itemListElement":[{"@type":"ListItem","position":1,"name":"Startseite","item":"https:\/\/www.turbine-vockerode.de\/"},{"@type":"ListItem","position":2,"name":"Wasserwandern","item":"https:\/\/www.turbine-vockerode.de\/?page_id=61"},{"@type":"ListItem","position":3,"name":"Nutzungsgeb\u00fchren"}]},{"@type":"WebSite","@id":"https:\/\/www.turbine-vockerode.de\/#website","url":"https:\/\/www.turbine-vockerode.de\/","name":"SG &quot;Turbine&quot; Vockerode e.V.","description":"Energie im Herz. Stark im Team.","publisher":{"@id":"https:\/\/www.turbine-vockerode.de\/#organization"},"potentialAction":[{"@type":"SearchAction","target":{"@type":"EntryPoint","urlTemplate":"https:\/\/www.turbine-vockerode.de\/?s={search_term_string}"},"query-input":{"@type":"PropertyValueSpecification","valueRequired":true,"valueName":"search_term_string"}}],"inLanguage":"de"},{"@type":"Organization","@id":"https:\/\/www.turbine-vockerode.de\/#organization","name":"SG &quot;Turbine&quot; Vockerode e.V.","url":"https:\/\/www.turbine-vockerode.de\/","logo":{"@type":"ImageObject","inLanguage":"de","@id":"https:\/\/www.turbine-vockerode.de\/#\/schema\/logo\/image\/","url":"https:\/\/www.turbine-vockerode.de\/wp-content\/uploads\/2021\/09\/cropped-Logo_Rand_rechts.png","contentUrl":"https:\/\/www.turbine-vockerode.de\/wp-content\/uploads\/2021\/09\/cropped-Logo_Rand_rechts.png","width":1000,"height":700,"caption":"SG &quot;Turbine&quot; Vockerode e.V."},"image":{"@id":"https:\/\/www.turbine-vockerode.de\/#\/schema\/logo\/image\/"}}]}},"_links":{"self":[{"href":"https:\/\/www.turbine-vockerode.de\/index.php?rest_route=\/wp\/v2\/pages\/66","targetHints":{"allow":["GET"]}}],"collection":[{"href":"https:\/\/www.turbine-vockerode.de\/index.php?rest_route=\/wp\/v2\/pages"}],"about":[{"href":"https:\/\/www.turbine-vockerode.de\/index.php?rest_route=\/wp\/v2\/types\/page"}],"author":[{"embeddable":true,"href":"https:\/\/www.turbine-vockerode.de\/index.php?rest_route=\/wp\/v2\/users\/1"}],"replies":[{"embeddable":true,"href":"https:\/\/www.turbine-vockerode.de\/index.php?rest_route=%2Fwp%2Fv2%2Fcomments&post=66"}],"version-history":[{"count":46,"href":"https:\/\/www.turbine-vockerode.de\/index.php?rest_route=\/wp\/v2\/pages\/66\/revisions"}],"predecessor-version":[{"id":2500,"href":"https:\/\/www.turbine-vockerode.de\/index.php?rest_route=\/wp\/v2\/pages\/66\/revisions\/2500"}],"up":[{"embeddable":true,"href":"https:\/\/www.turbine-vockerode.de\/index.php?rest_route=\/wp\/v2\/pages\/61"}],"wp:attachment":[{"href":"https:\/\/www.turbine-vockerode.de\/index.php?rest_route=%2Fwp%2Fv2%2Fmedia&parent=66"}],"curies":[{"name":"wp","href":"https:\/\/api.w.org\/{rel}","templated":true}]}}