{"id":61,"date":"2014-06-18T21:54:11","date_gmt":"2014-06-18T19:54:11","guid":{"rendered":"http:\/\/www.turbine-vockerode.de\/?page_id=58"},"modified":"2025-02-26T20:36:04","modified_gmt":"2025-02-26T19:36:04","slug":"wasserwandern","status":"publish","type":"page","link":"https:\/\/www.turbine-vockerode.de\/?page_id=61","title":{"rendered":"Wasserwandern"},"content":{"rendered":"<p style=\"text-align: justify;\"><img decoding=\"async\" src=\"pics\/wasserwandern\/mini\/wasserwandern_1.jpg\" hspace=\"20\" alt=\"\" align=\"left\">Die Abteilung Wasserwandern geh\u00f6rt zu den \u00e4ltesten Abteilungen der Sportgemeinschaft. In den f\u00fcnfziger Jahren entstand aus ehemaligen Baustelleneinrichtungen des Kraftwerkes Vockerode das Vereinsdomizil. Die Sportfreunde hatten sich mit viel handwerklichem Geschick Paddelboote selbst gebaut. Teilweise werden sie heute noch genutzt. Der Bootsbestand wurde sp\u00e4ter um Faltboote erweitert. Heute sind Segel- und Motorboote der Vereinsmitglieder bestimmend. Zur Zeit sind wir 22 Mitglieder.<br class=\"clear\"><\/p>\n<p style=\"text-align: justify;\">Der Verein steht allen Interessenten offen. Wir treffen uns immer donnerstags ab 17:00 Uhr. Weiterhin sind Wasser- und Radwanderer herzlich willkommen.<\/p>\n<p><br class=\"clear\"><\/p>\n<table cellspacing=\"0\" cellpadding=\"0\" border=\"0\">\n<tbody>\n<tr>\n<td width=\"150\"><strong>Abteilungsleitung<\/strong><\/td>\n<td>Michael Mei\u00dfner (Tel.: 0178\/4033781)<\/td>\n<\/tr>\n<\/tbody>\n<\/table>\n","protected":false},"excerpt":{"rendered":"<p>Die Abteilung Wasserwandern geh\u00f6rt zu den \u00e4ltesten Abteilungen der Sportgemeinschaft. In den f\u00fcnfziger Jahren entstand aus ehemaligen Baustelleneinrichtungen des Kraftwerkes Vockerode das Vereinsdomizil. Die Sportfreunde hatten sich mit viel handwerklichem Geschick Paddelboote selbst gebaut. Teilweise werden sie heute noch genutzt. Der Bootsbestand wurde sp\u00e4ter um Faltboote erweitert. Heute sind Segel- und Motorboote der Vereinsmitglieder bestimmend. [&hellip;]<\/p>\n","protected":false},"author":1,"featured_media":0,"parent":0,"menu_order":0,"comment_status":"closed","ping_status":"closed","template":"","meta":{"ngg_post_thumbnail":0,"footnotes":""},"class_list":["post-61","page","type-page","status-publish","hentry"],"yoast_head":"<!-- This site is optimized with the Yoast SEO plugin v26.6 - https:\/\/yoast.com\/wordpress\/plugins\/seo\/ -->\n<title>Wasserwandern - SG &quot;Turbine&quot; Vockerode e.V.<\/title>\n<meta name=\"robots\" content=\"index, follow, max-snippet:-1, max-image-preview:large, max-video-preview:-1\" \/>\n<link rel=\"canonical\" href=\"https:\/\/www.turbine-vockerode.de\/?page_id=61\" \/>\n<meta property=\"og:locale\" content=\"de_DE\" \/>\n<meta property=\"og:type\" content=\"article\" \/>\n<meta property=\"og:title\" content=\"Wasserwandern - SG &quot;Turbine&quot; Vockerode e.V.\" \/>\n<meta property=\"og:description\" content=\"Die Abteilung Wasserwandern geh\u00f6rt zu den \u00e4ltesten Abteilungen der Sportgemeinschaft. In den f\u00fcnfziger Jahren entstand aus ehemaligen Baustelleneinrichtungen des Kraftwerkes Vockerode das Vereinsdomizil. Die Sportfreunde hatten sich mit viel handwerklichem Geschick Paddelboote selbst gebaut. Teilweise werden sie heute noch genutzt. Der Bootsbestand wurde sp\u00e4ter um Faltboote erweitert. Heute sind Segel- und Motorboote der Vereinsmitglieder bestimmend. [&hellip;]\" \/>\n<meta property=\"og:url\" content=\"https:\/\/www.turbine-vockerode.de\/?page_id=61\" \/>\n<meta property=\"og:site_name\" content=\"SG &quot;Turbine&quot; Vockerode e.V.\" \/>\n<meta property=\"article:modified_time\" content=\"2025-02-26T19:36:04+00:00\" \/>\n<meta name=\"twitter:card\" content=\"summary_large_image\" \/>\n<meta name=\"twitter:label1\" content=\"Gesch\u00e4tzte Lesezeit\" \/>\n\t<meta name=\"twitter:data1\" content=\"1\u00a0Minute\" \/>\n<script type=\"application\/ld+json\" class=\"yoast-schema-graph\">{\"@context\":\"https:\/\/schema.org\",\"@graph\":[{\"@type\":\"WebPage\",\"@id\":\"https:\/\/www.turbine-vockerode.de\/?page_id=61\",\"url\":\"https:\/\/www.turbine-vockerode.de\/?page_id=61\",\"name\":\"Wasserwandern - SG &quot;Turbine&quot; Vockerode e.V.\",\"isPartOf\":{\"@id\":\"https:\/\/www.turbine-vockerode.de\/#website\"},\"datePublished\":\"2014-06-18T19:54:11+00:00\",\"dateModified\":\"2025-02-26T19:36:04+00:00\",\"breadcrumb\":{\"@id\":\"https:\/\/www.turbine-vockerode.de\/?page_id=61#breadcrumb\"},\"inLanguage\":\"de\",\"potentialAction\":[{\"@type\":\"ReadAction\",\"target\":[\"https:\/\/www.turbine-vockerode.de\/?page_id=61\"]}]},{\"@type\":\"BreadcrumbList\",\"@id\":\"https:\/\/www.turbine-vockerode.de\/?page_id=61#breadcrumb\",\"itemListElement\":[{\"@type\":\"ListItem\",\"position\":1,\"name\":\"Startseite\",\"item\":\"https:\/\/www.turbine-vockerode.de\/\"},{\"@type\":\"ListItem\",\"position\":2,\"name\":\"Wasserwandern\"}]},{\"@type\":\"WebSite\",\"@id\":\"https:\/\/www.turbine-vockerode.de\/#website\",\"url\":\"https:\/\/www.turbine-vockerode.de\/\",\"name\":\"SG &quot;Turbine&quot; Vockerode e.V.\",\"description\":\"Energie im Herz. Stark im Team.\",\"publisher\":{\"@id\":\"https:\/\/www.turbine-vockerode.de\/#organization\"},\"potentialAction\":[{\"@type\":\"SearchAction\",\"target\":{\"@type\":\"EntryPoint\",\"urlTemplate\":\"https:\/\/www.turbine-vockerode.de\/?s={search_term_string}\"},\"query-input\":{\"@type\":\"PropertyValueSpecification\",\"valueRequired\":true,\"valueName\":\"search_term_string\"}}],\"inLanguage\":\"de\"},{\"@type\":\"Organization\",\"@id\":\"https:\/\/www.turbine-vockerode.de\/#organization\",\"name\":\"SG &quot;Turbine&quot; Vockerode e.V.\",\"url\":\"https:\/\/www.turbine-vockerode.de\/\",\"logo\":{\"@type\":\"ImageObject\",\"inLanguage\":\"de\",\"@id\":\"https:\/\/www.turbine-vockerode.de\/#\/schema\/logo\/image\/\",\"url\":\"https:\/\/www.turbine-vockerode.de\/wp-content\/uploads\/2021\/09\/cropped-Logo_Rand_rechts.png\",\"contentUrl\":\"https:\/\/www.turbine-vockerode.de\/wp-content\/uploads\/2021\/09\/cropped-Logo_Rand_rechts.png\",\"width\":1000,\"height\":700,\"caption\":\"SG &quot;Turbine&quot; Vockerode e.V.\"},\"image\":{\"@id\":\"https:\/\/www.turbine-vockerode.de\/#\/schema\/logo\/image\/\"}}]}<\/script>\n<!-- \/ Yoast SEO plugin. -->","yoast_head_json":{"title":"Wasserwandern - SG &quot;Turbine&quot; Vockerode e.V.","robots":{"index":"index","follow":"follow","max-snippet":"max-snippet:-1","max-image-preview":"max-image-preview:large","max-video-preview":"max-video-preview:-1"},"canonical":"https:\/\/www.turbine-vockerode.de\/?page_id=61","og_locale":"de_DE","og_type":"article","og_title":"Wasserwandern - SG &quot;Turbine&quot; Vockerode e.V.","og_description":"Die Abteilung Wasserwandern geh\u00f6rt zu den \u00e4ltesten Abteilungen der Sportgemeinschaft. In den f\u00fcnfziger Jahren entstand aus ehemaligen Baustelleneinrichtungen des Kraftwerkes Vockerode das Vereinsdomizil. Die Sportfreunde hatten sich mit viel handwerklichem Geschick Paddelboote selbst gebaut. Teilweise werden sie heute noch genutzt. Der Bootsbestand wurde sp\u00e4ter um Faltboote erweitert. Heute sind Segel- und Motorboote der Vereinsmitglieder bestimmend. [&hellip;]","og_url":"https:\/\/www.turbine-vockerode.de\/?page_id=61","og_site_name":"SG &quot;Turbine&quot; Vockerode e.V.","article_modified_time":"2025-02-26T19:36:04+00:00","twitter_card":"summary_large_image","twitter_misc":{"Gesch\u00e4tzte Lesezeit":"1\u00a0Minute"},"schema":{"@context":"https:\/\/schema.org","@graph":[{"@type":"WebPage","@id":"https:\/\/www.turbine-vockerode.de\/?page_id=61","url":"https:\/\/www.turbine-vockerode.de\/?page_id=61","name":"Wasserwandern - SG &quot;Turbine&quot; Vockerode e.V.","isPartOf":{"@id":"https:\/\/www.turbine-vockerode.de\/#website"},"datePublished":"2014-06-18T19:54:11+00:00","dateModified":"2025-02-26T19:36:04+00:00","breadcrumb":{"@id":"https:\/\/www.turbine-vockerode.de\/?page_id=61#breadcrumb"},"inLanguage":"de","potentialAction":[{"@type":"ReadAction","target":["https:\/\/www.turbine-vockerode.de\/?page_id=61"]}]},{"@type":"BreadcrumbList","@id":"https:\/\/www.turbine-vockerode.de\/?page_id=61#breadcrumb","itemListElement":[{"@type":"ListItem","position":1,"name":"Startseite","item":"https:\/\/www.turbine-vockerode.de\/"},{"@type":"ListItem","position":2,"name":"Wasserwandern"}]},{"@type":"WebSite","@id":"https:\/\/www.turbine-vockerode.de\/#website","url":"https:\/\/www.turbine-vockerode.de\/","name":"SG &quot;Turbine&quot; Vockerode e.V.","description":"Energie im Herz. Stark im Team.","publisher":{"@id":"https:\/\/www.turbine-vockerode.de\/#organization"},"potentialAction":[{"@type":"SearchAction","target":{"@type":"EntryPoint","urlTemplate":"https:\/\/www.turbine-vockerode.de\/?s={search_term_string}"},"query-input":{"@type":"PropertyValueSpecification","valueRequired":true,"valueName":"search_term_string"}}],"inLanguage":"de"},{"@type":"Organization","@id":"https:\/\/www.turbine-vockerode.de\/#organization","name":"SG &quot;Turbine&quot; Vockerode e.V.","url":"https:\/\/www.turbine-vockerode.de\/","logo":{"@type":"ImageObject","inLanguage":"de","@id":"https:\/\/www.turbine-vockerode.de\/#\/schema\/logo\/image\/","url":"https:\/\/www.turbine-vockerode.de\/wp-content\/uploads\/2021\/09\/cropped-Logo_Rand_rechts.png","contentUrl":"https:\/\/www.turbine-vockerode.de\/wp-content\/uploads\/2021\/09\/cropped-Logo_Rand_rechts.png","width":1000,"height":700,"caption":"SG &quot;Turbine&quot; Vockerode e.V."},"image":{"@id":"https:\/\/www.turbine-vockerode.de\/#\/schema\/logo\/image\/"}}]}},"_links":{"self":[{"href":"https:\/\/www.turbine-vockerode.de\/index.php?rest_route=\/wp\/v2\/pages\/61","targetHints":{"allow":["GET"]}}],"collection":[{"href":"https:\/\/www.turbine-vockerode.de\/index.php?rest_route=\/wp\/v2\/pages"}],"about":[{"href":"https:\/\/www.turbine-vockerode.de\/index.php?rest_route=\/wp\/v2\/types\/page"}],"author":[{"embeddable":true,"href":"https:\/\/www.turbine-vockerode.de\/index.php?rest_route=\/wp\/v2\/users\/1"}],"replies":[{"embeddable":true,"href":"https:\/\/www.turbine-vockerode.de\/index.php?rest_route=%2Fwp%2Fv2%2Fcomments&post=61"}],"version-history":[{"count":32,"href":"https:\/\/www.turbine-vockerode.de\/index.php?rest_route=\/wp\/v2\/pages\/61\/revisions"}],"predecessor-version":[{"id":2459,"href":"https:\/\/www.turbine-vockerode.de\/index.php?rest_route=\/wp\/v2\/pages\/61\/revisions\/2459"}],"wp:attachment":[{"href":"https:\/\/www.turbine-vockerode.de\/index.php?rest_route=%2Fwp%2Fv2%2Fmedia&parent=61"}],"curies":[{"name":"wp","href":"https:\/\/api.w.org\/{rel}","templated":true}]}}