{"id":51,"date":"2014-06-18T21:48:43","date_gmt":"2014-06-18T19:48:43","guid":{"rendered":"http:\/\/www.turbine-vockerode.de\/?page_id=51"},"modified":"2025-02-15T15:00:55","modified_gmt":"2025-02-15T14:00:55","slug":"volleyball-ii","status":"publish","type":"page","link":"https:\/\/www.turbine-vockerode.de\/?page_id=51","title":{"rendered":"Volleyball II"},"content":{"rendered":"<p style=\"text-align: justify;\"><img decoding=\"async\" src=\"pics\/volleyball\/mini\/volleyball_2.jpg\" hspace=\"20\" alt=\"\" align=\"left\">Die Sportgruppe Volleyball II wurde 1985 als Frauensportgruppe ins Leben gerufen. Angefangen mit einer Mitgliederst\u00e4rke von zehn Frauen, z\u00e4hlt sie heute 18 Mitglieder.<\/p>\n<p style=\"text-align: justify;\">Wir beteiligen uns nicht am Wettkampfbetrieb, nehmen aber oft an Turnieren teil. Ein H\u00f6hepunkt in jedem Jahr ist im September das gro\u00dfe Volleyballturnier gemeinsam mit der Sportgruppe Volleyball I in Vockerode. Die Gem\u00fctlichkeit kommt in unserer Sportgruppe auch nicht zu kurz und das j\u00e4hrliche Bowling um die Weihnachtszeit ist eines davon.<\/p>\n<p style=\"text-align: justify;\">Unser Training findet jeden Dienstag von 20.00 bis 22.00 Uhr in der Schulturnhalle statt.<\/p>\n<p><b>Ansprechpartner:<\/b> Bodo Riske (Tel. 0171\/7793590)<\/p>\n","protected":false},"excerpt":{"rendered":"<p>Die Sportgruppe Volleyball II wurde 1985 als Frauensportgruppe ins Leben gerufen. Angefangen mit einer Mitgliederst\u00e4rke von zehn Frauen, z\u00e4hlt sie heute 18 Mitglieder. Wir beteiligen uns nicht am Wettkampfbetrieb, nehmen aber oft an Turnieren teil. Ein H\u00f6hepunkt in jedem Jahr ist im September das gro\u00dfe Volleyballturnier gemeinsam mit der Sportgruppe Volleyball I in Vockerode. Die [&hellip;]<\/p>\n","protected":false},"author":1,"featured_media":0,"parent":47,"menu_order":0,"comment_status":"closed","ping_status":"closed","template":"","meta":{"ngg_post_thumbnail":0,"footnotes":""},"class_list":["post-51","page","type-page","status-publish","hentry"],"yoast_head":"<!-- This site is optimized with the Yoast SEO plugin v26.6 - https:\/\/yoast.com\/wordpress\/plugins\/seo\/ -->\n<title>Volleyball II - SG &quot;Turbine&quot; Vockerode e.V.<\/title>\n<meta name=\"robots\" content=\"index, follow, max-snippet:-1, max-image-preview:large, max-video-preview:-1\" \/>\n<link rel=\"canonical\" href=\"https:\/\/www.turbine-vockerode.de\/?page_id=51\" \/>\n<meta property=\"og:locale\" content=\"de_DE\" \/>\n<meta property=\"og:type\" content=\"article\" \/>\n<meta property=\"og:title\" content=\"Volleyball II - SG &quot;Turbine&quot; Vockerode e.V.\" \/>\n<meta property=\"og:description\" content=\"Die Sportgruppe Volleyball II wurde 1985 als Frauensportgruppe ins Leben gerufen. Angefangen mit einer Mitgliederst\u00e4rke von zehn Frauen, z\u00e4hlt sie heute 18 Mitglieder. Wir beteiligen uns nicht am Wettkampfbetrieb, nehmen aber oft an Turnieren teil. Ein H\u00f6hepunkt in jedem Jahr ist im September das gro\u00dfe Volleyballturnier gemeinsam mit der Sportgruppe Volleyball I in Vockerode. Die [&hellip;]\" \/>\n<meta property=\"og:url\" content=\"https:\/\/www.turbine-vockerode.de\/?page_id=51\" \/>\n<meta property=\"og:site_name\" content=\"SG &quot;Turbine&quot; Vockerode e.V.\" \/>\n<meta property=\"article:modified_time\" content=\"2025-02-15T14:00:55+00:00\" \/>\n<meta name=\"twitter:card\" content=\"summary_large_image\" \/>\n<meta name=\"twitter:label1\" content=\"Gesch\u00e4tzte Lesezeit\" \/>\n\t<meta name=\"twitter:data1\" content=\"1\u00a0Minute\" \/>\n<script type=\"application\/ld+json\" class=\"yoast-schema-graph\">{\"@context\":\"https:\/\/schema.org\",\"@graph\":[{\"@type\":\"WebPage\",\"@id\":\"https:\/\/www.turbine-vockerode.de\/?page_id=51\",\"url\":\"https:\/\/www.turbine-vockerode.de\/?page_id=51\",\"name\":\"Volleyball II - SG &quot;Turbine&quot; Vockerode e.V.\",\"isPartOf\":{\"@id\":\"https:\/\/www.turbine-vockerode.de\/#website\"},\"datePublished\":\"2014-06-18T19:48:43+00:00\",\"dateModified\":\"2025-02-15T14:00:55+00:00\",\"breadcrumb\":{\"@id\":\"https:\/\/www.turbine-vockerode.de\/?page_id=51#breadcrumb\"},\"inLanguage\":\"de\",\"potentialAction\":[{\"@type\":\"ReadAction\",\"target\":[\"https:\/\/www.turbine-vockerode.de\/?page_id=51\"]}]},{\"@type\":\"BreadcrumbList\",\"@id\":\"https:\/\/www.turbine-vockerode.de\/?page_id=51#breadcrumb\",\"itemListElement\":[{\"@type\":\"ListItem\",\"position\":1,\"name\":\"Startseite\",\"item\":\"https:\/\/www.turbine-vockerode.de\/\"},{\"@type\":\"ListItem\",\"position\":2,\"name\":\"Volleyball\",\"item\":\"https:\/\/www.turbine-vockerode.de\/?page_id=47\"},{\"@type\":\"ListItem\",\"position\":3,\"name\":\"Volleyball II\"}]},{\"@type\":\"WebSite\",\"@id\":\"https:\/\/www.turbine-vockerode.de\/#website\",\"url\":\"https:\/\/www.turbine-vockerode.de\/\",\"name\":\"SG &quot;Turbine&quot; Vockerode e.V.\",\"description\":\"Energie im Herz. Stark im Team.\",\"publisher\":{\"@id\":\"https:\/\/www.turbine-vockerode.de\/#organization\"},\"potentialAction\":[{\"@type\":\"SearchAction\",\"target\":{\"@type\":\"EntryPoint\",\"urlTemplate\":\"https:\/\/www.turbine-vockerode.de\/?s={search_term_string}\"},\"query-input\":{\"@type\":\"PropertyValueSpecification\",\"valueRequired\":true,\"valueName\":\"search_term_string\"}}],\"inLanguage\":\"de\"},{\"@type\":\"Organization\",\"@id\":\"https:\/\/www.turbine-vockerode.de\/#organization\",\"name\":\"SG &quot;Turbine&quot; Vockerode e.V.\",\"url\":\"https:\/\/www.turbine-vockerode.de\/\",\"logo\":{\"@type\":\"ImageObject\",\"inLanguage\":\"de\",\"@id\":\"https:\/\/www.turbine-vockerode.de\/#\/schema\/logo\/image\/\",\"url\":\"https:\/\/www.turbine-vockerode.de\/wp-content\/uploads\/2021\/09\/cropped-Logo_Rand_rechts.png\",\"contentUrl\":\"https:\/\/www.turbine-vockerode.de\/wp-content\/uploads\/2021\/09\/cropped-Logo_Rand_rechts.png\",\"width\":1000,\"height\":700,\"caption\":\"SG &quot;Turbine&quot; Vockerode e.V.\"},\"image\":{\"@id\":\"https:\/\/www.turbine-vockerode.de\/#\/schema\/logo\/image\/\"}}]}<\/script>\n<!-- \/ Yoast SEO plugin. -->","yoast_head_json":{"title":"Volleyball II - SG &quot;Turbine&quot; Vockerode e.V.","robots":{"index":"index","follow":"follow","max-snippet":"max-snippet:-1","max-image-preview":"max-image-preview:large","max-video-preview":"max-video-preview:-1"},"canonical":"https:\/\/www.turbine-vockerode.de\/?page_id=51","og_locale":"de_DE","og_type":"article","og_title":"Volleyball II - SG &quot;Turbine&quot; Vockerode e.V.","og_description":"Die Sportgruppe Volleyball II wurde 1985 als Frauensportgruppe ins Leben gerufen. Angefangen mit einer Mitgliederst\u00e4rke von zehn Frauen, z\u00e4hlt sie heute 18 Mitglieder. Wir beteiligen uns nicht am Wettkampfbetrieb, nehmen aber oft an Turnieren teil. Ein H\u00f6hepunkt in jedem Jahr ist im September das gro\u00dfe Volleyballturnier gemeinsam mit der Sportgruppe Volleyball I in Vockerode. Die [&hellip;]","og_url":"https:\/\/www.turbine-vockerode.de\/?page_id=51","og_site_name":"SG &quot;Turbine&quot; Vockerode e.V.","article_modified_time":"2025-02-15T14:00:55+00:00","twitter_card":"summary_large_image","twitter_misc":{"Gesch\u00e4tzte Lesezeit":"1\u00a0Minute"},"schema":{"@context":"https:\/\/schema.org","@graph":[{"@type":"WebPage","@id":"https:\/\/www.turbine-vockerode.de\/?page_id=51","url":"https:\/\/www.turbine-vockerode.de\/?page_id=51","name":"Volleyball II - SG &quot;Turbine&quot; Vockerode e.V.","isPartOf":{"@id":"https:\/\/www.turbine-vockerode.de\/#website"},"datePublished":"2014-06-18T19:48:43+00:00","dateModified":"2025-02-15T14:00:55+00:00","breadcrumb":{"@id":"https:\/\/www.turbine-vockerode.de\/?page_id=51#breadcrumb"},"inLanguage":"de","potentialAction":[{"@type":"ReadAction","target":["https:\/\/www.turbine-vockerode.de\/?page_id=51"]}]},{"@type":"BreadcrumbList","@id":"https:\/\/www.turbine-vockerode.de\/?page_id=51#breadcrumb","itemListElement":[{"@type":"ListItem","position":1,"name":"Startseite","item":"https:\/\/www.turbine-vockerode.de\/"},{"@type":"ListItem","position":2,"name":"Volleyball","item":"https:\/\/www.turbine-vockerode.de\/?page_id=47"},{"@type":"ListItem","position":3,"name":"Volleyball II"}]},{"@type":"WebSite","@id":"https:\/\/www.turbine-vockerode.de\/#website","url":"https:\/\/www.turbine-vockerode.de\/","name":"SG &quot;Turbine&quot; Vockerode e.V.","description":"Energie im Herz. Stark im Team.","publisher":{"@id":"https:\/\/www.turbine-vockerode.de\/#organization"},"potentialAction":[{"@type":"SearchAction","target":{"@type":"EntryPoint","urlTemplate":"https:\/\/www.turbine-vockerode.de\/?s={search_term_string}"},"query-input":{"@type":"PropertyValueSpecification","valueRequired":true,"valueName":"search_term_string"}}],"inLanguage":"de"},{"@type":"Organization","@id":"https:\/\/www.turbine-vockerode.de\/#organization","name":"SG &quot;Turbine&quot; Vockerode e.V.","url":"https:\/\/www.turbine-vockerode.de\/","logo":{"@type":"ImageObject","inLanguage":"de","@id":"https:\/\/www.turbine-vockerode.de\/#\/schema\/logo\/image\/","url":"https:\/\/www.turbine-vockerode.de\/wp-content\/uploads\/2021\/09\/cropped-Logo_Rand_rechts.png","contentUrl":"https:\/\/www.turbine-vockerode.de\/wp-content\/uploads\/2021\/09\/cropped-Logo_Rand_rechts.png","width":1000,"height":700,"caption":"SG &quot;Turbine&quot; Vockerode e.V."},"image":{"@id":"https:\/\/www.turbine-vockerode.de\/#\/schema\/logo\/image\/"}}]}},"_links":{"self":[{"href":"https:\/\/www.turbine-vockerode.de\/index.php?rest_route=\/wp\/v2\/pages\/51","targetHints":{"allow":["GET"]}}],"collection":[{"href":"https:\/\/www.turbine-vockerode.de\/index.php?rest_route=\/wp\/v2\/pages"}],"about":[{"href":"https:\/\/www.turbine-vockerode.de\/index.php?rest_route=\/wp\/v2\/types\/page"}],"author":[{"embeddable":true,"href":"https:\/\/www.turbine-vockerode.de\/index.php?rest_route=\/wp\/v2\/users\/1"}],"replies":[{"embeddable":true,"href":"https:\/\/www.turbine-vockerode.de\/index.php?rest_route=%2Fwp%2Fv2%2Fcomments&post=51"}],"version-history":[{"count":9,"href":"https:\/\/www.turbine-vockerode.de\/index.php?rest_route=\/wp\/v2\/pages\/51\/revisions"}],"predecessor-version":[{"id":2429,"href":"https:\/\/www.turbine-vockerode.de\/index.php?rest_route=\/wp\/v2\/pages\/51\/revisions\/2429"}],"up":[{"embeddable":true,"href":"https:\/\/www.turbine-vockerode.de\/index.php?rest_route=\/wp\/v2\/pages\/47"}],"wp:attachment":[{"href":"https:\/\/www.turbine-vockerode.de\/index.php?rest_route=%2Fwp%2Fv2%2Fmedia&parent=51"}],"curies":[{"name":"wp","href":"https:\/\/api.w.org\/{rel}","templated":true}]}}