{"id":45,"date":"2014-06-18T21:46:11","date_gmt":"2014-06-18T19:46:11","guid":{"rendered":"http:\/\/www.turbine-vockerode.de\/?page_id=45"},"modified":"2025-02-26T20:52:06","modified_gmt":"2025-02-26T19:52:06","slug":"gymnastik","status":"publish","type":"page","link":"https:\/\/www.turbine-vockerode.de\/?page_id=45","title":{"rendered":"Gymnastik"},"content":{"rendered":"<p style=\"text-align: justify;\"><img decoding=\"async\" src=\"pics\/gymnastik\/mini\/gymnastik_1.jpg\" hspace=\"20\" alt=\"\" align=\"left\">Wir sind ca. 30 sportfreudige Frauen zwischen 25 Jahren und 75 Jahren, die sich jeden Mittwoch um 19:00 Uhr zum gemeinsamen Sport treffen.<\/p>\n<p style=\"text-align: justify;\">Mit Aerobic nach Musik, Krafttraining, Bauch-Beine-Po und Entspannungs- \u00fcbungen halten wir uns fit. Gelegentlich gehen wir  gemeinsam Kegeln, Schwimmen oder zum Bowling. In den Sommermonaten sind wir mit dem Fahrrad unterwegs und erkunden die Natur unserer Heimat.<\/p>\n<p style=\"text-align: justify;\">Im Jahr 2017 haben wir erstmals gemeinsam unser \u201eDeutsches Sportabzeichen\u201c abgelegt. Die Vorbereitung und die Pr\u00fcfungen haben unseren Ehrgeiz geweckt. Viele unserer Sportfreundinnen haben f\u00fcr sich eine Bronze- oder Silbermedaille erk\u00e4mpft, eine Sportfreundin hat auf Anhieb die Goldmedaille erzielt.<\/p>\n<p style=\"text-align: justify;\">Wir freuen uns jederzeit \u00fcber neue Sportfreundinnen. Gern k\u00f6nnt ihr zwischen 18 und 99 Jahren zum \u201eSchnuppern\u201c vorbei kommen. Wartet nicht, probiert es aus!<\/p>\n<p><b>Ansprechpartner:<\/b> Silke Bremisch (Tel.: 0177\/7881425)<br \/>\n<br class=\"clear\"><\/p>\n<p><a href=\"pics\/gymnastik\/Gymnastik_Sportabzeichen_2017_11_01.jpg\"><img decoding=\"async\" style=\"border: 0px\" src=\"pics\/gymnastik\/mini\/Gymnastik_Sportabzeichen_2017_11_01.jpg\" class=\"aligncenter\"><\/a><br \/>\n<a href=\"pics\/gymnastik\/Aida_2024.jpg\"><img decoding=\"async\" style=\"border: 0px\" src=\"pics\/gymnastik\/mini\/Aida_2024.jpg\" class=\"aligncenter\"><\/a><\/p>\n","protected":false},"excerpt":{"rendered":"<p>Wir sind ca. 30 sportfreudige Frauen zwischen 25 Jahren und 75 Jahren, die sich jeden Mittwoch um 19:00 Uhr zum gemeinsamen Sport treffen. Mit Aerobic nach Musik, Krafttraining, Bauch-Beine-Po und Entspannungs- \u00fcbungen halten wir uns fit. Gelegentlich gehen wir gemeinsam Kegeln, Schwimmen oder zum Bowling. In den Sommermonaten sind wir mit dem Fahrrad unterwegs und [&hellip;]<\/p>\n","protected":false},"author":1,"featured_media":0,"parent":0,"menu_order":0,"comment_status":"closed","ping_status":"closed","template":"","meta":{"ngg_post_thumbnail":0,"footnotes":""},"class_list":["post-45","page","type-page","status-publish","hentry"],"yoast_head":"<!-- This site is optimized with the Yoast SEO plugin v26.6 - https:\/\/yoast.com\/wordpress\/plugins\/seo\/ -->\n<title>Gymnastik - SG &quot;Turbine&quot; Vockerode e.V.<\/title>\n<meta name=\"robots\" content=\"index, follow, max-snippet:-1, max-image-preview:large, max-video-preview:-1\" \/>\n<link rel=\"canonical\" href=\"https:\/\/www.turbine-vockerode.de\/?page_id=45\" \/>\n<meta property=\"og:locale\" content=\"de_DE\" \/>\n<meta property=\"og:type\" content=\"article\" \/>\n<meta property=\"og:title\" content=\"Gymnastik - SG &quot;Turbine&quot; Vockerode e.V.\" \/>\n<meta property=\"og:description\" content=\"Wir sind ca. 30 sportfreudige Frauen zwischen 25 Jahren und 75 Jahren, die sich jeden Mittwoch um 19:00 Uhr zum gemeinsamen Sport treffen. Mit Aerobic nach Musik, Krafttraining, Bauch-Beine-Po und Entspannungs- \u00fcbungen halten wir uns fit. Gelegentlich gehen wir gemeinsam Kegeln, Schwimmen oder zum Bowling. In den Sommermonaten sind wir mit dem Fahrrad unterwegs und [&hellip;]\" \/>\n<meta property=\"og:url\" content=\"https:\/\/www.turbine-vockerode.de\/?page_id=45\" \/>\n<meta property=\"og:site_name\" content=\"SG &quot;Turbine&quot; Vockerode e.V.\" \/>\n<meta property=\"article:modified_time\" content=\"2025-02-26T19:52:06+00:00\" \/>\n<meta name=\"twitter:card\" content=\"summary_large_image\" \/>\n<meta name=\"twitter:label1\" content=\"Gesch\u00e4tzte Lesezeit\" \/>\n\t<meta name=\"twitter:data1\" content=\"2\u00a0Minuten\" \/>\n<script type=\"application\/ld+json\" class=\"yoast-schema-graph\">{\"@context\":\"https:\/\/schema.org\",\"@graph\":[{\"@type\":\"WebPage\",\"@id\":\"https:\/\/www.turbine-vockerode.de\/?page_id=45\",\"url\":\"https:\/\/www.turbine-vockerode.de\/?page_id=45\",\"name\":\"Gymnastik - SG &quot;Turbine&quot; Vockerode e.V.\",\"isPartOf\":{\"@id\":\"https:\/\/www.turbine-vockerode.de\/#website\"},\"datePublished\":\"2014-06-18T19:46:11+00:00\",\"dateModified\":\"2025-02-26T19:52:06+00:00\",\"breadcrumb\":{\"@id\":\"https:\/\/www.turbine-vockerode.de\/?page_id=45#breadcrumb\"},\"inLanguage\":\"de\",\"potentialAction\":[{\"@type\":\"ReadAction\",\"target\":[\"https:\/\/www.turbine-vockerode.de\/?page_id=45\"]}]},{\"@type\":\"BreadcrumbList\",\"@id\":\"https:\/\/www.turbine-vockerode.de\/?page_id=45#breadcrumb\",\"itemListElement\":[{\"@type\":\"ListItem\",\"position\":1,\"name\":\"Startseite\",\"item\":\"https:\/\/www.turbine-vockerode.de\/\"},{\"@type\":\"ListItem\",\"position\":2,\"name\":\"Gymnastik\"}]},{\"@type\":\"WebSite\",\"@id\":\"https:\/\/www.turbine-vockerode.de\/#website\",\"url\":\"https:\/\/www.turbine-vockerode.de\/\",\"name\":\"SG &quot;Turbine&quot; Vockerode e.V.\",\"description\":\"Energie im Herz. Stark im Team.\",\"publisher\":{\"@id\":\"https:\/\/www.turbine-vockerode.de\/#organization\"},\"potentialAction\":[{\"@type\":\"SearchAction\",\"target\":{\"@type\":\"EntryPoint\",\"urlTemplate\":\"https:\/\/www.turbine-vockerode.de\/?s={search_term_string}\"},\"query-input\":{\"@type\":\"PropertyValueSpecification\",\"valueRequired\":true,\"valueName\":\"search_term_string\"}}],\"inLanguage\":\"de\"},{\"@type\":\"Organization\",\"@id\":\"https:\/\/www.turbine-vockerode.de\/#organization\",\"name\":\"SG &quot;Turbine&quot; Vockerode e.V.\",\"url\":\"https:\/\/www.turbine-vockerode.de\/\",\"logo\":{\"@type\":\"ImageObject\",\"inLanguage\":\"de\",\"@id\":\"https:\/\/www.turbine-vockerode.de\/#\/schema\/logo\/image\/\",\"url\":\"https:\/\/www.turbine-vockerode.de\/wp-content\/uploads\/2021\/09\/cropped-Logo_Rand_rechts.png\",\"contentUrl\":\"https:\/\/www.turbine-vockerode.de\/wp-content\/uploads\/2021\/09\/cropped-Logo_Rand_rechts.png\",\"width\":1000,\"height\":700,\"caption\":\"SG &quot;Turbine&quot; Vockerode e.V.\"},\"image\":{\"@id\":\"https:\/\/www.turbine-vockerode.de\/#\/schema\/logo\/image\/\"}}]}<\/script>\n<!-- \/ Yoast SEO plugin. -->","yoast_head_json":{"title":"Gymnastik - SG &quot;Turbine&quot; Vockerode e.V.","robots":{"index":"index","follow":"follow","max-snippet":"max-snippet:-1","max-image-preview":"max-image-preview:large","max-video-preview":"max-video-preview:-1"},"canonical":"https:\/\/www.turbine-vockerode.de\/?page_id=45","og_locale":"de_DE","og_type":"article","og_title":"Gymnastik - SG &quot;Turbine&quot; Vockerode e.V.","og_description":"Wir sind ca. 30 sportfreudige Frauen zwischen 25 Jahren und 75 Jahren, die sich jeden Mittwoch um 19:00 Uhr zum gemeinsamen Sport treffen. Mit Aerobic nach Musik, Krafttraining, Bauch-Beine-Po und Entspannungs- \u00fcbungen halten wir uns fit. Gelegentlich gehen wir gemeinsam Kegeln, Schwimmen oder zum Bowling. In den Sommermonaten sind wir mit dem Fahrrad unterwegs und [&hellip;]","og_url":"https:\/\/www.turbine-vockerode.de\/?page_id=45","og_site_name":"SG &quot;Turbine&quot; Vockerode e.V.","article_modified_time":"2025-02-26T19:52:06+00:00","twitter_card":"summary_large_image","twitter_misc":{"Gesch\u00e4tzte Lesezeit":"2\u00a0Minuten"},"schema":{"@context":"https:\/\/schema.org","@graph":[{"@type":"WebPage","@id":"https:\/\/www.turbine-vockerode.de\/?page_id=45","url":"https:\/\/www.turbine-vockerode.de\/?page_id=45","name":"Gymnastik - SG &quot;Turbine&quot; Vockerode e.V.","isPartOf":{"@id":"https:\/\/www.turbine-vockerode.de\/#website"},"datePublished":"2014-06-18T19:46:11+00:00","dateModified":"2025-02-26T19:52:06+00:00","breadcrumb":{"@id":"https:\/\/www.turbine-vockerode.de\/?page_id=45#breadcrumb"},"inLanguage":"de","potentialAction":[{"@type":"ReadAction","target":["https:\/\/www.turbine-vockerode.de\/?page_id=45"]}]},{"@type":"BreadcrumbList","@id":"https:\/\/www.turbine-vockerode.de\/?page_id=45#breadcrumb","itemListElement":[{"@type":"ListItem","position":1,"name":"Startseite","item":"https:\/\/www.turbine-vockerode.de\/"},{"@type":"ListItem","position":2,"name":"Gymnastik"}]},{"@type":"WebSite","@id":"https:\/\/www.turbine-vockerode.de\/#website","url":"https:\/\/www.turbine-vockerode.de\/","name":"SG &quot;Turbine&quot; Vockerode e.V.","description":"Energie im Herz. Stark im Team.","publisher":{"@id":"https:\/\/www.turbine-vockerode.de\/#organization"},"potentialAction":[{"@type":"SearchAction","target":{"@type":"EntryPoint","urlTemplate":"https:\/\/www.turbine-vockerode.de\/?s={search_term_string}"},"query-input":{"@type":"PropertyValueSpecification","valueRequired":true,"valueName":"search_term_string"}}],"inLanguage":"de"},{"@type":"Organization","@id":"https:\/\/www.turbine-vockerode.de\/#organization","name":"SG &quot;Turbine&quot; Vockerode e.V.","url":"https:\/\/www.turbine-vockerode.de\/","logo":{"@type":"ImageObject","inLanguage":"de","@id":"https:\/\/www.turbine-vockerode.de\/#\/schema\/logo\/image\/","url":"https:\/\/www.turbine-vockerode.de\/wp-content\/uploads\/2021\/09\/cropped-Logo_Rand_rechts.png","contentUrl":"https:\/\/www.turbine-vockerode.de\/wp-content\/uploads\/2021\/09\/cropped-Logo_Rand_rechts.png","width":1000,"height":700,"caption":"SG &quot;Turbine&quot; Vockerode e.V."},"image":{"@id":"https:\/\/www.turbine-vockerode.de\/#\/schema\/logo\/image\/"}}]}},"_links":{"self":[{"href":"https:\/\/www.turbine-vockerode.de\/index.php?rest_route=\/wp\/v2\/pages\/45","targetHints":{"allow":["GET"]}}],"collection":[{"href":"https:\/\/www.turbine-vockerode.de\/index.php?rest_route=\/wp\/v2\/pages"}],"about":[{"href":"https:\/\/www.turbine-vockerode.de\/index.php?rest_route=\/wp\/v2\/types\/page"}],"author":[{"embeddable":true,"href":"https:\/\/www.turbine-vockerode.de\/index.php?rest_route=\/wp\/v2\/users\/1"}],"replies":[{"embeddable":true,"href":"https:\/\/www.turbine-vockerode.de\/index.php?rest_route=%2Fwp%2Fv2%2Fcomments&post=45"}],"version-history":[{"count":11,"href":"https:\/\/www.turbine-vockerode.de\/index.php?rest_route=\/wp\/v2\/pages\/45\/revisions"}],"predecessor-version":[{"id":2460,"href":"https:\/\/www.turbine-vockerode.de\/index.php?rest_route=\/wp\/v2\/pages\/45\/revisions\/2460"}],"wp:attachment":[{"href":"https:\/\/www.turbine-vockerode.de\/index.php?rest_route=%2Fwp%2Fv2%2Fmedia&parent=45"}],"curies":[{"name":"wp","href":"https:\/\/api.w.org\/{rel}","templated":true}]}}