{"id":420,"date":"2018-09-24T20:16:49","date_gmt":"2018-09-24T18:16:49","guid":{"rendered":"http:\/\/www.turbine-vockerode.de\/?page_id=420"},"modified":"2026-01-28T08:31:49","modified_gmt":"2026-01-28T07:31:49","slug":"datenschutzerklaerung-2","status":"publish","type":"page","link":"https:\/\/www.turbine-vockerode.de\/?page_id=420","title":{"rendered":"Datenschutzerkl\u00e4rung"},"content":{"rendered":"<h3>Datenschutzhinweise im Rahmen der Mitgliedschaft<\/h3>\n<p style=\"text-align: justify;\">Mit Unterzeichnung des Mitgliedantrags erkl\u00e4rt sich das Vereinsmitglied einverstanden, das seine personenbezogenen Daten f\u00fcr die Mitgliederverwaltung verarbeitet und verwendet werden. Zus\u00e4tzlich werden ggf. f\u00fcr die \u00d6ffentlichkeitsarbeit personenbezogene Informationen (wie bspw. Spielergebnisse, Fotos, &#8230;) auf der Internetseite des Vereins ver\u00f6ffentlicht. Der Vorstand und die jeweiligen Abteilungsleitungen der Sportgemeinschaft Turbine Vockerode e.V. weisen hiermit darauf hin, dass ausreichende technische Ma\u00dfnahmen zur Gew\u00e4hrleistung des Datenschutzes getroffen wurden. Dennoch kann bei einer Ver\u00f6ffentlichung von personenbezogenen Daten im Internet ein umfassender Datenschutz nicht garantiert werden. Daher nimmt das Vereinsmitglied die Risiken einer eventuellen Pers\u00f6nlichkeitsverletzung zur Kenntnis. Das Vereinsmitglied trifft die Entscheidung zur Ver\u00f6ffentlichung seiner Daten im Internet freiwillig und kann gegen\u00fcber dem Vorstand und der jeweiligen Abteilungsleitung des Sportvereins Turbine Vockerode e.V. jederzeit widerrufen.<\/p>\n<p style=\"text-align: justify;\">F\u00fcr weitere Informationen steht ihnen unser <a href=\"https:\/\/www.turbine-vockerode.de\/?page_id=24\">Vorstand<\/a> jederzeit zur Verf\u00fcgung.<\/p>\n<p style=\"text-align: justify;\">Alle Verarbeitungst\u00e4tigkeiten personenbezogener Daten in unserem Verein sind auf unserer Website www.turbine-vockerode.de unter der Rubrik Datenschutz einsehbar.<\/p>\n<p><br class=\"clear\"><\/p>\n<h3>Datenschutzhinweise im Rahmen der Websitennutzung<\/h3>\n<h5><u>Grundlegendes<\/u><\/h5>\n<p style=\"text-align: justify;\">Diese Datenschutzerkl\u00e4rung soll die Nutzer dieser Website \u00fcber die Art, den Umfang und den Zweck der Erhebung und Verwendung personenbezogener Daten durch den Websitebetreiber SG Turbine Vockeorde e.V. informieren.<\/p>\n<p style=\"text-align: justify;\">Der Websitebetreiber nimmt Ihren Datenschutz sehr ernst und behandelt Ihre personenbezogenen Daten vertraulich und entsprechend der gesetzlichen Vorschriften. Da durch neue Technologien und die st\u00e4ndige Weiterentwicklung dieser Webseite \u00c4nderungen an dieser Datenschutzerkl\u00e4rung vorgenommen werden k\u00f6nnen, empfehlen wir Ihnen sich die Datenschutzerkl\u00e4rung in regelm\u00e4\u00dfigen Abst\u00e4nden wieder durchzulesen.<\/p>\n<p style=\"text-align: justify;\">Definitionen der verwendeten Begriffe (z.B. \u201cpersonenbezogene Daten\u201d oder \u201cVerarbeitung\u201d) finden Sie in Art. 4 DSGVO.<\/p>\n<p><br class=\"clear\"><\/p>\n<h5><u>Zugriffsdaten<\/u><\/h5>\n<p style=\"text-align: justify;\">Wir, die SG Turbine Vockerode e.V. als Betreiber dieser Website, erheben aufgrund unseres berechtigten Interesses (s. Art. 6 Abs. 1 lit. f. DSGVO) Daten \u00fcber Zugriffe auf die Website und speichern diese als \u201eServer-Logfiles\u201c auf dem Server der Website ab. Folgende Daten werden so protokolliert:<\/p>\n<ul>\n<li>Besuchte Website<\/li>\n<li>Uhrzeit zum Zeitpunkt des Zugriffes<\/li>\n<li>Menge der gesendeten Daten in Byte<\/li>\n<li>Quelle\/Verweis, von welchem Sie auf die Seite gelangten<\/li>\n<li>Verwendeter Browser<\/li>\n<li>Verwendetes Betriebssystem<\/li>\n<li>Verwendete IP-Adresse<\/li>\n<\/ul>\n<p style=\"text-align: justify;\">Die Server-Logfiles werden f\u00fcr maximal 7 Tage gespeichert und anschlie\u00dfend gel\u00f6scht. Die Speicherung der Daten erfolgt aus Sicherheitsgr\u00fcnden, um z. B. Missbrauchsf\u00e4lle aufkl\u00e4ren zu k\u00f6nnen. M\u00fcssen Daten aus Beweisgr\u00fcnden aufgehoben werden, sind sie solange von der L\u00f6schung ausgenommen bis der Vorfall endg\u00fcltig gekl\u00e4rt ist.<\/p>\n<p><br class=\"clear\"><\/p>\n<h5><u>Verwendung von Cookies<\/u><\/h5>\n<p style=\"text-align: justify;\">Unsere Website verwendet Cookies. Das sind kleine Textdateien, die es m\u00f6glich machen, auf dem Endger\u00e4t des Nutzers spezifische, auf den Nutzer bezogene Informationen zu speichern, w\u00e4hrend er die Website nutzt. Cookies erm\u00f6glichen es, insbesondere Nutzungsh\u00e4ufigkeit und Nutzeranzahl der Seiten zu ermitteln und Verhaltensweisen der Seitennutzung zu analysieren. Cookies bleiben \u00fcber das Ende einer Browser-Sitzung gespeichert und k\u00f6nnen bei einem erneuten Seitenbesuch wieder aufgerufen werden. Wenn Sie das nicht w\u00fcnschen, sollten Sie Ihren Internetbrowser so einstellen, dass er die Annahme von Cookies verweigert.<\/p>\n<p><br class=\"clear\"><\/p>\n<h5><u>Umgang mit Kontaktdaten<\/u><\/h5>\n<p style=\"text-align: justify;\">Nehmen Sie mit uns als Websitebetreiber durch die angebotenen Kontaktm\u00f6glichkeiten Verbindung auf, werden Ihre Angaben gespeichert, damit auf diese zur Bearbeitung und Beantwortung Ihrer Anfrage zur\u00fcckgegriffen werden kann. Ohne Ihre Einwilligung werden diese Daten nicht an Dritte weitergegeben.<\/p>\n<p><br class=\"clear\"><\/p>\n<h5><u>Umgang mit Kommentaren und Beitr\u00e4gen<\/u><\/h5>\n<p style=\"text-align: justify;\">Hinterlassen Sie auf dieser Website einen Beitrag oder Kommentar, wird Ihre IP-Adresse gespeichert. Dies erfolgt aufgrund unserer berechtigten Interessen im Sinne des Art. 6 Abs. 1 lit. f. DSGVO und dient der Sicherheit von uns als Websitebetreiber: Denn sollte Ihr Kommentar gegen geltendes Recht versto\u00dfen, k\u00f6nnen wir daf\u00fcr belangt werden, weshalb wir ein Interesse an der Identit\u00e4t des Kommentar- bzw. Beitragsautors haben.<\/p>\n<p><br class=\"clear\"><\/p>\n<h5><u>Einsatz des Plugins WP Statistics<\/u><\/h5>\n<p style=\"text-align: justify;\">Diese Webseite nutzt das WordPress Analyse Plugin WP Statistics. Anbieter dieses Plugins ist wp-statistics.com. Aus den Daten werden in anonymisierter Form einfache Statistiken erstellt. Dazu werden keine Nutzungsprofile erstellt und auch keine Cookies gesetzt. S\u00e4mtliche von WP Statistics erhobenen Daten werden vollst\u00e4ndig anonymisiert auf diesem Webserver gespeichert. Eine pers\u00f6nliche Identifizierung eines Besuchers ist somit, auch nachtr\u00e4glich, nicht m\u00f6glich.<\/p>\n<p><br class=\"clear\"><\/p>\n<h5><u>Einsatz des Plugins Antispam Bee<\/u><\/h5>\n<p style=\"text-align: justify;\">www.turbine-vockerode.de setzt das Plugin \u201cAntispam Bee\u201d ein, bei dem es sich um eine Open-Source-Software handelt, die in Deutschland und der Schweiz entwickelt wird. Das Plugin wird genutzt, um Spam in den Kommentaren unter den Beitr\u00e4gen zu verhindern. Das Plugin kann herausfiltern, welcher Kommentar von einem echten Menschen oder einem Spam-Bot gesetzt wurde und Spam-Kommentare automatisch sperren. Das Plugin erfasst keine Nutzerdaten (z.B. IP-Adresse).<\/p>\n<p><br class=\"clear\"><\/p>\n<h5><u>Links zu anderen Websites<\/u><\/h5>\n<p style=\"text-align: justify;\">Diese Website enth\u00e4lt Links zu externen Webseiten Dritter. F\u00fcr die Inhalte der verlinkten Seiten ist stets der jeweilige Anbieter oder Betreiber der Seiten verantwortlich. Bei Bekanntwerden von Rechtsverletzungen werden derartige Links umgehend entfernt.<\/p>\n<p><br class=\"clear\"><\/p>\n<h5><u>Rechte des Nutzers<\/u><\/h5>\n<p style=\"text-align: justify;\">Sie haben als Nutzer das Recht, auf Antrag eine kostenlose Auskunft dar\u00fcber zu erhalten, welche personenbezogenen Daten \u00fcber Sie gespeichert wurden. Sie haben au\u00dferdem das Recht auf Berichtigung falscher Daten und auf die Verarbeitungseinschr\u00e4nkung oder L\u00f6schung Ihrer personenbezogenen Daten. Falls zutreffend, k\u00f6nnen Sie auch Ihr Recht auf Datenportabilit\u00e4t geltend machen. Sollten Sie annehmen, dass Ihre Daten unrechtm\u00e4\u00dfig verarbeitet wurden, k\u00f6nnen Sie eine Beschwerde bei der zust\u00e4ndigen Aufsichtsbeh\u00f6rde einreichen.<\/p>\n<p><br class=\"clear\"><\/p>\n<h5><u>L\u00f6schung von Daten<\/u><\/h5>\n<p style=\"text-align: justify;\">Sofern Ihr Wunsch nicht mit einer gesetzlichen Pflicht zur Aufbewahrung von Daten (z. B. Vorratsdatenspeicherung) kollidiert, haben Sie ein Anrecht auf L\u00f6schung Ihrer Daten. Von uns gespeicherte Daten werden, sollten sie f\u00fcr ihre Zweckbestimmung nicht mehr vonn\u00f6ten sein und es keine gesetzlichen Aufbewahrungsfristen geben, gel\u00f6scht. Falls eine L\u00f6schung nicht durchgef\u00fchrt werden kann, da die Daten f\u00fcr zul\u00e4ssige gesetzliche Zwecke erforderlich sind, erfolgt eine Einschr\u00e4nkung der Datenverarbeitung. In diesem Fall werden die Daten gesperrt und nicht f\u00fcr andere Zwecke verarbeitet.<\/p>\n<p><br class=\"clear\"><\/p>\n<h5><u>Widerspruchsrecht<\/u><\/h5>\n<p style=\"text-align: justify;\">Nutzer dieser Webseite k\u00f6nnen von ihrem Widerspruchsrecht Gebrauch machen und der Verarbeitung ihrer personenbezogenen Daten zu jeder Zeit widersprechen.<\/p>\n<p style=\"text-align: justify;\">Wenn Sie eine Berichtigung, Sperrung, L\u00f6schung oder Auskunft \u00fcber die zu Ihrer Person gespeicherten personenbezogenen Daten w\u00fcnschen oder Fragen bzgl. der Erhebung, Verarbeitung oder Verwendung Ihrer personenbezogenen Daten haben oder erteilte Einwilligungen widerrufen m\u00f6chten, wenden Sie sich bitte an den in der Rubrik hinterlegten Kontakt.<\/p>\n","protected":false},"excerpt":{"rendered":"<p>Datenschutzhinweise im Rahmen der Mitgliedschaft Mit Unterzeichnung des Mitgliedantrags erkl\u00e4rt sich das Vereinsmitglied einverstanden, das seine personenbezogenen Daten f\u00fcr die Mitgliederverwaltung verarbeitet und verwendet werden. Zus\u00e4tzlich werden ggf. f\u00fcr die \u00d6ffentlichkeitsarbeit personenbezogene Informationen (wie bspw. Spielergebnisse, Fotos, &#8230;) auf der Internetseite des Vereins ver\u00f6ffentlicht. Der Vorstand und die jeweiligen Abteilungsleitungen der Sportgemeinschaft Turbine Vockerode e.V. [&hellip;]<\/p>\n","protected":false},"author":1,"featured_media":0,"parent":0,"menu_order":0,"comment_status":"closed","ping_status":"closed","template":"","meta":{"ngg_post_thumbnail":0,"footnotes":""},"class_list":["post-420","page","type-page","status-publish","hentry"],"yoast_head":"<!-- This site is optimized with the Yoast SEO plugin v26.6 - https:\/\/yoast.com\/wordpress\/plugins\/seo\/ -->\n<title>Datenschutzerkl\u00e4rung - SG &quot;Turbine&quot; Vockerode e.V.<\/title>\n<meta name=\"robots\" content=\"index, follow, max-snippet:-1, max-image-preview:large, max-video-preview:-1\" \/>\n<link rel=\"canonical\" href=\"https:\/\/www.turbine-vockerode.de\/?page_id=420\" \/>\n<meta property=\"og:locale\" content=\"de_DE\" \/>\n<meta property=\"og:type\" content=\"article\" \/>\n<meta property=\"og:title\" content=\"Datenschutzerkl\u00e4rung - SG &quot;Turbine&quot; Vockerode e.V.\" \/>\n<meta property=\"og:description\" content=\"Datenschutzhinweise im Rahmen der Mitgliedschaft Mit Unterzeichnung des Mitgliedantrags erkl\u00e4rt sich das Vereinsmitglied einverstanden, das seine personenbezogenen Daten f\u00fcr die Mitgliederverwaltung verarbeitet und verwendet werden. Zus\u00e4tzlich werden ggf. f\u00fcr die \u00d6ffentlichkeitsarbeit personenbezogene Informationen (wie bspw. Spielergebnisse, Fotos, &#8230;) auf der Internetseite des Vereins ver\u00f6ffentlicht. Der Vorstand und die jeweiligen Abteilungsleitungen der Sportgemeinschaft Turbine Vockerode e.V. [&hellip;]\" \/>\n<meta property=\"og:url\" content=\"https:\/\/www.turbine-vockerode.de\/?page_id=420\" \/>\n<meta property=\"og:site_name\" content=\"SG &quot;Turbine&quot; Vockerode e.V.\" \/>\n<meta property=\"article:modified_time\" content=\"2026-01-28T07:31:49+00:00\" \/>\n<meta name=\"twitter:card\" content=\"summary_large_image\" \/>\n<meta name=\"twitter:label1\" content=\"Gesch\u00e4tzte Lesezeit\" \/>\n\t<meta name=\"twitter:data1\" content=\"6\u00a0Minuten\" \/>\n<script type=\"application\/ld+json\" class=\"yoast-schema-graph\">{\"@context\":\"https:\/\/schema.org\",\"@graph\":[{\"@type\":\"WebPage\",\"@id\":\"https:\/\/www.turbine-vockerode.de\/?page_id=420\",\"url\":\"https:\/\/www.turbine-vockerode.de\/?page_id=420\",\"name\":\"Datenschutzerkl\u00e4rung - SG &quot;Turbine&quot; Vockerode e.V.\",\"isPartOf\":{\"@id\":\"https:\/\/www.turbine-vockerode.de\/#website\"},\"datePublished\":\"2018-09-24T18:16:49+00:00\",\"dateModified\":\"2026-01-28T07:31:49+00:00\",\"breadcrumb\":{\"@id\":\"https:\/\/www.turbine-vockerode.de\/?page_id=420#breadcrumb\"},\"inLanguage\":\"de\",\"potentialAction\":[{\"@type\":\"ReadAction\",\"target\":[\"https:\/\/www.turbine-vockerode.de\/?page_id=420\"]}]},{\"@type\":\"BreadcrumbList\",\"@id\":\"https:\/\/www.turbine-vockerode.de\/?page_id=420#breadcrumb\",\"itemListElement\":[{\"@type\":\"ListItem\",\"position\":1,\"name\":\"Startseite\",\"item\":\"https:\/\/www.turbine-vockerode.de\/\"},{\"@type\":\"ListItem\",\"position\":2,\"name\":\"Datenschutzerkl\u00e4rung\"}]},{\"@type\":\"WebSite\",\"@id\":\"https:\/\/www.turbine-vockerode.de\/#website\",\"url\":\"https:\/\/www.turbine-vockerode.de\/\",\"name\":\"SG &quot;Turbine&quot; Vockerode e.V.\",\"description\":\"Energie im Herz. Stark im Team.\",\"publisher\":{\"@id\":\"https:\/\/www.turbine-vockerode.de\/#organization\"},\"potentialAction\":[{\"@type\":\"SearchAction\",\"target\":{\"@type\":\"EntryPoint\",\"urlTemplate\":\"https:\/\/www.turbine-vockerode.de\/?s={search_term_string}\"},\"query-input\":{\"@type\":\"PropertyValueSpecification\",\"valueRequired\":true,\"valueName\":\"search_term_string\"}}],\"inLanguage\":\"de\"},{\"@type\":\"Organization\",\"@id\":\"https:\/\/www.turbine-vockerode.de\/#organization\",\"name\":\"SG &quot;Turbine&quot; Vockerode e.V.\",\"url\":\"https:\/\/www.turbine-vockerode.de\/\",\"logo\":{\"@type\":\"ImageObject\",\"inLanguage\":\"de\",\"@id\":\"https:\/\/www.turbine-vockerode.de\/#\/schema\/logo\/image\/\",\"url\":\"https:\/\/www.turbine-vockerode.de\/wp-content\/uploads\/2021\/09\/cropped-Logo_Rand_rechts.png\",\"contentUrl\":\"https:\/\/www.turbine-vockerode.de\/wp-content\/uploads\/2021\/09\/cropped-Logo_Rand_rechts.png\",\"width\":1000,\"height\":700,\"caption\":\"SG &quot;Turbine&quot; Vockerode e.V.\"},\"image\":{\"@id\":\"https:\/\/www.turbine-vockerode.de\/#\/schema\/logo\/image\/\"}}]}<\/script>\n<!-- \/ Yoast SEO plugin. -->","yoast_head_json":{"title":"Datenschutzerkl\u00e4rung - SG &quot;Turbine&quot; Vockerode e.V.","robots":{"index":"index","follow":"follow","max-snippet":"max-snippet:-1","max-image-preview":"max-image-preview:large","max-video-preview":"max-video-preview:-1"},"canonical":"https:\/\/www.turbine-vockerode.de\/?page_id=420","og_locale":"de_DE","og_type":"article","og_title":"Datenschutzerkl\u00e4rung - SG &quot;Turbine&quot; Vockerode e.V.","og_description":"Datenschutzhinweise im Rahmen der Mitgliedschaft Mit Unterzeichnung des Mitgliedantrags erkl\u00e4rt sich das Vereinsmitglied einverstanden, das seine personenbezogenen Daten f\u00fcr die Mitgliederverwaltung verarbeitet und verwendet werden. Zus\u00e4tzlich werden ggf. f\u00fcr die \u00d6ffentlichkeitsarbeit personenbezogene Informationen (wie bspw. Spielergebnisse, Fotos, &#8230;) auf der Internetseite des Vereins ver\u00f6ffentlicht. Der Vorstand und die jeweiligen Abteilungsleitungen der Sportgemeinschaft Turbine Vockerode e.V. [&hellip;]","og_url":"https:\/\/www.turbine-vockerode.de\/?page_id=420","og_site_name":"SG &quot;Turbine&quot; Vockerode e.V.","article_modified_time":"2026-01-28T07:31:49+00:00","twitter_card":"summary_large_image","twitter_misc":{"Gesch\u00e4tzte Lesezeit":"6\u00a0Minuten"},"schema":{"@context":"https:\/\/schema.org","@graph":[{"@type":"WebPage","@id":"https:\/\/www.turbine-vockerode.de\/?page_id=420","url":"https:\/\/www.turbine-vockerode.de\/?page_id=420","name":"Datenschutzerkl\u00e4rung - SG &quot;Turbine&quot; Vockerode e.V.","isPartOf":{"@id":"https:\/\/www.turbine-vockerode.de\/#website"},"datePublished":"2018-09-24T18:16:49+00:00","dateModified":"2026-01-28T07:31:49+00:00","breadcrumb":{"@id":"https:\/\/www.turbine-vockerode.de\/?page_id=420#breadcrumb"},"inLanguage":"de","potentialAction":[{"@type":"ReadAction","target":["https:\/\/www.turbine-vockerode.de\/?page_id=420"]}]},{"@type":"BreadcrumbList","@id":"https:\/\/www.turbine-vockerode.de\/?page_id=420#breadcrumb","itemListElement":[{"@type":"ListItem","position":1,"name":"Startseite","item":"https:\/\/www.turbine-vockerode.de\/"},{"@type":"ListItem","position":2,"name":"Datenschutzerkl\u00e4rung"}]},{"@type":"WebSite","@id":"https:\/\/www.turbine-vockerode.de\/#website","url":"https:\/\/www.turbine-vockerode.de\/","name":"SG &quot;Turbine&quot; Vockerode e.V.","description":"Energie im Herz. Stark im Team.","publisher":{"@id":"https:\/\/www.turbine-vockerode.de\/#organization"},"potentialAction":[{"@type":"SearchAction","target":{"@type":"EntryPoint","urlTemplate":"https:\/\/www.turbine-vockerode.de\/?s={search_term_string}"},"query-input":{"@type":"PropertyValueSpecification","valueRequired":true,"valueName":"search_term_string"}}],"inLanguage":"de"},{"@type":"Organization","@id":"https:\/\/www.turbine-vockerode.de\/#organization","name":"SG &quot;Turbine&quot; Vockerode e.V.","url":"https:\/\/www.turbine-vockerode.de\/","logo":{"@type":"ImageObject","inLanguage":"de","@id":"https:\/\/www.turbine-vockerode.de\/#\/schema\/logo\/image\/","url":"https:\/\/www.turbine-vockerode.de\/wp-content\/uploads\/2021\/09\/cropped-Logo_Rand_rechts.png","contentUrl":"https:\/\/www.turbine-vockerode.de\/wp-content\/uploads\/2021\/09\/cropped-Logo_Rand_rechts.png","width":1000,"height":700,"caption":"SG &quot;Turbine&quot; Vockerode e.V."},"image":{"@id":"https:\/\/www.turbine-vockerode.de\/#\/schema\/logo\/image\/"}}]}},"_links":{"self":[{"href":"https:\/\/www.turbine-vockerode.de\/index.php?rest_route=\/wp\/v2\/pages\/420","targetHints":{"allow":["GET"]}}],"collection":[{"href":"https:\/\/www.turbine-vockerode.de\/index.php?rest_route=\/wp\/v2\/pages"}],"about":[{"href":"https:\/\/www.turbine-vockerode.de\/index.php?rest_route=\/wp\/v2\/types\/page"}],"author":[{"embeddable":true,"href":"https:\/\/www.turbine-vockerode.de\/index.php?rest_route=\/wp\/v2\/users\/1"}],"replies":[{"embeddable":true,"href":"https:\/\/www.turbine-vockerode.de\/index.php?rest_route=%2Fwp%2Fv2%2Fcomments&post=420"}],"version-history":[{"count":14,"href":"https:\/\/www.turbine-vockerode.de\/index.php?rest_route=\/wp\/v2\/pages\/420\/revisions"}],"predecessor-version":[{"id":2730,"href":"https:\/\/www.turbine-vockerode.de\/index.php?rest_route=\/wp\/v2\/pages\/420\/revisions\/2730"}],"wp:attachment":[{"href":"https:\/\/www.turbine-vockerode.de\/index.php?rest_route=%2Fwp%2Fv2%2Fmedia&parent=420"}],"curies":[{"name":"wp","href":"https:\/\/api.w.org\/{rel}","templated":true}]}}