{"id":38,"date":"2014-06-18T21:42:51","date_gmt":"2014-06-18T19:42:51","guid":{"rendered":"http:\/\/www.turbine-vockerode.de\/?page_id=38"},"modified":"2025-02-12T22:22:27","modified_gmt":"2025-02-12T21:22:27","slug":"badminton","status":"publish","type":"page","link":"https:\/\/www.turbine-vockerode.de\/?page_id=38","title":{"rendered":"Badminton"},"content":{"rendered":"<p align=\"justify\"><img decoding=\"async\" src=\"pics\/badminton\/mini\/badminton_1.jpg\" hspace=\"20\" alt=\"\" align=\"left\"><\/p>\n<p style=\"text-align: justify;\">Die Abteilung Badminton wurde am 08.04.1981 mit neun Mitgliedern gegr\u00fcndet. Zur Zeit sind wir 27 Mitglieder im Alter von 12 bis 68 Jahren, davon sind 19 Kinder &amp; Jugendliche. Wir sind im <a href=\"https:\/\/www.blsa.de\/\" target=\"_blank\" rel=\"noopener\">Badminton-Landesverband Sachsen Anhalt e.V.<\/a> organisiert.<\/p>\n<p style=\"text-align: justify;\">Unsere Kinder &amp; Jugendlichen bestreiten in der Rangliste und den Meisterschaften des Regionalbereiches Dessau die Wettk\u00e4mpfe. Die Erwachsenen spielen in der &#8222;Fl\u00e4mingliga&#8220;. Wir haben zwei Fach\u00fcbungsleiter, die das Training leiten und uns bei Wettk\u00e4mpfen im Landesverband Sachsen-Anhalt e.V. unterst\u00fctzen<\/p>\n<p style=\"text-align: justify;\">Du hast Lust, Badminton zu spielen und mit anderen Spielern so richtig Spa\u00df zu haben? Egal ob du Anf\u00e4nger oder begeisterter Hobbyspieler bist, wenn du Ballspiele und den Sport im Team magst, bist du bei uns genau richtig. Die sportliche Bewegung in der Badminton-Mannschaft wird dir gefallen.<\/p>\n<p><b>Ansprechpartner:<\/b> Kathrin Sch\u00e4fer (Tel.: 0170\/6774349)<\/p>\n<p style=\"text-align: justify;\">Wir trainieren zu den folgenden Zeiten in der <a href=\"https:\/\/www.turbine-vockerode.de\/?page_id=799\">Sporthalle<\/a> am Baumschulenweg. Unsere Turnhalle besitzt ein Badminton-Spielfeld.<\/p>\n<p><br class=\"clear\"><\/p>\n<table cellspacing=\"0\" border=\"0\" align=\"center\">\n<tbody>\n<tr>\n<td width=\"120\"><strong>Tag<\/strong><\/td>\n<td width=\"170\"><strong>Zeit<\/strong><\/td>\n<td><strong>Altersklasse<\/strong><\/td>\n<\/tr>\n<tr>\n<td valign=\"top\">Dienstag<\/td>\n<td>\n16.30 &#8211; 18.30 Uhr<br \/>\n18.30 &#8211; 20.00 Uhr<\/td>\n<td>\nKinder und Jugendliche (U11 \/ U13 \/ U15 \/ U17 \/ U19)<br \/>\nErwachsene<\/td>\n<\/tr>\n<\/tbody>\n<\/table>\n","protected":false},"excerpt":{"rendered":"<p>Die Abteilung Badminton wurde am 08.04.1981 mit neun Mitgliedern gegr\u00fcndet. Zur Zeit sind wir 27 Mitglieder im Alter von 12 bis 68 Jahren, davon sind 19 Kinder &amp; Jugendliche. Wir sind im Badminton-Landesverband Sachsen Anhalt e.V. organisiert. Unsere Kinder &amp; Jugendlichen bestreiten in der Rangliste und den Meisterschaften des Regionalbereiches Dessau die Wettk\u00e4mpfe. Die Erwachsenen [&hellip;]<\/p>\n","protected":false},"author":1,"featured_media":0,"parent":0,"menu_order":0,"comment_status":"closed","ping_status":"closed","template":"","meta":{"ngg_post_thumbnail":0,"footnotes":""},"class_list":["post-38","page","type-page","status-publish","hentry"],"yoast_head":"<!-- This site is optimized with the Yoast SEO plugin v26.6 - https:\/\/yoast.com\/wordpress\/plugins\/seo\/ -->\n<title>Badminton - SG &quot;Turbine&quot; Vockerode e.V.<\/title>\n<meta name=\"robots\" content=\"index, follow, max-snippet:-1, max-image-preview:large, max-video-preview:-1\" \/>\n<link rel=\"canonical\" href=\"https:\/\/www.turbine-vockerode.de\/?page_id=38\" \/>\n<meta property=\"og:locale\" content=\"de_DE\" \/>\n<meta property=\"og:type\" content=\"article\" \/>\n<meta property=\"og:title\" content=\"Badminton - SG &quot;Turbine&quot; Vockerode e.V.\" \/>\n<meta property=\"og:description\" content=\"Die Abteilung Badminton wurde am 08.04.1981 mit neun Mitgliedern gegr\u00fcndet. Zur Zeit sind wir 27 Mitglieder im Alter von 12 bis 68 Jahren, davon sind 19 Kinder &amp; Jugendliche. Wir sind im Badminton-Landesverband Sachsen Anhalt e.V. organisiert. Unsere Kinder &amp; Jugendlichen bestreiten in der Rangliste und den Meisterschaften des Regionalbereiches Dessau die Wettk\u00e4mpfe. Die Erwachsenen [&hellip;]\" \/>\n<meta property=\"og:url\" content=\"https:\/\/www.turbine-vockerode.de\/?page_id=38\" \/>\n<meta property=\"og:site_name\" content=\"SG &quot;Turbine&quot; Vockerode e.V.\" \/>\n<meta property=\"article:modified_time\" content=\"2025-02-12T21:22:27+00:00\" \/>\n<meta name=\"twitter:card\" content=\"summary_large_image\" \/>\n<meta name=\"twitter:label1\" content=\"Gesch\u00e4tzte Lesezeit\" \/>\n\t<meta name=\"twitter:data1\" content=\"2\u00a0Minuten\" \/>\n<script type=\"application\/ld+json\" class=\"yoast-schema-graph\">{\"@context\":\"https:\/\/schema.org\",\"@graph\":[{\"@type\":\"WebPage\",\"@id\":\"https:\/\/www.turbine-vockerode.de\/?page_id=38\",\"url\":\"https:\/\/www.turbine-vockerode.de\/?page_id=38\",\"name\":\"Badminton - SG &quot;Turbine&quot; Vockerode e.V.\",\"isPartOf\":{\"@id\":\"https:\/\/www.turbine-vockerode.de\/#website\"},\"datePublished\":\"2014-06-18T19:42:51+00:00\",\"dateModified\":\"2025-02-12T21:22:27+00:00\",\"breadcrumb\":{\"@id\":\"https:\/\/www.turbine-vockerode.de\/?page_id=38#breadcrumb\"},\"inLanguage\":\"de\",\"potentialAction\":[{\"@type\":\"ReadAction\",\"target\":[\"https:\/\/www.turbine-vockerode.de\/?page_id=38\"]}]},{\"@type\":\"BreadcrumbList\",\"@id\":\"https:\/\/www.turbine-vockerode.de\/?page_id=38#breadcrumb\",\"itemListElement\":[{\"@type\":\"ListItem\",\"position\":1,\"name\":\"Startseite\",\"item\":\"https:\/\/www.turbine-vockerode.de\/\"},{\"@type\":\"ListItem\",\"position\":2,\"name\":\"Badminton\"}]},{\"@type\":\"WebSite\",\"@id\":\"https:\/\/www.turbine-vockerode.de\/#website\",\"url\":\"https:\/\/www.turbine-vockerode.de\/\",\"name\":\"SG &quot;Turbine&quot; Vockerode e.V.\",\"description\":\"Energie im Herz. Stark im Team.\",\"publisher\":{\"@id\":\"https:\/\/www.turbine-vockerode.de\/#organization\"},\"potentialAction\":[{\"@type\":\"SearchAction\",\"target\":{\"@type\":\"EntryPoint\",\"urlTemplate\":\"https:\/\/www.turbine-vockerode.de\/?s={search_term_string}\"},\"query-input\":{\"@type\":\"PropertyValueSpecification\",\"valueRequired\":true,\"valueName\":\"search_term_string\"}}],\"inLanguage\":\"de\"},{\"@type\":\"Organization\",\"@id\":\"https:\/\/www.turbine-vockerode.de\/#organization\",\"name\":\"SG &quot;Turbine&quot; Vockerode e.V.\",\"url\":\"https:\/\/www.turbine-vockerode.de\/\",\"logo\":{\"@type\":\"ImageObject\",\"inLanguage\":\"de\",\"@id\":\"https:\/\/www.turbine-vockerode.de\/#\/schema\/logo\/image\/\",\"url\":\"https:\/\/www.turbine-vockerode.de\/wp-content\/uploads\/2021\/09\/cropped-Logo_Rand_rechts.png\",\"contentUrl\":\"https:\/\/www.turbine-vockerode.de\/wp-content\/uploads\/2021\/09\/cropped-Logo_Rand_rechts.png\",\"width\":1000,\"height\":700,\"caption\":\"SG &quot;Turbine&quot; Vockerode e.V.\"},\"image\":{\"@id\":\"https:\/\/www.turbine-vockerode.de\/#\/schema\/logo\/image\/\"}}]}<\/script>\n<!-- \/ Yoast SEO plugin. -->","yoast_head_json":{"title":"Badminton - SG &quot;Turbine&quot; Vockerode e.V.","robots":{"index":"index","follow":"follow","max-snippet":"max-snippet:-1","max-image-preview":"max-image-preview:large","max-video-preview":"max-video-preview:-1"},"canonical":"https:\/\/www.turbine-vockerode.de\/?page_id=38","og_locale":"de_DE","og_type":"article","og_title":"Badminton - SG &quot;Turbine&quot; Vockerode e.V.","og_description":"Die Abteilung Badminton wurde am 08.04.1981 mit neun Mitgliedern gegr\u00fcndet. Zur Zeit sind wir 27 Mitglieder im Alter von 12 bis 68 Jahren, davon sind 19 Kinder &amp; Jugendliche. Wir sind im Badminton-Landesverband Sachsen Anhalt e.V. organisiert. Unsere Kinder &amp; Jugendlichen bestreiten in der Rangliste und den Meisterschaften des Regionalbereiches Dessau die Wettk\u00e4mpfe. Die Erwachsenen [&hellip;]","og_url":"https:\/\/www.turbine-vockerode.de\/?page_id=38","og_site_name":"SG &quot;Turbine&quot; Vockerode e.V.","article_modified_time":"2025-02-12T21:22:27+00:00","twitter_card":"summary_large_image","twitter_misc":{"Gesch\u00e4tzte Lesezeit":"2\u00a0Minuten"},"schema":{"@context":"https:\/\/schema.org","@graph":[{"@type":"WebPage","@id":"https:\/\/www.turbine-vockerode.de\/?page_id=38","url":"https:\/\/www.turbine-vockerode.de\/?page_id=38","name":"Badminton - SG &quot;Turbine&quot; Vockerode e.V.","isPartOf":{"@id":"https:\/\/www.turbine-vockerode.de\/#website"},"datePublished":"2014-06-18T19:42:51+00:00","dateModified":"2025-02-12T21:22:27+00:00","breadcrumb":{"@id":"https:\/\/www.turbine-vockerode.de\/?page_id=38#breadcrumb"},"inLanguage":"de","potentialAction":[{"@type":"ReadAction","target":["https:\/\/www.turbine-vockerode.de\/?page_id=38"]}]},{"@type":"BreadcrumbList","@id":"https:\/\/www.turbine-vockerode.de\/?page_id=38#breadcrumb","itemListElement":[{"@type":"ListItem","position":1,"name":"Startseite","item":"https:\/\/www.turbine-vockerode.de\/"},{"@type":"ListItem","position":2,"name":"Badminton"}]},{"@type":"WebSite","@id":"https:\/\/www.turbine-vockerode.de\/#website","url":"https:\/\/www.turbine-vockerode.de\/","name":"SG &quot;Turbine&quot; Vockerode e.V.","description":"Energie im Herz. Stark im Team.","publisher":{"@id":"https:\/\/www.turbine-vockerode.de\/#organization"},"potentialAction":[{"@type":"SearchAction","target":{"@type":"EntryPoint","urlTemplate":"https:\/\/www.turbine-vockerode.de\/?s={search_term_string}"},"query-input":{"@type":"PropertyValueSpecification","valueRequired":true,"valueName":"search_term_string"}}],"inLanguage":"de"},{"@type":"Organization","@id":"https:\/\/www.turbine-vockerode.de\/#organization","name":"SG &quot;Turbine&quot; Vockerode e.V.","url":"https:\/\/www.turbine-vockerode.de\/","logo":{"@type":"ImageObject","inLanguage":"de","@id":"https:\/\/www.turbine-vockerode.de\/#\/schema\/logo\/image\/","url":"https:\/\/www.turbine-vockerode.de\/wp-content\/uploads\/2021\/09\/cropped-Logo_Rand_rechts.png","contentUrl":"https:\/\/www.turbine-vockerode.de\/wp-content\/uploads\/2021\/09\/cropped-Logo_Rand_rechts.png","width":1000,"height":700,"caption":"SG &quot;Turbine&quot; Vockerode e.V."},"image":{"@id":"https:\/\/www.turbine-vockerode.de\/#\/schema\/logo\/image\/"}}]}},"_links":{"self":[{"href":"https:\/\/www.turbine-vockerode.de\/index.php?rest_route=\/wp\/v2\/pages\/38","targetHints":{"allow":["GET"]}}],"collection":[{"href":"https:\/\/www.turbine-vockerode.de\/index.php?rest_route=\/wp\/v2\/pages"}],"about":[{"href":"https:\/\/www.turbine-vockerode.de\/index.php?rest_route=\/wp\/v2\/types\/page"}],"author":[{"embeddable":true,"href":"https:\/\/www.turbine-vockerode.de\/index.php?rest_route=\/wp\/v2\/users\/1"}],"replies":[{"embeddable":true,"href":"https:\/\/www.turbine-vockerode.de\/index.php?rest_route=%2Fwp%2Fv2%2Fcomments&post=38"}],"version-history":[{"count":30,"href":"https:\/\/www.turbine-vockerode.de\/index.php?rest_route=\/wp\/v2\/pages\/38\/revisions"}],"predecessor-version":[{"id":2422,"href":"https:\/\/www.turbine-vockerode.de\/index.php?rest_route=\/wp\/v2\/pages\/38\/revisions\/2422"}],"wp:attachment":[{"href":"https:\/\/www.turbine-vockerode.de\/index.php?rest_route=%2Fwp%2Fv2%2Fmedia&parent=38"}],"curies":[{"name":"wp","href":"https:\/\/api.w.org\/{rel}","templated":true}]}}