{"id":32,"date":"2014-06-18T21:27:50","date_gmt":"2014-06-18T19:27:50","guid":{"rendered":"http:\/\/www.turbine-vockerode.de\/?page_id=32"},"modified":"2026-02-23T20:20:38","modified_gmt":"2026-02-23T19:20:38","slug":"kontakt","status":"publish","type":"page","link":"https:\/\/www.turbine-vockerode.de\/?page_id=32","title":{"rendered":"Kontakt"},"content":{"rendered":"<table border=\"0\">\n<tbody>\n<tr valign=\"top\" align=\"left\">\n<td width=\"130\" height=\"65\" align=\"left\"><strong>Anschrift<\/strong><\/td>\n<td align=\"left\">SG &#8222;Turbine&#8220; Vockerode e.V<br \/>\nBaumschulenweg 8<br \/>\n06785 Oranienbaum-W\u00f6rlitz, OT Vockerode<\/td>\n<td rowspan=\"3\"><img decoding=\"async\" src=\"pics\/kontakt\/kontakt.jpg\"><\/td>\n<\/tr>\n<tr valign=\"top\" align=\"left\">\n<td width=\"130\" height=\"30\"><strong>Telefon<\/strong><\/td>\n<td>allgemeine Anfragen:<br \/>\n0171\/7793590<br class=\"clear\"><br \/>\nAnfragen zum Bootssteg oder Bootshaus:<br \/>\n0160\/94511867<br class=\"clear\"><br \/>\nAnfragen zum Reha-Sport:<br \/>\n0151\/70086033\n<\/td>\n<\/tr>\n<tr valign=\"top\" align=\"left\">\n<td><strong>E-Mail<\/strong><\/td>\n<td>SGTurbineVocke@aol.com<\/td>\n<\/tr>\n<\/tbody>\n<\/table>\n<p>F\u00fcr Fragen, W\u00fcnsche oder Anregungen k\u00f6nnen Sie auch gern unser <a href=\"https:\/\/www.turbine-vockerode.de\/?page_id=73\">G\u00e4stebuch<\/a> benutzen.<br \/>\n<br class=\"clear\"><\/p>\n<h3>Vermietung Bootshaus<\/h3>\n<p style=\"text-align: justify;\">M\u00f6chten Sie in unserem <a href=\"https:\/\/www.turbine-vockerode.de\/?page_id=63\">Bootssteg<\/a> anlegen und\/oder in unserem idyllischen <a href=\"https:\/\/www.turbine-vockerode.de\/?page_id=62\">Bootshaus<\/a> \u00fcbernachten, wenden Sie sich bitte an unseren Bootshauswart (Tel.: 0160\/94511867) oder per Mail an den Vorsitzenden der Abteilung Wasserwandern (Mail: <a href=\"mailto:fa.meissner@freenet.de\">fa.meissner@freenet.de<\/a>).<\/p>\n","protected":false},"excerpt":{"rendered":"<p>Anschrift SG &#8222;Turbine&#8220; Vockerode e.V Baumschulenweg 8 06785 Oranienbaum-W\u00f6rlitz, OT Vockerode Telefon allgemeine Anfragen: 0171\/7793590 Anfragen zum Bootssteg oder Bootshaus: 0160\/94511867 Anfragen zum Reha-Sport: 0151\/70086033 E-Mail SGTurbineVocke@aol.com F\u00fcr Fragen, W\u00fcnsche oder Anregungen k\u00f6nnen Sie auch gern unser G\u00e4stebuch benutzen. Vermietung Bootshaus M\u00f6chten Sie in unserem Bootssteg anlegen und\/oder in unserem idyllischen Bootshaus \u00fcbernachten, wenden Sie [&hellip;]<\/p>\n","protected":false},"author":1,"featured_media":0,"parent":0,"menu_order":5,"comment_status":"closed","ping_status":"closed","template":"","meta":{"ngg_post_thumbnail":0,"footnotes":""},"class_list":["post-32","page","type-page","status-publish","hentry"],"yoast_head":"<!-- This site is optimized with the Yoast SEO plugin v26.6 - https:\/\/yoast.com\/wordpress\/plugins\/seo\/ -->\n<title>Kontakt - SG &quot;Turbine&quot; Vockerode e.V.<\/title>\n<meta name=\"robots\" content=\"index, follow, max-snippet:-1, max-image-preview:large, max-video-preview:-1\" \/>\n<link rel=\"canonical\" href=\"https:\/\/www.turbine-vockerode.de\/?page_id=32\" \/>\n<meta property=\"og:locale\" content=\"de_DE\" \/>\n<meta property=\"og:type\" content=\"article\" \/>\n<meta property=\"og:title\" content=\"Kontakt - SG &quot;Turbine&quot; Vockerode e.V.\" \/>\n<meta property=\"og:description\" content=\"Anschrift SG &#8222;Turbine&#8220; Vockerode e.V Baumschulenweg 8 06785 Oranienbaum-W\u00f6rlitz, OT Vockerode Telefon allgemeine Anfragen: 0171\/7793590 Anfragen zum Bootssteg oder Bootshaus: 0160\/94511867 Anfragen zum Reha-Sport: 0151\/70086033 E-Mail SGTurbineVocke@aol.com F\u00fcr Fragen, W\u00fcnsche oder Anregungen k\u00f6nnen Sie auch gern unser G\u00e4stebuch benutzen. Vermietung Bootshaus M\u00f6chten Sie in unserem Bootssteg anlegen und\/oder in unserem idyllischen Bootshaus \u00fcbernachten, wenden Sie [&hellip;]\" \/>\n<meta property=\"og:url\" content=\"https:\/\/www.turbine-vockerode.de\/?page_id=32\" \/>\n<meta property=\"og:site_name\" content=\"SG &quot;Turbine&quot; Vockerode e.V.\" \/>\n<meta property=\"article:modified_time\" content=\"2026-02-23T19:20:38+00:00\" \/>\n<meta name=\"twitter:card\" content=\"summary_large_image\" \/>\n<meta name=\"twitter:label1\" content=\"Gesch\u00e4tzte Lesezeit\" \/>\n\t<meta name=\"twitter:data1\" content=\"1\u00a0Minute\" \/>\n<script type=\"application\/ld+json\" class=\"yoast-schema-graph\">{\"@context\":\"https:\/\/schema.org\",\"@graph\":[{\"@type\":\"WebPage\",\"@id\":\"https:\/\/www.turbine-vockerode.de\/?page_id=32\",\"url\":\"https:\/\/www.turbine-vockerode.de\/?page_id=32\",\"name\":\"Kontakt - SG &quot;Turbine&quot; Vockerode e.V.\",\"isPartOf\":{\"@id\":\"https:\/\/www.turbine-vockerode.de\/#website\"},\"datePublished\":\"2014-06-18T19:27:50+00:00\",\"dateModified\":\"2026-02-23T19:20:38+00:00\",\"breadcrumb\":{\"@id\":\"https:\/\/www.turbine-vockerode.de\/?page_id=32#breadcrumb\"},\"inLanguage\":\"de\",\"potentialAction\":[{\"@type\":\"ReadAction\",\"target\":[\"https:\/\/www.turbine-vockerode.de\/?page_id=32\"]}]},{\"@type\":\"BreadcrumbList\",\"@id\":\"https:\/\/www.turbine-vockerode.de\/?page_id=32#breadcrumb\",\"itemListElement\":[{\"@type\":\"ListItem\",\"position\":1,\"name\":\"Startseite\",\"item\":\"https:\/\/www.turbine-vockerode.de\/\"},{\"@type\":\"ListItem\",\"position\":2,\"name\":\"Kontakt\"}]},{\"@type\":\"WebSite\",\"@id\":\"https:\/\/www.turbine-vockerode.de\/#website\",\"url\":\"https:\/\/www.turbine-vockerode.de\/\",\"name\":\"SG &quot;Turbine&quot; Vockerode e.V.\",\"description\":\"Energie im Herz. Stark im Team.\",\"publisher\":{\"@id\":\"https:\/\/www.turbine-vockerode.de\/#organization\"},\"potentialAction\":[{\"@type\":\"SearchAction\",\"target\":{\"@type\":\"EntryPoint\",\"urlTemplate\":\"https:\/\/www.turbine-vockerode.de\/?s={search_term_string}\"},\"query-input\":{\"@type\":\"PropertyValueSpecification\",\"valueRequired\":true,\"valueName\":\"search_term_string\"}}],\"inLanguage\":\"de\"},{\"@type\":\"Organization\",\"@id\":\"https:\/\/www.turbine-vockerode.de\/#organization\",\"name\":\"SG &quot;Turbine&quot; Vockerode e.V.\",\"url\":\"https:\/\/www.turbine-vockerode.de\/\",\"logo\":{\"@type\":\"ImageObject\",\"inLanguage\":\"de\",\"@id\":\"https:\/\/www.turbine-vockerode.de\/#\/schema\/logo\/image\/\",\"url\":\"https:\/\/www.turbine-vockerode.de\/wp-content\/uploads\/2021\/09\/cropped-Logo_Rand_rechts.png\",\"contentUrl\":\"https:\/\/www.turbine-vockerode.de\/wp-content\/uploads\/2021\/09\/cropped-Logo_Rand_rechts.png\",\"width\":1000,\"height\":700,\"caption\":\"SG &quot;Turbine&quot; Vockerode e.V.\"},\"image\":{\"@id\":\"https:\/\/www.turbine-vockerode.de\/#\/schema\/logo\/image\/\"}}]}<\/script>\n<!-- \/ Yoast SEO plugin. -->","yoast_head_json":{"title":"Kontakt - SG &quot;Turbine&quot; Vockerode e.V.","robots":{"index":"index","follow":"follow","max-snippet":"max-snippet:-1","max-image-preview":"max-image-preview:large","max-video-preview":"max-video-preview:-1"},"canonical":"https:\/\/www.turbine-vockerode.de\/?page_id=32","og_locale":"de_DE","og_type":"article","og_title":"Kontakt - SG &quot;Turbine&quot; Vockerode e.V.","og_description":"Anschrift SG &#8222;Turbine&#8220; Vockerode e.V Baumschulenweg 8 06785 Oranienbaum-W\u00f6rlitz, OT Vockerode Telefon allgemeine Anfragen: 0171\/7793590 Anfragen zum Bootssteg oder Bootshaus: 0160\/94511867 Anfragen zum Reha-Sport: 0151\/70086033 E-Mail SGTurbineVocke@aol.com F\u00fcr Fragen, W\u00fcnsche oder Anregungen k\u00f6nnen Sie auch gern unser G\u00e4stebuch benutzen. Vermietung Bootshaus M\u00f6chten Sie in unserem Bootssteg anlegen und\/oder in unserem idyllischen Bootshaus \u00fcbernachten, wenden Sie [&hellip;]","og_url":"https:\/\/www.turbine-vockerode.de\/?page_id=32","og_site_name":"SG &quot;Turbine&quot; Vockerode e.V.","article_modified_time":"2026-02-23T19:20:38+00:00","twitter_card":"summary_large_image","twitter_misc":{"Gesch\u00e4tzte Lesezeit":"1\u00a0Minute"},"schema":{"@context":"https:\/\/schema.org","@graph":[{"@type":"WebPage","@id":"https:\/\/www.turbine-vockerode.de\/?page_id=32","url":"https:\/\/www.turbine-vockerode.de\/?page_id=32","name":"Kontakt - SG &quot;Turbine&quot; Vockerode e.V.","isPartOf":{"@id":"https:\/\/www.turbine-vockerode.de\/#website"},"datePublished":"2014-06-18T19:27:50+00:00","dateModified":"2026-02-23T19:20:38+00:00","breadcrumb":{"@id":"https:\/\/www.turbine-vockerode.de\/?page_id=32#breadcrumb"},"inLanguage":"de","potentialAction":[{"@type":"ReadAction","target":["https:\/\/www.turbine-vockerode.de\/?page_id=32"]}]},{"@type":"BreadcrumbList","@id":"https:\/\/www.turbine-vockerode.de\/?page_id=32#breadcrumb","itemListElement":[{"@type":"ListItem","position":1,"name":"Startseite","item":"https:\/\/www.turbine-vockerode.de\/"},{"@type":"ListItem","position":2,"name":"Kontakt"}]},{"@type":"WebSite","@id":"https:\/\/www.turbine-vockerode.de\/#website","url":"https:\/\/www.turbine-vockerode.de\/","name":"SG &quot;Turbine&quot; Vockerode e.V.","description":"Energie im Herz. Stark im Team.","publisher":{"@id":"https:\/\/www.turbine-vockerode.de\/#organization"},"potentialAction":[{"@type":"SearchAction","target":{"@type":"EntryPoint","urlTemplate":"https:\/\/www.turbine-vockerode.de\/?s={search_term_string}"},"query-input":{"@type":"PropertyValueSpecification","valueRequired":true,"valueName":"search_term_string"}}],"inLanguage":"de"},{"@type":"Organization","@id":"https:\/\/www.turbine-vockerode.de\/#organization","name":"SG &quot;Turbine&quot; Vockerode e.V.","url":"https:\/\/www.turbine-vockerode.de\/","logo":{"@type":"ImageObject","inLanguage":"de","@id":"https:\/\/www.turbine-vockerode.de\/#\/schema\/logo\/image\/","url":"https:\/\/www.turbine-vockerode.de\/wp-content\/uploads\/2021\/09\/cropped-Logo_Rand_rechts.png","contentUrl":"https:\/\/www.turbine-vockerode.de\/wp-content\/uploads\/2021\/09\/cropped-Logo_Rand_rechts.png","width":1000,"height":700,"caption":"SG &quot;Turbine&quot; Vockerode e.V."},"image":{"@id":"https:\/\/www.turbine-vockerode.de\/#\/schema\/logo\/image\/"}}]}},"_links":{"self":[{"href":"https:\/\/www.turbine-vockerode.de\/index.php?rest_route=\/wp\/v2\/pages\/32","targetHints":{"allow":["GET"]}}],"collection":[{"href":"https:\/\/www.turbine-vockerode.de\/index.php?rest_route=\/wp\/v2\/pages"}],"about":[{"href":"https:\/\/www.turbine-vockerode.de\/index.php?rest_route=\/wp\/v2\/types\/page"}],"author":[{"embeddable":true,"href":"https:\/\/www.turbine-vockerode.de\/index.php?rest_route=\/wp\/v2\/users\/1"}],"replies":[{"embeddable":true,"href":"https:\/\/www.turbine-vockerode.de\/index.php?rest_route=%2Fwp%2Fv2%2Fcomments&post=32"}],"version-history":[{"count":28,"href":"https:\/\/www.turbine-vockerode.de\/index.php?rest_route=\/wp\/v2\/pages\/32\/revisions"}],"predecessor-version":[{"id":2739,"href":"https:\/\/www.turbine-vockerode.de\/index.php?rest_route=\/wp\/v2\/pages\/32\/revisions\/2739"}],"wp:attachment":[{"href":"https:\/\/www.turbine-vockerode.de\/index.php?rest_route=%2Fwp%2Fv2%2Fmedia&parent=32"}],"curies":[{"name":"wp","href":"https:\/\/api.w.org\/{rel}","templated":true}]}}