{"id":30,"date":"2014-06-18T21:26:42","date_gmt":"2014-06-18T19:26:42","guid":{"rendered":"http:\/\/www.turbine-vockerode.de\/?page_id=30"},"modified":"2018-12-09T22:22:24","modified_gmt":"2018-12-09T21:22:24","slug":"geschichte","status":"publish","type":"page","link":"https:\/\/www.turbine-vockerode.de\/?page_id=30","title":{"rendered":"Geschichte"},"content":{"rendered":"<p style=\"text-align: justify;\"><a href=\"pics\/geschichte\/fahnenweihe.jpg\"><img decoding=\"async\" style=\"border: 0px;\" src=\"pics\/geschichte\/mini\/fahnenweihe.jpg\" alt=\"Fahnenweihe des Turnvereins Vockerode\" align=\"left\"><\/a>Die Tradition des Sports in Vockerode reicht bis in die Anf\u00e4nge des vorigen Jahrhunderts. 1905 existierte ein Turnverein, der am 12. Mai 1912 die Fahnenweihe durchf\u00fchrte.<br \/>\n<br class=\"clear\"><\/p>\n<p style=\"text-align: justify;\"><a href=\"pics\/geschichte\/kegelmannschaft.jpg\"><img decoding=\"async\" style=\"border: 0px;\" src=\"pics\/geschichte\/mini\/kegelmannschaft.jpg\" alt=\"Kegelmannschaft Kreismeister 1975\" align=\"right\"><\/a>Die heutige Sportgemeinschaft sieht sich somit in einer langj\u00e4hrigen Tradition des Sports in der Gemeinde. Sie ist die Nachfolgerin der am 01. Mai 1951 gegr\u00fcndeten Betriebssportgemeinschaft &#8222;Turbine&#8220; Vockerode. Schon die Bezeichnung Turbine weist auf die enge Verbindung zu dem neu entstehenden Kraftwerk hin, welches am 10. Oktober 1954 seinen Probebetrieb aufnahm.<br \/>\n<br class=\"clear\"><\/p>\n<p style=\"text-align: justify;\"><a href=\"pics\/geschichte\/fussballer_bsg.jpg\"><img decoding=\"async\" style=\"border: 0px;\" src=\"pics\/geschichte\/mini\/fussballer_bsg.jpg\" alt=\"Fu\u00dfballer der BSG im Jahre 1954\" align=\"left\"><\/a>Erster Leiter der Sportgemeinschaft war Karl M\u00fcller. Vorwiegend wurde Fu\u00dfball und Handball gespielt. 1956 wurde eine neue Kegelbahn in Betrieb genommen, was zu einem Aufschwung der Kegelsportbewegung und zur Erringung des Kreismeisters 1957 f\u00fchrte.<\/p>\n<p><br class=\"clear\"><\/p>\n<p style=\"text-align: justify;\">Im Jahre 1961 wurde die Turnhalle im Kraftwerksgel\u00e4nde in Betrieb genommen und die Kegelbahn erweitert. In vielen freiwilligen Stunden schufen sich die Sportler des Vereins ein Sportheim, <a href=\"pics\/geschichte\/handballmannschaft.jpg\"><img decoding=\"async\" style=\"border: 0px;\" src=\"pics\/geschichte\/mini\/handballmannschaft.jpg\" alt=\"Handballmannschaft Kreismeister 1968\" align=\"right\"><\/a>welches am 07.10.1968 eingeweiht wurde. Im gleichen Jahr wurden die Handballer Kreismeister und erreichten und erreichten den Aufstieg zur Kreisliga. Die Sportbewegung im Ort wurde in den 70er und 80er Jahren zu einem bedeutenden Faktor. Im Jahre 1976 feierte die Betriebssportgemein- schaft das 25j\u00e4hrige Bestehen.<\/p>\n<p><br class=\"clear\"><\/p>\n<p style=\"text-align: justify;\"><a href=\"pics\/geschichte\/badminton_1981.jpg\"><img decoding=\"async\" src=\"pics\/geschichte\/mini\/badminton_1981.jpg\" alt=\"Badmintonspieler der 80er Jahre\" align=\"left\"><\/a> Am 8. April 1981 wurde die Sektion Badminton gegr\u00fcndet.<\/p>\n<p><br class=\"clear\"><br \/>\n<br class=\"clear\"><\/p>\n<p style=\"text-align: justify;\"><a href=\"pics\/geschichte\/ehrenplakette.jpg\"><img decoding=\"async\" style=\"border: 0px;\" src=\"pics\/geschichte\/mini\/ehrenplakette.jpg\" alt=\"Ehrenplakette\" align=\"left\"><\/a><a href=\"pics\/geschichte\/auszeichnung.jpg\"><\/a><a href=\"pics\/geschichte\/auszeichnung.jpg\"><img decoding=\"async\" src=\"pics\/geschichte\/mini\/auszeichnung.jpg\" alt=\"Auszeichnung mit der Ehrenplakette des DTSB\" align=\"right\"><\/a>Im Jahr 1986 wurde der Ort Vockerode mit der Ehrenplakette des Pr\u00e4sidiums des DTSB der DDR geehrt. Die BSG hatte daran wesentlichen Anteil. Diese Plakette wurde am 22. Mai 1986 in einer offiziellen Veranstaltung am Rathaus der Gemeinde Vockerode angebracht. Mit ihrer Verleihung wurde die Sportarbeit sowohl in den Betrieben als auch im Ort gew\u00fcrdigt. In dieser Zeit bestanden in der Betriebssportgemeinschaft 10 Sektionen (Fu\u00dfball, Handball, Volleyball, Tischtennis, Laufen, Kegeln, Badminton, Gymnastik, Wasserwandern und Lehrlingssport).<\/p>\n<p><br class=\"clear\"><\/p>\n<p style=\"text-align: justify;\">Die gesellschaftlichen Ver\u00e4nderungen der Jahre 1989\/90 f\u00fchrten zur Aufl\u00f6sung der Betriebssportgemeinschaft und zur Bildung der Sportgemeinschaft &#8222;Turbine&#8220; e.V.; diese wurde am 26. Juli 1990 im Vereinigungsregister des Kreisgerichtes Gr\u00e4fenhainichen registriert. Am 8.4.1991 wurde der SG &#8222;Turbine&#8220; e.V. die ordentliche Mitgliedschaft im Landessportbund Sachsen-Anhalt zuerkannt.<\/p>\n<p><br class=\"clear\"><\/p>\n<p style=\"text-align: justify;\">Die Abteilungen Fu\u00dfball, Kegeln und Tischtennis wurden 1998 eigene selbst\u00e4ndige Vereine. Die Abteilungen Volleyball, Wasserwandern, Gymnastik und Badminton f\u00fchrten die Tradition der urspr\u00fcnglichen Betriebssport- gemeinschaft als SG &#8222;Turbine&#8220; e.V. fort.<\/p>\n<p><br class=\"clear\"><\/p>\n<p style=\"text-align: justify;\"><a href=\"pics\/geschichte\/bootssteganlage.jpg\"><img decoding=\"async\" style=\"border: 0px;\" src=\"pics\/geschichte\/mini\/bootssteganlage.jpg\" alt=\"Bootssteganlage\" align=\"right\"><\/a>Neu gebildet wurden die Abteilungen Seniorensport 1997 und die Abteilung Skateboard und BMX (2006). Die Wasserwanderer konnten im Jahre 2005 eine neue Steganlage am Elbe-km 245,2 in Besitz nehmen. Im Jahre 2006 mietete der Verein eine zus\u00e4tzliche Sporthalle f\u00fcr die Abteilung Skateboard und BMX vom Unternehmen Vattenfall Europe.<\/p>\n","protected":false},"excerpt":{"rendered":"<p>Die Tradition des Sports in Vockerode reicht bis in die Anf\u00e4nge des vorigen Jahrhunderts. 1905 existierte ein Turnverein, der am 12. Mai 1912 die Fahnenweihe durchf\u00fchrte. Die heutige Sportgemeinschaft sieht sich somit in einer langj\u00e4hrigen Tradition des Sports in der Gemeinde. Sie ist die Nachfolgerin der am 01. Mai 1951 gegr\u00fcndeten Betriebssportgemeinschaft &#8222;Turbine&#8220; Vockerode. Schon [&hellip;]<\/p>\n","protected":false},"author":1,"featured_media":0,"parent":0,"menu_order":3,"comment_status":"closed","ping_status":"closed","template":"","meta":{"ngg_post_thumbnail":0,"footnotes":""},"class_list":["post-30","page","type-page","status-publish","hentry"],"yoast_head":"<!-- This site is optimized with the Yoast SEO plugin v26.6 - https:\/\/yoast.com\/wordpress\/plugins\/seo\/ -->\n<title>Geschichte - SG &quot;Turbine&quot; Vockerode e.V.<\/title>\n<meta name=\"robots\" content=\"index, follow, max-snippet:-1, max-image-preview:large, max-video-preview:-1\" \/>\n<link rel=\"canonical\" href=\"https:\/\/www.turbine-vockerode.de\/?page_id=30\" \/>\n<meta property=\"og:locale\" content=\"de_DE\" \/>\n<meta property=\"og:type\" content=\"article\" \/>\n<meta property=\"og:title\" content=\"Geschichte - SG &quot;Turbine&quot; Vockerode e.V.\" \/>\n<meta property=\"og:description\" content=\"Die Tradition des Sports in Vockerode reicht bis in die Anf\u00e4nge des vorigen Jahrhunderts. 1905 existierte ein Turnverein, der am 12. Mai 1912 die Fahnenweihe durchf\u00fchrte. Die heutige Sportgemeinschaft sieht sich somit in einer langj\u00e4hrigen Tradition des Sports in der Gemeinde. Sie ist die Nachfolgerin der am 01. Mai 1951 gegr\u00fcndeten Betriebssportgemeinschaft &#8222;Turbine&#8220; Vockerode. Schon [&hellip;]\" \/>\n<meta property=\"og:url\" content=\"https:\/\/www.turbine-vockerode.de\/?page_id=30\" \/>\n<meta property=\"og:site_name\" content=\"SG &quot;Turbine&quot; Vockerode e.V.\" \/>\n<meta property=\"article:modified_time\" content=\"2018-12-09T21:22:24+00:00\" \/>\n<meta name=\"twitter:card\" content=\"summary_large_image\" \/>\n<meta name=\"twitter:label1\" content=\"Gesch\u00e4tzte Lesezeit\" \/>\n\t<meta name=\"twitter:data1\" content=\"2\u00a0Minuten\" \/>\n<script type=\"application\/ld+json\" class=\"yoast-schema-graph\">{\"@context\":\"https:\/\/schema.org\",\"@graph\":[{\"@type\":\"WebPage\",\"@id\":\"https:\/\/www.turbine-vockerode.de\/?page_id=30\",\"url\":\"https:\/\/www.turbine-vockerode.de\/?page_id=30\",\"name\":\"Geschichte - SG &quot;Turbine&quot; Vockerode e.V.\",\"isPartOf\":{\"@id\":\"https:\/\/www.turbine-vockerode.de\/#website\"},\"datePublished\":\"2014-06-18T19:26:42+00:00\",\"dateModified\":\"2018-12-09T21:22:24+00:00\",\"breadcrumb\":{\"@id\":\"https:\/\/www.turbine-vockerode.de\/?page_id=30#breadcrumb\"},\"inLanguage\":\"de\",\"potentialAction\":[{\"@type\":\"ReadAction\",\"target\":[\"https:\/\/www.turbine-vockerode.de\/?page_id=30\"]}]},{\"@type\":\"BreadcrumbList\",\"@id\":\"https:\/\/www.turbine-vockerode.de\/?page_id=30#breadcrumb\",\"itemListElement\":[{\"@type\":\"ListItem\",\"position\":1,\"name\":\"Startseite\",\"item\":\"https:\/\/www.turbine-vockerode.de\/\"},{\"@type\":\"ListItem\",\"position\":2,\"name\":\"Geschichte\"}]},{\"@type\":\"WebSite\",\"@id\":\"https:\/\/www.turbine-vockerode.de\/#website\",\"url\":\"https:\/\/www.turbine-vockerode.de\/\",\"name\":\"SG &quot;Turbine&quot; Vockerode e.V.\",\"description\":\"Energie im Herz. Stark im Team.\",\"publisher\":{\"@id\":\"https:\/\/www.turbine-vockerode.de\/#organization\"},\"potentialAction\":[{\"@type\":\"SearchAction\",\"target\":{\"@type\":\"EntryPoint\",\"urlTemplate\":\"https:\/\/www.turbine-vockerode.de\/?s={search_term_string}\"},\"query-input\":{\"@type\":\"PropertyValueSpecification\",\"valueRequired\":true,\"valueName\":\"search_term_string\"}}],\"inLanguage\":\"de\"},{\"@type\":\"Organization\",\"@id\":\"https:\/\/www.turbine-vockerode.de\/#organization\",\"name\":\"SG &quot;Turbine&quot; Vockerode e.V.\",\"url\":\"https:\/\/www.turbine-vockerode.de\/\",\"logo\":{\"@type\":\"ImageObject\",\"inLanguage\":\"de\",\"@id\":\"https:\/\/www.turbine-vockerode.de\/#\/schema\/logo\/image\/\",\"url\":\"https:\/\/www.turbine-vockerode.de\/wp-content\/uploads\/2021\/09\/cropped-Logo_Rand_rechts.png\",\"contentUrl\":\"https:\/\/www.turbine-vockerode.de\/wp-content\/uploads\/2021\/09\/cropped-Logo_Rand_rechts.png\",\"width\":1000,\"height\":700,\"caption\":\"SG &quot;Turbine&quot; Vockerode e.V.\"},\"image\":{\"@id\":\"https:\/\/www.turbine-vockerode.de\/#\/schema\/logo\/image\/\"}}]}<\/script>\n<!-- \/ Yoast SEO plugin. -->","yoast_head_json":{"title":"Geschichte - SG &quot;Turbine&quot; Vockerode e.V.","robots":{"index":"index","follow":"follow","max-snippet":"max-snippet:-1","max-image-preview":"max-image-preview:large","max-video-preview":"max-video-preview:-1"},"canonical":"https:\/\/www.turbine-vockerode.de\/?page_id=30","og_locale":"de_DE","og_type":"article","og_title":"Geschichte - SG &quot;Turbine&quot; Vockerode e.V.","og_description":"Die Tradition des Sports in Vockerode reicht bis in die Anf\u00e4nge des vorigen Jahrhunderts. 1905 existierte ein Turnverein, der am 12. Mai 1912 die Fahnenweihe durchf\u00fchrte. Die heutige Sportgemeinschaft sieht sich somit in einer langj\u00e4hrigen Tradition des Sports in der Gemeinde. Sie ist die Nachfolgerin der am 01. Mai 1951 gegr\u00fcndeten Betriebssportgemeinschaft &#8222;Turbine&#8220; Vockerode. Schon [&hellip;]","og_url":"https:\/\/www.turbine-vockerode.de\/?page_id=30","og_site_name":"SG &quot;Turbine&quot; Vockerode e.V.","article_modified_time":"2018-12-09T21:22:24+00:00","twitter_card":"summary_large_image","twitter_misc":{"Gesch\u00e4tzte Lesezeit":"2\u00a0Minuten"},"schema":{"@context":"https:\/\/schema.org","@graph":[{"@type":"WebPage","@id":"https:\/\/www.turbine-vockerode.de\/?page_id=30","url":"https:\/\/www.turbine-vockerode.de\/?page_id=30","name":"Geschichte - SG &quot;Turbine&quot; Vockerode e.V.","isPartOf":{"@id":"https:\/\/www.turbine-vockerode.de\/#website"},"datePublished":"2014-06-18T19:26:42+00:00","dateModified":"2018-12-09T21:22:24+00:00","breadcrumb":{"@id":"https:\/\/www.turbine-vockerode.de\/?page_id=30#breadcrumb"},"inLanguage":"de","potentialAction":[{"@type":"ReadAction","target":["https:\/\/www.turbine-vockerode.de\/?page_id=30"]}]},{"@type":"BreadcrumbList","@id":"https:\/\/www.turbine-vockerode.de\/?page_id=30#breadcrumb","itemListElement":[{"@type":"ListItem","position":1,"name":"Startseite","item":"https:\/\/www.turbine-vockerode.de\/"},{"@type":"ListItem","position":2,"name":"Geschichte"}]},{"@type":"WebSite","@id":"https:\/\/www.turbine-vockerode.de\/#website","url":"https:\/\/www.turbine-vockerode.de\/","name":"SG &quot;Turbine&quot; Vockerode e.V.","description":"Energie im Herz. Stark im Team.","publisher":{"@id":"https:\/\/www.turbine-vockerode.de\/#organization"},"potentialAction":[{"@type":"SearchAction","target":{"@type":"EntryPoint","urlTemplate":"https:\/\/www.turbine-vockerode.de\/?s={search_term_string}"},"query-input":{"@type":"PropertyValueSpecification","valueRequired":true,"valueName":"search_term_string"}}],"inLanguage":"de"},{"@type":"Organization","@id":"https:\/\/www.turbine-vockerode.de\/#organization","name":"SG &quot;Turbine&quot; Vockerode e.V.","url":"https:\/\/www.turbine-vockerode.de\/","logo":{"@type":"ImageObject","inLanguage":"de","@id":"https:\/\/www.turbine-vockerode.de\/#\/schema\/logo\/image\/","url":"https:\/\/www.turbine-vockerode.de\/wp-content\/uploads\/2021\/09\/cropped-Logo_Rand_rechts.png","contentUrl":"https:\/\/www.turbine-vockerode.de\/wp-content\/uploads\/2021\/09\/cropped-Logo_Rand_rechts.png","width":1000,"height":700,"caption":"SG &quot;Turbine&quot; Vockerode e.V."},"image":{"@id":"https:\/\/www.turbine-vockerode.de\/#\/schema\/logo\/image\/"}}]}},"_links":{"self":[{"href":"https:\/\/www.turbine-vockerode.de\/index.php?rest_route=\/wp\/v2\/pages\/30","targetHints":{"allow":["GET"]}}],"collection":[{"href":"https:\/\/www.turbine-vockerode.de\/index.php?rest_route=\/wp\/v2\/pages"}],"about":[{"href":"https:\/\/www.turbine-vockerode.de\/index.php?rest_route=\/wp\/v2\/types\/page"}],"author":[{"embeddable":true,"href":"https:\/\/www.turbine-vockerode.de\/index.php?rest_route=\/wp\/v2\/users\/1"}],"replies":[{"embeddable":true,"href":"https:\/\/www.turbine-vockerode.de\/index.php?rest_route=%2Fwp%2Fv2%2Fcomments&post=30"}],"version-history":[{"count":26,"href":"https:\/\/www.turbine-vockerode.de\/index.php?rest_route=\/wp\/v2\/pages\/30\/revisions"}],"predecessor-version":[{"id":708,"href":"https:\/\/www.turbine-vockerode.de\/index.php?rest_route=\/wp\/v2\/pages\/30\/revisions\/708"}],"wp:attachment":[{"href":"https:\/\/www.turbine-vockerode.de\/index.php?rest_route=%2Fwp%2Fv2%2Fmedia&parent=30"}],"curies":[{"name":"wp","href":"https:\/\/api.w.org\/{rel}","templated":true}]}}