{"id":264,"date":"2014-12-29T13:06:02","date_gmt":"2014-12-29T11:06:02","guid":{"rendered":"http:\/\/www.turbine-vockerode.de\/?page_id=264"},"modified":"2026-04-19T21:50:40","modified_gmt":"2026-04-19T19:50:40","slug":"downloads","status":"publish","type":"page","link":"https:\/\/www.turbine-vockerode.de\/?page_id=264","title":{"rendered":"Downloads"},"content":{"rendered":"<p style=\"text-align: justify;\">Willkommen im Downloadbereich. Auf dieser Seite stehen Euch Antr\u00e4ge, Formulare und Presseartikel zum Download zur Verf\u00fcgung.<\/p>\n<p><br class=\"clear\"><\/p>\n<h3>Unsere Satzung<\/h3>\n<p><a href=\"downloads\/Satzung_SG_Turbine_Vockerode_2019_03_15.pdf\" target=\"_blank\" rel=\"noopener\"><img decoding=\"async\" src=\"pics\/gfx\/PDF_icon.png\" alt=\"Aufnahmeantrag Kinder\" align=\"left\"><\/a> <a href=\"downloads\/Satzung_SG_Turbine_Vockerode_2019_03_15.pdf\" target=\"_blank\" rel=\"noopener\">Satzung der SG &#8222;Turbine&#8220; Vockerode e.V<\/a><br \/>\n<font size=\"2\"><i>g\u00fcltig ab 15.03.2019<\/i><\/font><br \/>\n<br class=\"clear\"><\/p>\n<h3>Antr\u00e4ge und Formulare<\/h3>\n<p><a href=\"downloads\/Aufnahmeantrag_Kinder_SG_Turbine_Vockerode.pdf\" target=\"_blank\" rel=\"noopener\"><img decoding=\"async\" src=\"pics\/gfx\/PDF_icon.png\" alt=\"Aufnahmeantrag Kinder\" align=\"left\"><\/a> <a href=\"downloads\/Aufnahmeantrag_Kinder_SG_Turbine_Vockerode.pdf\" target=\"_blank\" rel=\"noopener\">Aufnahmeantrag Kinder<\/a><\/p>\n<p><a href=\"downloads\/Aufnahmeantrag_Erwachsene_SG_Turbine_Vockerode.pdf\" target=\"_blank\" rel=\"noopener\"><img decoding=\"async\" src=\"pics\/gfx\/PDF_icon.png\" alt=\"Aufnahmeantrag Erwachsene\" align=\"left\"><\/a> <a href=\"downloads\/Aufnahmeantrag_Erwachsene_SG_Turbine_Vockerode.pdf\" target=\"_blank\" rel=\"noopener\">Aufnahmeantrag Erwachsene<\/a><\/p>\n<p><a href=\"downloads\/Nachweis_\u00dcbunglseitert\u00e4tigkeit_SG_Turbine_Vockerode.pdf\" target=\"_blank\" rel=\"noopener\"><img decoding=\"async\" src=\"pics\/gfx\/PDF_icon.png\" alt=\"Nachweis \u00dcbungsleitert\u00e4tigkeit\" align=\"left\"><\/a> <a href=\"downloads\/Nachweis_\u00dcbunglseitert\u00e4tigkeit_SG_Turbine_Vockerode.pdf\" target=\"_blank\" rel=\"noopener\">Nachweis \u00dcbungsleitert\u00e4tigkeit<\/a><\/p>\n<p><a href=\"downloads\/Zahlungsanweisung_SG_Turbine_Vockerode.pdf\" target=\"_blank\" rel=\"noopener\"><img decoding=\"async\" src=\"pics\/gfx\/PDF_icon.png\" alt=\"Beleg Zahlungsanweisung\" align=\"left\"><\/a> <a href=\"downloads\/Zahlungsanweisung_SG_Turbine_Vockerode.pdf\" target=\"_blank\" rel=\"noopener\">Beleg Zahlungsanweisung<\/a><br \/>\n<br class=\"clear\"><\/p>\n<h3>Presseartikel<\/h3>\n<p><a href=\"presse\/MZ_Sommerfest_2022_07_22.pdf\" target=\"_blank\" rel=\"noopener noreferrer\"><img decoding=\"async\" src=\"pics\/gfx\/PDF_icon.png\" align=\"left\"><\/a><a href=\"presse\/MZ_Sommerfest_2022_07_22.pdf\" target=\"_blank\" rel=\"noopener noreferrer\"> Feier f\u00fcr den Ort und mit ihm<\/a><br \/>\n<font size=\"2\"><i>Quelle: MZ, 22.07.2022<\/i><\/font><\/p>\n<p><a href=\"presse\/Volksstimme_Volleyball_1_2019_11_15.pdf\" target=\"_blank\" rel=\"noopener noreferrer\"><img decoding=\"async\" src=\"pics\/gfx\/PDF_icon.png\" align=\"left\"><\/a><a href=\"presse\/Volksstimme_Volleyball_1_2019_11_15.pdf\" target=\"_blank\" rel=\"noopener noreferrer\"> TSV-&#8222;Monsterblocker&#8220; und &#8222;Gummib\u00e4renbande&#8220; siegreich<\/a><br \/>\n<font size=\"2\"><i>Quelle: Volksstimme, 19.11.2019<\/i><\/font><\/p>\n<p><br class=\"clear\"><\/p>\n<h3>Flyer, Logo, Banner&#8230;<\/h3>\n<p><a href=\"downloads\/Flyer_Sommerfest_2022_09_03.pdf\" target=\"_blank\" rel=\"noopener\"><img decoding=\"async\" src=\"pics\/gfx\/PDF_icon.png\" alt=\"Flyer Sommerfest - 03.09.2022\" align=\"left\"><\/a> <a href=\"downloads\/Flyer_Sommerfest_2022_09_03.pdf\" target=\"_blank\" rel=\"noopener\">Flyer Sommerfest &#8211; 03.09.2022<\/a><\/p>\n<p><a href=\"downloads\/Flyer_Line_Dance.pdf\" target=\"_blank\" rel=\"noopener\"><img decoding=\"async\" src=\"pics\/gfx\/PDF_icon.png\" align=\"left\"><\/a><a href=\"downloads\/Flyer_Line_Dance.pdf\" target=\"_blank\" rel=\"noopener\">Flyer Line Dance<\/a><\/p>\n<p><a href=\"downloads\/Flyer_Drums_Alive_Kids_Beats.pdf\" target=\"_blank\" rel=\"noopener\"><img decoding=\"async\" src=\"pics\/gfx\/PDF_icon.png\" align=\"left\"><\/a><a href=\"downloads\/Flyer_Drums_Alive_Kids_Beats.pdf\" target=\"_blank\" rel=\"noopener\">Flyer Drums Alive &#8211; Kids Beats<\/a><\/p>\n<p><a href=\"downloads\/Flyer_Tischtennis.pdf\" target=\"_blank\" rel=\"noopener\"><img decoding=\"async\" src=\"pics\/gfx\/PDF_icon.png\" align=\"left\"><\/a><a href=\"downloads\/Flyer_Tischtennis.pdf\" target=\"_blank\" rel=\"noopener\">Flyer Tischtennis<\/a><\/p>\n<p><a href=\"downloads\/Flyer_Walking_Ausdauer_auf_Dauer.pdf\" target=\"_blank\" rel=\"noopener\"><img decoding=\"async\" src=\"pics\/gfx\/PDF_icon.png\" align=\"left\"><\/a><a href=\"downloads\/Flyer_Walking_Ausdauer_auf_Dauer.pdf\" target=\"_blank\" rel=\"noopener\">Flyer Gesundheitskurs &#8222;Walking &#8211; Ausdauer auf Dauer&#8220;<\/a><\/p>\n<p><a href=\"downloads\/Banner_SG_Turbine_Vockerode.pdf\" target=\"_blank\" rel=\"noopener\"><img decoding=\"async\" src=\"pics\/gfx\/PDF_icon.png\" alt=\"Banner SG \" turbine\"=\"\" vockerode=\"\" e.v.\"=\"\" align=\"left\"><\/a> <a href=\"downloads\/Banner_SG_Turbine_Vockerode.pdf\" target=\"_blank\" rel=\"noopener\">Banner SG &#8222;Turbine&#8220; Vockerode e.V.<\/a><\/p>\n<p><a href=\"downloads\/Logo_SG_Turbine_Vockerode.pdf\" target=\"_blank\" rel=\"noopener\"><img decoding=\"async\" src=\"pics\/gfx\/PDF_icon.png\" alt=\"Banner SG \" turbine\"=\"\" vockerode=\"\" e.v.\"=\"\" align=\"left\"><\/a> <a href=\"downloads\/Logo_SG_Turbine_Vockerode.pdf\" target=\"_blank\" rel=\"noopener\">Logo SG &#8222;Turbine&#8220; Vockerode e.V.<\/a><\/p>\n","protected":false},"excerpt":{"rendered":"<p>Willkommen im Downloadbereich. Auf dieser Seite stehen Euch Antr\u00e4ge, Formulare und Presseartikel zum Download zur Verf\u00fcgung. Unsere Satzung Satzung der SG &#8222;Turbine&#8220; Vockerode e.V g\u00fcltig ab 15.03.2019 Antr\u00e4ge und Formulare Aufnahmeantrag Kinder Aufnahmeantrag Erwachsene Nachweis \u00dcbungsleitert\u00e4tigkeit Beleg Zahlungsanweisung Presseartikel Feier f\u00fcr den Ort und mit ihm Quelle: MZ, 22.07.2022 TSV-&#8222;Monsterblocker&#8220; und &#8222;Gummib\u00e4renbande&#8220; siegreich Quelle: Volksstimme, [&hellip;]<\/p>\n","protected":false},"author":1,"featured_media":0,"parent":0,"menu_order":7,"comment_status":"closed","ping_status":"closed","template":"","meta":{"ngg_post_thumbnail":0,"footnotes":""},"class_list":["post-264","page","type-page","status-publish","hentry"],"yoast_head":"<!-- This site is optimized with the Yoast SEO plugin v26.6 - https:\/\/yoast.com\/wordpress\/plugins\/seo\/ -->\n<title>Downloads - SG &quot;Turbine&quot; Vockerode e.V.<\/title>\n<meta name=\"robots\" content=\"index, follow, max-snippet:-1, max-image-preview:large, max-video-preview:-1\" \/>\n<link rel=\"canonical\" href=\"https:\/\/www.turbine-vockerode.de\/?page_id=264\" \/>\n<meta property=\"og:locale\" content=\"de_DE\" \/>\n<meta property=\"og:type\" content=\"article\" \/>\n<meta property=\"og:title\" content=\"Downloads - SG &quot;Turbine&quot; Vockerode e.V.\" \/>\n<meta property=\"og:description\" content=\"Willkommen im Downloadbereich. Auf dieser Seite stehen Euch Antr\u00e4ge, Formulare und Presseartikel zum Download zur Verf\u00fcgung. Unsere Satzung Satzung der SG &#8222;Turbine&#8220; Vockerode e.V g\u00fcltig ab 15.03.2019 Antr\u00e4ge und Formulare Aufnahmeantrag Kinder Aufnahmeantrag Erwachsene Nachweis \u00dcbungsleitert\u00e4tigkeit Beleg Zahlungsanweisung Presseartikel Feier f\u00fcr den Ort und mit ihm Quelle: MZ, 22.07.2022 TSV-&#8222;Monsterblocker&#8220; und &#8222;Gummib\u00e4renbande&#8220; siegreich Quelle: Volksstimme, [&hellip;]\" \/>\n<meta property=\"og:url\" content=\"https:\/\/www.turbine-vockerode.de\/?page_id=264\" \/>\n<meta property=\"og:site_name\" content=\"SG &quot;Turbine&quot; Vockerode e.V.\" \/>\n<meta property=\"article:modified_time\" content=\"2026-04-19T19:50:40+00:00\" \/>\n<meta name=\"twitter:card\" content=\"summary_large_image\" \/>\n<meta name=\"twitter:label1\" content=\"Gesch\u00e4tzte Lesezeit\" \/>\n\t<meta name=\"twitter:data1\" content=\"4\u00a0Minuten\" \/>\n<script type=\"application\/ld+json\" class=\"yoast-schema-graph\">{\"@context\":\"https:\/\/schema.org\",\"@graph\":[{\"@type\":\"WebPage\",\"@id\":\"https:\/\/www.turbine-vockerode.de\/?page_id=264\",\"url\":\"https:\/\/www.turbine-vockerode.de\/?page_id=264\",\"name\":\"Downloads - SG &quot;Turbine&quot; Vockerode e.V.\",\"isPartOf\":{\"@id\":\"https:\/\/www.turbine-vockerode.de\/#website\"},\"datePublished\":\"2014-12-29T11:06:02+00:00\",\"dateModified\":\"2026-04-19T19:50:40+00:00\",\"breadcrumb\":{\"@id\":\"https:\/\/www.turbine-vockerode.de\/?page_id=264#breadcrumb\"},\"inLanguage\":\"de\",\"potentialAction\":[{\"@type\":\"ReadAction\",\"target\":[\"https:\/\/www.turbine-vockerode.de\/?page_id=264\"]}]},{\"@type\":\"BreadcrumbList\",\"@id\":\"https:\/\/www.turbine-vockerode.de\/?page_id=264#breadcrumb\",\"itemListElement\":[{\"@type\":\"ListItem\",\"position\":1,\"name\":\"Startseite\",\"item\":\"https:\/\/www.turbine-vockerode.de\/\"},{\"@type\":\"ListItem\",\"position\":2,\"name\":\"Downloads\"}]},{\"@type\":\"WebSite\",\"@id\":\"https:\/\/www.turbine-vockerode.de\/#website\",\"url\":\"https:\/\/www.turbine-vockerode.de\/\",\"name\":\"SG &quot;Turbine&quot; Vockerode e.V.\",\"description\":\"Energie im Herz. Stark im Team.\",\"publisher\":{\"@id\":\"https:\/\/www.turbine-vockerode.de\/#organization\"},\"potentialAction\":[{\"@type\":\"SearchAction\",\"target\":{\"@type\":\"EntryPoint\",\"urlTemplate\":\"https:\/\/www.turbine-vockerode.de\/?s={search_term_string}\"},\"query-input\":{\"@type\":\"PropertyValueSpecification\",\"valueRequired\":true,\"valueName\":\"search_term_string\"}}],\"inLanguage\":\"de\"},{\"@type\":\"Organization\",\"@id\":\"https:\/\/www.turbine-vockerode.de\/#organization\",\"name\":\"SG &quot;Turbine&quot; Vockerode e.V.\",\"url\":\"https:\/\/www.turbine-vockerode.de\/\",\"logo\":{\"@type\":\"ImageObject\",\"inLanguage\":\"de\",\"@id\":\"https:\/\/www.turbine-vockerode.de\/#\/schema\/logo\/image\/\",\"url\":\"https:\/\/www.turbine-vockerode.de\/wp-content\/uploads\/2021\/09\/cropped-Logo_Rand_rechts.png\",\"contentUrl\":\"https:\/\/www.turbine-vockerode.de\/wp-content\/uploads\/2021\/09\/cropped-Logo_Rand_rechts.png\",\"width\":1000,\"height\":700,\"caption\":\"SG &quot;Turbine&quot; Vockerode e.V.\"},\"image\":{\"@id\":\"https:\/\/www.turbine-vockerode.de\/#\/schema\/logo\/image\/\"}}]}<\/script>\n<!-- \/ Yoast SEO plugin. -->","yoast_head_json":{"title":"Downloads - SG &quot;Turbine&quot; Vockerode e.V.","robots":{"index":"index","follow":"follow","max-snippet":"max-snippet:-1","max-image-preview":"max-image-preview:large","max-video-preview":"max-video-preview:-1"},"canonical":"https:\/\/www.turbine-vockerode.de\/?page_id=264","og_locale":"de_DE","og_type":"article","og_title":"Downloads - SG &quot;Turbine&quot; Vockerode e.V.","og_description":"Willkommen im Downloadbereich. Auf dieser Seite stehen Euch Antr\u00e4ge, Formulare und Presseartikel zum Download zur Verf\u00fcgung. Unsere Satzung Satzung der SG &#8222;Turbine&#8220; Vockerode e.V g\u00fcltig ab 15.03.2019 Antr\u00e4ge und Formulare Aufnahmeantrag Kinder Aufnahmeantrag Erwachsene Nachweis \u00dcbungsleitert\u00e4tigkeit Beleg Zahlungsanweisung Presseartikel Feier f\u00fcr den Ort und mit ihm Quelle: MZ, 22.07.2022 TSV-&#8222;Monsterblocker&#8220; und &#8222;Gummib\u00e4renbande&#8220; siegreich Quelle: Volksstimme, [&hellip;]","og_url":"https:\/\/www.turbine-vockerode.de\/?page_id=264","og_site_name":"SG &quot;Turbine&quot; Vockerode e.V.","article_modified_time":"2026-04-19T19:50:40+00:00","twitter_card":"summary_large_image","twitter_misc":{"Gesch\u00e4tzte Lesezeit":"4\u00a0Minuten"},"schema":{"@context":"https:\/\/schema.org","@graph":[{"@type":"WebPage","@id":"https:\/\/www.turbine-vockerode.de\/?page_id=264","url":"https:\/\/www.turbine-vockerode.de\/?page_id=264","name":"Downloads - SG &quot;Turbine&quot; Vockerode e.V.","isPartOf":{"@id":"https:\/\/www.turbine-vockerode.de\/#website"},"datePublished":"2014-12-29T11:06:02+00:00","dateModified":"2026-04-19T19:50:40+00:00","breadcrumb":{"@id":"https:\/\/www.turbine-vockerode.de\/?page_id=264#breadcrumb"},"inLanguage":"de","potentialAction":[{"@type":"ReadAction","target":["https:\/\/www.turbine-vockerode.de\/?page_id=264"]}]},{"@type":"BreadcrumbList","@id":"https:\/\/www.turbine-vockerode.de\/?page_id=264#breadcrumb","itemListElement":[{"@type":"ListItem","position":1,"name":"Startseite","item":"https:\/\/www.turbine-vockerode.de\/"},{"@type":"ListItem","position":2,"name":"Downloads"}]},{"@type":"WebSite","@id":"https:\/\/www.turbine-vockerode.de\/#website","url":"https:\/\/www.turbine-vockerode.de\/","name":"SG &quot;Turbine&quot; Vockerode e.V.","description":"Energie im Herz. Stark im Team.","publisher":{"@id":"https:\/\/www.turbine-vockerode.de\/#organization"},"potentialAction":[{"@type":"SearchAction","target":{"@type":"EntryPoint","urlTemplate":"https:\/\/www.turbine-vockerode.de\/?s={search_term_string}"},"query-input":{"@type":"PropertyValueSpecification","valueRequired":true,"valueName":"search_term_string"}}],"inLanguage":"de"},{"@type":"Organization","@id":"https:\/\/www.turbine-vockerode.de\/#organization","name":"SG &quot;Turbine&quot; Vockerode e.V.","url":"https:\/\/www.turbine-vockerode.de\/","logo":{"@type":"ImageObject","inLanguage":"de","@id":"https:\/\/www.turbine-vockerode.de\/#\/schema\/logo\/image\/","url":"https:\/\/www.turbine-vockerode.de\/wp-content\/uploads\/2021\/09\/cropped-Logo_Rand_rechts.png","contentUrl":"https:\/\/www.turbine-vockerode.de\/wp-content\/uploads\/2021\/09\/cropped-Logo_Rand_rechts.png","width":1000,"height":700,"caption":"SG &quot;Turbine&quot; Vockerode e.V."},"image":{"@id":"https:\/\/www.turbine-vockerode.de\/#\/schema\/logo\/image\/"}}]}},"_links":{"self":[{"href":"https:\/\/www.turbine-vockerode.de\/index.php?rest_route=\/wp\/v2\/pages\/264","targetHints":{"allow":["GET"]}}],"collection":[{"href":"https:\/\/www.turbine-vockerode.de\/index.php?rest_route=\/wp\/v2\/pages"}],"about":[{"href":"https:\/\/www.turbine-vockerode.de\/index.php?rest_route=\/wp\/v2\/types\/page"}],"author":[{"embeddable":true,"href":"https:\/\/www.turbine-vockerode.de\/index.php?rest_route=\/wp\/v2\/users\/1"}],"replies":[{"embeddable":true,"href":"https:\/\/www.turbine-vockerode.de\/index.php?rest_route=%2Fwp%2Fv2%2Fcomments&post=264"}],"version-history":[{"count":28,"href":"https:\/\/www.turbine-vockerode.de\/index.php?rest_route=\/wp\/v2\/pages\/264\/revisions"}],"predecessor-version":[{"id":2746,"href":"https:\/\/www.turbine-vockerode.de\/index.php?rest_route=\/wp\/v2\/pages\/264\/revisions\/2746"}],"wp:attachment":[{"href":"https:\/\/www.turbine-vockerode.de\/index.php?rest_route=%2Fwp%2Fv2%2Fmedia&parent=264"}],"curies":[{"name":"wp","href":"https:\/\/api.w.org\/{rel}","templated":true}]}}