{"id":2431,"date":"2025-02-18T11:59:24","date_gmt":"2025-02-18T10:59:24","guid":{"rendered":"https:\/\/www.turbine-vockerode.de\/?page_id=2431"},"modified":"2025-09-22T20:13:34","modified_gmt":"2025-09-22T18:13:34","slug":"tischtennis","status":"publish","type":"page","link":"https:\/\/www.turbine-vockerode.de\/?page_id=2431","title":{"rendered":"Tischtennis"},"content":{"rendered":"<p style=\"text-align: justify;\"><img decoding=\"async\" src=\"pics\/tischtennis\/mini\/tischtennis_1.jpg\" hspace=\"20\" alt=\"\" align=\"left\">Unsere Sportabteilung Tischtennis bietet die ideale Gelegenheit, gemeinsam mit Gleichgesinnten den Schl\u00e4ger zu schwingen. Wir legen gro\u00dfen Wert auf vielf\u00e4ltige Aufw\u00e4rm- und abwechlungsreiche Spielrunden. Dabei werden sowohl die koordinativen F\u00e4higkeiten als auch Ausdauer und Gesundheit gef\u00f6rdert.<\/p>\n<p style=\"text-align: justify;\">Ob f\u00fcr Kinder, Jugendliche oder Erwachsene \u2013 bei uns findet jeder die passende Trainingsm\u00f6glichkeit. Dabei steht f\u00fcr uns der Spa\u00df am Spiel immmer an erster Stelle.<\/p>\n<p style=\"text-align: justify;\">Unser Training findet jeden Donnerstag von 18:00 bis 20:00 Uhr statt. Also kommt vorbei und lasst uns zusammen die wei\u00dfe Kugel \u00fcber den gr\u00fcnen Tisch fliegen!<\/p>\n<p style=\"text-align: justify;\"><b>Ansprechpartner:<\/b> Jens Henschel (Tel.: 0176\/58864551)<\/p>\n<p><br class=\"clear\"><\/p>\n<p style=\"text-align: justify;\">Folgend k\u00f6nnt Ihr unseren aktuellen Flyer downloaden:<\/p>\n<p style=\"text-align: justify;\"><a href=\"downloads\/Flyer_Tischtennis.pdf\" target=\"_blank\" rel=\"noopener noreferrer\"><img decoding=\"async\" src=\"pics\/gfx\/PDF_icon.png\" hspace=\"10\" align=\"left\"><\/a><a href=\"downloads\/Flyer_Tischtennis.pdf\" target=\"_blank\" rel=\"noopener noreferrer\"> Flyer Tischtennis<\/a><\/p>\n","protected":false},"excerpt":{"rendered":"<p>Unsere Sportabteilung Tischtennis bietet die ideale Gelegenheit, gemeinsam mit Gleichgesinnten den Schl\u00e4ger zu schwingen. Wir legen gro\u00dfen Wert auf vielf\u00e4ltige Aufw\u00e4rm- und abwechlungsreiche Spielrunden. Dabei werden sowohl die koordinativen F\u00e4higkeiten als auch Ausdauer und Gesundheit gef\u00f6rdert. Ob f\u00fcr Kinder, Jugendliche oder Erwachsene \u2013 bei uns findet jeder die passende Trainingsm\u00f6glichkeit. Dabei steht f\u00fcr uns der [&hellip;]<\/p>\n","protected":false},"author":1,"featured_media":0,"parent":0,"menu_order":0,"comment_status":"closed","ping_status":"closed","template":"","meta":{"ngg_post_thumbnail":0,"footnotes":""},"class_list":["post-2431","page","type-page","status-publish","hentry"],"yoast_head":"<!-- This site is optimized with the Yoast SEO plugin v26.6 - https:\/\/yoast.com\/wordpress\/plugins\/seo\/ -->\n<title>Tischtennis - SG &quot;Turbine&quot; Vockerode e.V.<\/title>\n<meta name=\"robots\" content=\"index, follow, max-snippet:-1, max-image-preview:large, max-video-preview:-1\" \/>\n<link rel=\"canonical\" href=\"https:\/\/www.turbine-vockerode.de\/?page_id=2431\" \/>\n<meta property=\"og:locale\" content=\"de_DE\" \/>\n<meta property=\"og:type\" content=\"article\" \/>\n<meta property=\"og:title\" content=\"Tischtennis - SG &quot;Turbine&quot; Vockerode e.V.\" \/>\n<meta property=\"og:description\" content=\"Unsere Sportabteilung Tischtennis bietet die ideale Gelegenheit, gemeinsam mit Gleichgesinnten den Schl\u00e4ger zu schwingen. Wir legen gro\u00dfen Wert auf vielf\u00e4ltige Aufw\u00e4rm- und abwechlungsreiche Spielrunden. Dabei werden sowohl die koordinativen F\u00e4higkeiten als auch Ausdauer und Gesundheit gef\u00f6rdert. Ob f\u00fcr Kinder, Jugendliche oder Erwachsene \u2013 bei uns findet jeder die passende Trainingsm\u00f6glichkeit. Dabei steht f\u00fcr uns der [&hellip;]\" \/>\n<meta property=\"og:url\" content=\"https:\/\/www.turbine-vockerode.de\/?page_id=2431\" \/>\n<meta property=\"og:site_name\" content=\"SG &quot;Turbine&quot; Vockerode e.V.\" \/>\n<meta property=\"article:modified_time\" content=\"2025-09-22T18:13:34+00:00\" \/>\n<meta name=\"twitter:card\" content=\"summary_large_image\" \/>\n<meta name=\"twitter:label1\" content=\"Gesch\u00e4tzte Lesezeit\" \/>\n\t<meta name=\"twitter:data1\" content=\"1\u00a0Minute\" \/>\n<script type=\"application\/ld+json\" class=\"yoast-schema-graph\">{\"@context\":\"https:\/\/schema.org\",\"@graph\":[{\"@type\":\"WebPage\",\"@id\":\"https:\/\/www.turbine-vockerode.de\/?page_id=2431\",\"url\":\"https:\/\/www.turbine-vockerode.de\/?page_id=2431\",\"name\":\"Tischtennis - SG &quot;Turbine&quot; Vockerode e.V.\",\"isPartOf\":{\"@id\":\"https:\/\/www.turbine-vockerode.de\/#website\"},\"datePublished\":\"2025-02-18T10:59:24+00:00\",\"dateModified\":\"2025-09-22T18:13:34+00:00\",\"breadcrumb\":{\"@id\":\"https:\/\/www.turbine-vockerode.de\/?page_id=2431#breadcrumb\"},\"inLanguage\":\"de\",\"potentialAction\":[{\"@type\":\"ReadAction\",\"target\":[\"https:\/\/www.turbine-vockerode.de\/?page_id=2431\"]}]},{\"@type\":\"BreadcrumbList\",\"@id\":\"https:\/\/www.turbine-vockerode.de\/?page_id=2431#breadcrumb\",\"itemListElement\":[{\"@type\":\"ListItem\",\"position\":1,\"name\":\"Startseite\",\"item\":\"https:\/\/www.turbine-vockerode.de\/\"},{\"@type\":\"ListItem\",\"position\":2,\"name\":\"Tischtennis\"}]},{\"@type\":\"WebSite\",\"@id\":\"https:\/\/www.turbine-vockerode.de\/#website\",\"url\":\"https:\/\/www.turbine-vockerode.de\/\",\"name\":\"SG &quot;Turbine&quot; Vockerode e.V.\",\"description\":\"Energie im Herz. Stark im Team.\",\"publisher\":{\"@id\":\"https:\/\/www.turbine-vockerode.de\/#organization\"},\"potentialAction\":[{\"@type\":\"SearchAction\",\"target\":{\"@type\":\"EntryPoint\",\"urlTemplate\":\"https:\/\/www.turbine-vockerode.de\/?s={search_term_string}\"},\"query-input\":{\"@type\":\"PropertyValueSpecification\",\"valueRequired\":true,\"valueName\":\"search_term_string\"}}],\"inLanguage\":\"de\"},{\"@type\":\"Organization\",\"@id\":\"https:\/\/www.turbine-vockerode.de\/#organization\",\"name\":\"SG &quot;Turbine&quot; Vockerode e.V.\",\"url\":\"https:\/\/www.turbine-vockerode.de\/\",\"logo\":{\"@type\":\"ImageObject\",\"inLanguage\":\"de\",\"@id\":\"https:\/\/www.turbine-vockerode.de\/#\/schema\/logo\/image\/\",\"url\":\"https:\/\/www.turbine-vockerode.de\/wp-content\/uploads\/2021\/09\/cropped-Logo_Rand_rechts.png\",\"contentUrl\":\"https:\/\/www.turbine-vockerode.de\/wp-content\/uploads\/2021\/09\/cropped-Logo_Rand_rechts.png\",\"width\":1000,\"height\":700,\"caption\":\"SG &quot;Turbine&quot; Vockerode e.V.\"},\"image\":{\"@id\":\"https:\/\/www.turbine-vockerode.de\/#\/schema\/logo\/image\/\"}}]}<\/script>\n<!-- \/ Yoast SEO plugin. -->","yoast_head_json":{"title":"Tischtennis - SG &quot;Turbine&quot; Vockerode e.V.","robots":{"index":"index","follow":"follow","max-snippet":"max-snippet:-1","max-image-preview":"max-image-preview:large","max-video-preview":"max-video-preview:-1"},"canonical":"https:\/\/www.turbine-vockerode.de\/?page_id=2431","og_locale":"de_DE","og_type":"article","og_title":"Tischtennis - SG &quot;Turbine&quot; Vockerode e.V.","og_description":"Unsere Sportabteilung Tischtennis bietet die ideale Gelegenheit, gemeinsam mit Gleichgesinnten den Schl\u00e4ger zu schwingen. Wir legen gro\u00dfen Wert auf vielf\u00e4ltige Aufw\u00e4rm- und abwechlungsreiche Spielrunden. Dabei werden sowohl die koordinativen F\u00e4higkeiten als auch Ausdauer und Gesundheit gef\u00f6rdert. Ob f\u00fcr Kinder, Jugendliche oder Erwachsene \u2013 bei uns findet jeder die passende Trainingsm\u00f6glichkeit. Dabei steht f\u00fcr uns der [&hellip;]","og_url":"https:\/\/www.turbine-vockerode.de\/?page_id=2431","og_site_name":"SG &quot;Turbine&quot; Vockerode e.V.","article_modified_time":"2025-09-22T18:13:34+00:00","twitter_card":"summary_large_image","twitter_misc":{"Gesch\u00e4tzte Lesezeit":"1\u00a0Minute"},"schema":{"@context":"https:\/\/schema.org","@graph":[{"@type":"WebPage","@id":"https:\/\/www.turbine-vockerode.de\/?page_id=2431","url":"https:\/\/www.turbine-vockerode.de\/?page_id=2431","name":"Tischtennis - SG &quot;Turbine&quot; Vockerode e.V.","isPartOf":{"@id":"https:\/\/www.turbine-vockerode.de\/#website"},"datePublished":"2025-02-18T10:59:24+00:00","dateModified":"2025-09-22T18:13:34+00:00","breadcrumb":{"@id":"https:\/\/www.turbine-vockerode.de\/?page_id=2431#breadcrumb"},"inLanguage":"de","potentialAction":[{"@type":"ReadAction","target":["https:\/\/www.turbine-vockerode.de\/?page_id=2431"]}]},{"@type":"BreadcrumbList","@id":"https:\/\/www.turbine-vockerode.de\/?page_id=2431#breadcrumb","itemListElement":[{"@type":"ListItem","position":1,"name":"Startseite","item":"https:\/\/www.turbine-vockerode.de\/"},{"@type":"ListItem","position":2,"name":"Tischtennis"}]},{"@type":"WebSite","@id":"https:\/\/www.turbine-vockerode.de\/#website","url":"https:\/\/www.turbine-vockerode.de\/","name":"SG &quot;Turbine&quot; Vockerode e.V.","description":"Energie im Herz. Stark im Team.","publisher":{"@id":"https:\/\/www.turbine-vockerode.de\/#organization"},"potentialAction":[{"@type":"SearchAction","target":{"@type":"EntryPoint","urlTemplate":"https:\/\/www.turbine-vockerode.de\/?s={search_term_string}"},"query-input":{"@type":"PropertyValueSpecification","valueRequired":true,"valueName":"search_term_string"}}],"inLanguage":"de"},{"@type":"Organization","@id":"https:\/\/www.turbine-vockerode.de\/#organization","name":"SG &quot;Turbine&quot; Vockerode e.V.","url":"https:\/\/www.turbine-vockerode.de\/","logo":{"@type":"ImageObject","inLanguage":"de","@id":"https:\/\/www.turbine-vockerode.de\/#\/schema\/logo\/image\/","url":"https:\/\/www.turbine-vockerode.de\/wp-content\/uploads\/2021\/09\/cropped-Logo_Rand_rechts.png","contentUrl":"https:\/\/www.turbine-vockerode.de\/wp-content\/uploads\/2021\/09\/cropped-Logo_Rand_rechts.png","width":1000,"height":700,"caption":"SG &quot;Turbine&quot; Vockerode e.V."},"image":{"@id":"https:\/\/www.turbine-vockerode.de\/#\/schema\/logo\/image\/"}}]}},"_links":{"self":[{"href":"https:\/\/www.turbine-vockerode.de\/index.php?rest_route=\/wp\/v2\/pages\/2431","targetHints":{"allow":["GET"]}}],"collection":[{"href":"https:\/\/www.turbine-vockerode.de\/index.php?rest_route=\/wp\/v2\/pages"}],"about":[{"href":"https:\/\/www.turbine-vockerode.de\/index.php?rest_route=\/wp\/v2\/types\/page"}],"author":[{"embeddable":true,"href":"https:\/\/www.turbine-vockerode.de\/index.php?rest_route=\/wp\/v2\/users\/1"}],"replies":[{"embeddable":true,"href":"https:\/\/www.turbine-vockerode.de\/index.php?rest_route=%2Fwp%2Fv2%2Fcomments&post=2431"}],"version-history":[{"count":15,"href":"https:\/\/www.turbine-vockerode.de\/index.php?rest_route=\/wp\/v2\/pages\/2431\/revisions"}],"predecessor-version":[{"id":2535,"href":"https:\/\/www.turbine-vockerode.de\/index.php?rest_route=\/wp\/v2\/pages\/2431\/revisions\/2535"}],"wp:attachment":[{"href":"https:\/\/www.turbine-vockerode.de\/index.php?rest_route=%2Fwp%2Fv2%2Fmedia&parent=2431"}],"curies":[{"name":"wp","href":"https:\/\/api.w.org\/{rel}","templated":true}]}}