{"id":2404,"date":"2025-02-12T21:40:30","date_gmt":"2025-02-12T20:40:30","guid":{"rendered":"https:\/\/www.turbine-vockerode.de\/?page_id=2404"},"modified":"2025-05-14T21:59:55","modified_gmt":"2025-05-14T19:59:55","slug":"bauch-beine-po","status":"publish","type":"page","link":"https:\/\/www.turbine-vockerode.de\/?page_id=2404","title":{"rendered":"Bauch-Beine-Po"},"content":{"rendered":"<p style=\"text-align: justify;\"><img decoding=\"async\" src=\"pics\/bauch-beine-po\/mini\/bbp_1.jpg\" alt=\"\" hspace=\"20\" align=\"left\">Wie der Name unserer Sport-Abteilung schon verr\u00e4t, fokussieren wir uns auf diese K\u00f6rperregionen.<\/p>\n<p style=\"text-align: justify;\">Einfach mal den Kopf frei kriegen bei guter Musik, mit viel Spa\u00df und abwechslungsreichen Workouts kommen aktuell 15 bis 20 Frauen montags und freitags zusammen. <\/p>\n<p style=\"text-align: justify;\">Das Alter spielt bei uns keine Rolle, es ist f\u00fcr jeden was dabei,  kommt gerne vorbei und \u00fcberzeugt euch selbst.<\/p>\n<p><b>Ansprechpartner:<\/b> Daniela Mei\u00dfner (Tel.: 0177\/2963226)<br \/>\n<br class=\"clear\"><\/p>\n<table cellspacing=\"0\" border=\"0\" align=\"center\">\n<tbody>\n<tr>\n<td width=\"120\"><strong>Tag<\/strong><\/td>\n<td width=\"170\"><strong>Zeit<\/strong><\/td>\n<\/tr>\n<tr>\n<td valign=\"top\">Montag<\/td>\n<td>\n17:45 &#8211; 18:45 Uhr<\/td>\n<\/tr>\n<tr>\n<td valign=\"top\">Freitag<\/td>\n<td>\n17:30 &#8211; 18:30 Uhr<\/td>\n<\/tr>\n<\/tbody>\n<\/table>\n<p><br class=\"clear\"><br \/>\n<a href=\"pics\/bauch-beine-po\/Gruppenbild_2025_05.jpg\"><img decoding=\"async\" style=\"border: 0px\" src=\"pics\/bauch-beine-po\/mini\/Gruppenbild_2025_05.jpg\" class=\"aligncenter\"><\/a><\/p>\n","protected":false},"excerpt":{"rendered":"<p>Wie der Name unserer Sport-Abteilung schon verr\u00e4t, fokussieren wir uns auf diese K\u00f6rperregionen. Einfach mal den Kopf frei kriegen bei guter Musik, mit viel Spa\u00df und abwechslungsreichen Workouts kommen aktuell 15 bis 20 Frauen montags und freitags zusammen. Das Alter spielt bei uns keine Rolle, es ist f\u00fcr jeden was dabei, kommt gerne vorbei und [&hellip;]<\/p>\n","protected":false},"author":1,"featured_media":0,"parent":0,"menu_order":0,"comment_status":"closed","ping_status":"closed","template":"","meta":{"ngg_post_thumbnail":0,"footnotes":""},"class_list":["post-2404","page","type-page","status-publish","hentry"],"yoast_head":"<!-- This site is optimized with the Yoast SEO plugin v26.6 - https:\/\/yoast.com\/wordpress\/plugins\/seo\/ -->\n<title>Bauch-Beine-Po - SG &quot;Turbine&quot; Vockerode e.V.<\/title>\n<meta name=\"robots\" content=\"index, follow, max-snippet:-1, max-image-preview:large, max-video-preview:-1\" \/>\n<link rel=\"canonical\" href=\"https:\/\/www.turbine-vockerode.de\/?page_id=2404\" \/>\n<meta property=\"og:locale\" content=\"de_DE\" \/>\n<meta property=\"og:type\" content=\"article\" \/>\n<meta property=\"og:title\" content=\"Bauch-Beine-Po - SG &quot;Turbine&quot; Vockerode e.V.\" \/>\n<meta property=\"og:description\" content=\"Wie der Name unserer Sport-Abteilung schon verr\u00e4t, fokussieren wir uns auf diese K\u00f6rperregionen. Einfach mal den Kopf frei kriegen bei guter Musik, mit viel Spa\u00df und abwechslungsreichen Workouts kommen aktuell 15 bis 20 Frauen montags und freitags zusammen. Das Alter spielt bei uns keine Rolle, es ist f\u00fcr jeden was dabei, kommt gerne vorbei und [&hellip;]\" \/>\n<meta property=\"og:url\" content=\"https:\/\/www.turbine-vockerode.de\/?page_id=2404\" \/>\n<meta property=\"og:site_name\" content=\"SG &quot;Turbine&quot; Vockerode e.V.\" \/>\n<meta property=\"article:modified_time\" content=\"2025-05-14T19:59:55+00:00\" \/>\n<meta name=\"twitter:card\" content=\"summary_large_image\" \/>\n<meta name=\"twitter:label1\" content=\"Gesch\u00e4tzte Lesezeit\" \/>\n\t<meta name=\"twitter:data1\" content=\"1\u00a0Minute\" \/>\n<script type=\"application\/ld+json\" class=\"yoast-schema-graph\">{\"@context\":\"https:\/\/schema.org\",\"@graph\":[{\"@type\":\"WebPage\",\"@id\":\"https:\/\/www.turbine-vockerode.de\/?page_id=2404\",\"url\":\"https:\/\/www.turbine-vockerode.de\/?page_id=2404\",\"name\":\"Bauch-Beine-Po - SG &quot;Turbine&quot; Vockerode e.V.\",\"isPartOf\":{\"@id\":\"https:\/\/www.turbine-vockerode.de\/#website\"},\"datePublished\":\"2025-02-12T20:40:30+00:00\",\"dateModified\":\"2025-05-14T19:59:55+00:00\",\"breadcrumb\":{\"@id\":\"https:\/\/www.turbine-vockerode.de\/?page_id=2404#breadcrumb\"},\"inLanguage\":\"de\",\"potentialAction\":[{\"@type\":\"ReadAction\",\"target\":[\"https:\/\/www.turbine-vockerode.de\/?page_id=2404\"]}]},{\"@type\":\"BreadcrumbList\",\"@id\":\"https:\/\/www.turbine-vockerode.de\/?page_id=2404#breadcrumb\",\"itemListElement\":[{\"@type\":\"ListItem\",\"position\":1,\"name\":\"Startseite\",\"item\":\"https:\/\/www.turbine-vockerode.de\/\"},{\"@type\":\"ListItem\",\"position\":2,\"name\":\"Bauch-Beine-Po\"}]},{\"@type\":\"WebSite\",\"@id\":\"https:\/\/www.turbine-vockerode.de\/#website\",\"url\":\"https:\/\/www.turbine-vockerode.de\/\",\"name\":\"SG &quot;Turbine&quot; Vockerode e.V.\",\"description\":\"Energie im Herz. Stark im Team.\",\"publisher\":{\"@id\":\"https:\/\/www.turbine-vockerode.de\/#organization\"},\"potentialAction\":[{\"@type\":\"SearchAction\",\"target\":{\"@type\":\"EntryPoint\",\"urlTemplate\":\"https:\/\/www.turbine-vockerode.de\/?s={search_term_string}\"},\"query-input\":{\"@type\":\"PropertyValueSpecification\",\"valueRequired\":true,\"valueName\":\"search_term_string\"}}],\"inLanguage\":\"de\"},{\"@type\":\"Organization\",\"@id\":\"https:\/\/www.turbine-vockerode.de\/#organization\",\"name\":\"SG &quot;Turbine&quot; Vockerode e.V.\",\"url\":\"https:\/\/www.turbine-vockerode.de\/\",\"logo\":{\"@type\":\"ImageObject\",\"inLanguage\":\"de\",\"@id\":\"https:\/\/www.turbine-vockerode.de\/#\/schema\/logo\/image\/\",\"url\":\"https:\/\/www.turbine-vockerode.de\/wp-content\/uploads\/2021\/09\/cropped-Logo_Rand_rechts.png\",\"contentUrl\":\"https:\/\/www.turbine-vockerode.de\/wp-content\/uploads\/2021\/09\/cropped-Logo_Rand_rechts.png\",\"width\":1000,\"height\":700,\"caption\":\"SG &quot;Turbine&quot; Vockerode e.V.\"},\"image\":{\"@id\":\"https:\/\/www.turbine-vockerode.de\/#\/schema\/logo\/image\/\"}}]}<\/script>\n<!-- \/ Yoast SEO plugin. -->","yoast_head_json":{"title":"Bauch-Beine-Po - SG &quot;Turbine&quot; Vockerode e.V.","robots":{"index":"index","follow":"follow","max-snippet":"max-snippet:-1","max-image-preview":"max-image-preview:large","max-video-preview":"max-video-preview:-1"},"canonical":"https:\/\/www.turbine-vockerode.de\/?page_id=2404","og_locale":"de_DE","og_type":"article","og_title":"Bauch-Beine-Po - SG &quot;Turbine&quot; Vockerode e.V.","og_description":"Wie der Name unserer Sport-Abteilung schon verr\u00e4t, fokussieren wir uns auf diese K\u00f6rperregionen. Einfach mal den Kopf frei kriegen bei guter Musik, mit viel Spa\u00df und abwechslungsreichen Workouts kommen aktuell 15 bis 20 Frauen montags und freitags zusammen. Das Alter spielt bei uns keine Rolle, es ist f\u00fcr jeden was dabei, kommt gerne vorbei und [&hellip;]","og_url":"https:\/\/www.turbine-vockerode.de\/?page_id=2404","og_site_name":"SG &quot;Turbine&quot; Vockerode e.V.","article_modified_time":"2025-05-14T19:59:55+00:00","twitter_card":"summary_large_image","twitter_misc":{"Gesch\u00e4tzte Lesezeit":"1\u00a0Minute"},"schema":{"@context":"https:\/\/schema.org","@graph":[{"@type":"WebPage","@id":"https:\/\/www.turbine-vockerode.de\/?page_id=2404","url":"https:\/\/www.turbine-vockerode.de\/?page_id=2404","name":"Bauch-Beine-Po - SG &quot;Turbine&quot; Vockerode e.V.","isPartOf":{"@id":"https:\/\/www.turbine-vockerode.de\/#website"},"datePublished":"2025-02-12T20:40:30+00:00","dateModified":"2025-05-14T19:59:55+00:00","breadcrumb":{"@id":"https:\/\/www.turbine-vockerode.de\/?page_id=2404#breadcrumb"},"inLanguage":"de","potentialAction":[{"@type":"ReadAction","target":["https:\/\/www.turbine-vockerode.de\/?page_id=2404"]}]},{"@type":"BreadcrumbList","@id":"https:\/\/www.turbine-vockerode.de\/?page_id=2404#breadcrumb","itemListElement":[{"@type":"ListItem","position":1,"name":"Startseite","item":"https:\/\/www.turbine-vockerode.de\/"},{"@type":"ListItem","position":2,"name":"Bauch-Beine-Po"}]},{"@type":"WebSite","@id":"https:\/\/www.turbine-vockerode.de\/#website","url":"https:\/\/www.turbine-vockerode.de\/","name":"SG &quot;Turbine&quot; Vockerode e.V.","description":"Energie im Herz. Stark im Team.","publisher":{"@id":"https:\/\/www.turbine-vockerode.de\/#organization"},"potentialAction":[{"@type":"SearchAction","target":{"@type":"EntryPoint","urlTemplate":"https:\/\/www.turbine-vockerode.de\/?s={search_term_string}"},"query-input":{"@type":"PropertyValueSpecification","valueRequired":true,"valueName":"search_term_string"}}],"inLanguage":"de"},{"@type":"Organization","@id":"https:\/\/www.turbine-vockerode.de\/#organization","name":"SG &quot;Turbine&quot; Vockerode e.V.","url":"https:\/\/www.turbine-vockerode.de\/","logo":{"@type":"ImageObject","inLanguage":"de","@id":"https:\/\/www.turbine-vockerode.de\/#\/schema\/logo\/image\/","url":"https:\/\/www.turbine-vockerode.de\/wp-content\/uploads\/2021\/09\/cropped-Logo_Rand_rechts.png","contentUrl":"https:\/\/www.turbine-vockerode.de\/wp-content\/uploads\/2021\/09\/cropped-Logo_Rand_rechts.png","width":1000,"height":700,"caption":"SG &quot;Turbine&quot; Vockerode e.V."},"image":{"@id":"https:\/\/www.turbine-vockerode.de\/#\/schema\/logo\/image\/"}}]}},"_links":{"self":[{"href":"https:\/\/www.turbine-vockerode.de\/index.php?rest_route=\/wp\/v2\/pages\/2404","targetHints":{"allow":["GET"]}}],"collection":[{"href":"https:\/\/www.turbine-vockerode.de\/index.php?rest_route=\/wp\/v2\/pages"}],"about":[{"href":"https:\/\/www.turbine-vockerode.de\/index.php?rest_route=\/wp\/v2\/types\/page"}],"author":[{"embeddable":true,"href":"https:\/\/www.turbine-vockerode.de\/index.php?rest_route=\/wp\/v2\/users\/1"}],"replies":[{"embeddable":true,"href":"https:\/\/www.turbine-vockerode.de\/index.php?rest_route=%2Fwp%2Fv2%2Fcomments&post=2404"}],"version-history":[{"count":16,"href":"https:\/\/www.turbine-vockerode.de\/index.php?rest_route=\/wp\/v2\/pages\/2404\/revisions"}],"predecessor-version":[{"id":2494,"href":"https:\/\/www.turbine-vockerode.de\/index.php?rest_route=\/wp\/v2\/pages\/2404\/revisions\/2494"}],"wp:attachment":[{"href":"https:\/\/www.turbine-vockerode.de\/index.php?rest_route=%2Fwp%2Fv2%2Fmedia&parent=2404"}],"curies":[{"name":"wp","href":"https:\/\/api.w.org\/{rel}","templated":true}]}}