{"id":22,"date":"2014-06-18T21:23:53","date_gmt":"2014-06-18T19:23:53","guid":{"rendered":"http:\/\/www.turbine-vockerode.de\/?page_id=22"},"modified":"2026-01-22T23:37:44","modified_gmt":"2026-01-22T22:37:44","slug":"12-2","status":"publish","type":"page","link":"https:\/\/www.turbine-vockerode.de\/","title":{"rendered":"Herzlich Willkommen"},"content":{"rendered":"<h3>\u201eAusdauer auf Dauer\u201c \u2013 Neuer Walking-Gesundheitskurs ab M\u00e4rz 2026<\/h3>\n<p style=\"text-align: justify;\"><img decoding=\"async\" src=\"pics\/home\/mini\/Siegel_DOSB_Sport_pro_Gesundheit.png\" alt=\"Flyer: DOSB-Siegel 'Sport pro Gesundheit'\" hspace=\"20\" border=\"0\" align=\"right\">Die SG \u201eTurbine\u201c Vockerode e.V. erweitert ihr Sport- und Gesundheitsangebot und bietet ab M\u00e4rz 2026 erstmals den zertifizierten <b>Gesundheitskurs \u201eWalking &#8211; Ausdauer auf Dauer\u201c<\/b> an. Damit schafft der Verein ein neues Bewegungsangebot f\u00fcr alle, die aktiv etwas f\u00fcr ihre Gesundheit tun m\u00f6chten \u2013 gemeinsam, an der frischen Luft und ohne Leistungsdruck.<\/p>\n<p style=\"text-align: justify;\">Der Kurs verbindet gesundheitsorientiertes Walking mit einfachen Kr\u00e4ftigungs-, Mobilisations- und Entspannungs\u00fcbungen. Im Mittelpunkt stehen die <b>nachhaltige Verbesserung der Ausdauer<\/b> sowie Bewegung f\u00fcr Herz, Kreislauf und Wohlbefinden. Das Angebot richtet sich an Ein- und Wiedereinsteiger ab 18 Jahren sowie an alle, die Freude an Bewegung in der Natur haben.<\/p>\n<p style=\"text-align: justify;\"><a href=\"pics\/home\/Flyer_Walking_Ausdauer_auf_Dauer.png\"><img decoding=\"async\" src=\"pics\/home\/mini\/Flyer_Walking_Ausdauer_auf_Dauer.png\" alt=\"Flyer: Gesundheitskurs 'Walking - Ausdauer auf Dauer'\" hspace=\"20\" border=\"0\" align=\"left\"><\/a>Geleitet wird der Kurs von Ela Mei\u00dfner, unsere zertifizierte \u00dcbungsleiterin f\u00fcr Sport in der Pr\u00e4vention mit DOSB-Siegel \u201eSport pro Gesundheit\u201c. Der Gesundheitskurs wird von den gesetzlichen Krankenkassen gef\u00f6rdert und mit bis zu <b>80 % der Kursgeb\u00fchr bezuschusst<\/b>.<\/p>\n<p style=\"text-align: justify;\">Der Kurs findet vom <b>04.03. bis 06.05.2026<\/b>, immer mittwochs von 16:30 bis 18:00 Uhr, statt und umfasst 10 Kurseinheiten \u00e0 90 Minuten. Die Teilnehmerzahl ist auf 15 Personen begrenzt.<\/p>\n<p style=\"text-align: justify;\">Anmeldung und weitere Infos unter: 0177 \/ 2963226<\/p>\n<p style=\"text-align: justify;\">Wir freuen uns darauf, gemeinsam mit euch aktiv zu werden!<\/p>\n<p><br class=\"clear\">\n<\/p>\n<h3>Unser Vereinsshop ist ab sofort online!<\/h3>\n<p style=\"text-align: justify;\"><a href=\"https:\/\/shop.teamshirts.de\/turbine-vockerode\" target=\"_blank\"><img loading=\"lazy\" decoding=\"async\" src=\"https:\/\/images.teamshirts.net\/image\/upload\/q_auto,fl_lossy,f_auto,w_280,h_280\/snippets\/teamshirts-teamshop-siegel-square\" width=\"140\" height=\"140\" hspace=\"20\" border=\"0\" align=\"right\"><\/a>Ab sofort steht allen Mitgliedern unseres <b>Vereins ein Onlineshop f\u00fcr Vereinsbekleidung<\/b> zur Verf\u00fcgung! Im Shop findet ihr eine gro\u00dfe Auswahl an hochwertiger Vereinskleidung \u2013 darunter <b>T-Shirts, Trikots, Pullover, Sweatshirts, Trainingsjacken<\/b> und vieles mehr in verschiedenen Designs und Gr\u00f6\u00dfen.<\/p>\n<p style=\"text-align: justify;\">Durch die Zusammenarbeit mit der <b>Veloform Media GmbH<\/b> unterst\u00fctzt der Verein auch in diesem Jahr eure Bestellungen von Vereinsbekleidung finanziell und gew\u00e4hrt folgende Zusch\u00fcsse:<\/p>\n<ul class=\"meine-liste\">\n<li><b>50,00 \u20ac Zuschuss<\/b> f\u00fcr Produkte aus den Kollektionen <b>\u201eJako Iconic\u201c<\/b> und <b>\u201eJako Dynamic\u201c<\/b><\/li>\n<li><b>60,00 \u20ac Zuschuss<\/b> f\u00fcr Produkte aus der Kollektion <b>\u201eJako Iconic (sponsored by Veloform)<\/b>\u201c<\/li>\n<\/ul>\n<p><br class=\"clear\"><\/p>\n<p style=\"text-align: justify;\">Bitte beachtet dazu folgende Hinweise:<\/p>\n<ul class=\"meine-liste\">\n<li class=\"roter-punkt\">Der Zuschuss gilt nur <b>f\u00fcr Bestellungen bis 30.06.2026<\/b>.<\/li>\n<li>Den Zuschuss erhalten nur die Vereinsmitglieder, welche f\u00fcr 2026 den <b>vollen Mitgliedsbeitrag<\/b> gezahlt haben.<\/li>\n<li>Bezuschusst wird <b>ausschlie\u00dflich Oberbekleidung<\/b> (keine Hosen).<\/li>\n<li>Es kann der <b>kostenlose Standardversand<\/b> genutzt werden &#8211; der Premium- oder Express-Versand wird nicht bezuschusst.<\/li>\n<li>Zur <b>Erstattung des Zuschusses<\/b> reicht bitte eure <b>Rechnungen beim Abteilungsleiter<\/b> eurer Sportabteilung ein.<\/li>\n<\/ul>\n<p><br class=\"clear\"><\/p>\n<p style=\"text-align: justify;\">Sichert euch jetzt den Vereinszuschuss und bestellt euch euer neues Vereinsoutfit. Hier geht\u2019s direkt zum Shop: <b><a href=\"https:\/\/shop.teamshirts.de\/turbine-vockerode\" target=\"_blank\">https:\/\/shop.teamshirts.de\/turbine-vockerode<\/a><\/b><\/p>\n<p><a href=\"pics\/home\/Vorstellung_Vereinsshop.png\"><img decoding=\"async\" src=\"pics\/home\/mini\/Vorstellung_Vereinsshop.png\"       alt=\"Vereinsshop der SG 'Turbine' Vockerode e.V.\" style=\"max-width: 100%; height: auto; display: block; margin: 0 auto; border: 0;\"><\/a><br \/>\n<br class=\"clear\"><\/p>\n<p style=\"text-align: justify;\">Wir w\u00fcnschen euch <b>viel Freude beim St\u00f6bern<\/b> und Bestellen! Der Vereinsshop wird schrittweise um weitere Produkte erweitert &#8211; schaut als gern regelm\u00e4\u00dfig vorbei.<\/p>\n<p style=\"text-align: justify;\">An dieser Stelle m\u00f6chten wir uns ganz herzlich bei der Veloform Media GmbH  und dem Raumausstatter Trixi f\u00fcr die finanzielle Unterst\u00fctzung bedanken. Wir freuen uns sehr \u00fcber die gute Zusammenarbeit und hoffen auch in Zukunft auf eine weiterhin partnerschaftliche Kooperation.<\/p>\n<p><br class=\"clear\"><\/p>\n<h3>Herzlich Willkommen<\/h3>\n<p style=\"text-align: justify;\"><a href=\"pics\/home\/Flyer_Vorstellung_SG_Turbine_Vockerode.png\"><img decoding=\"async\" src=\"pics\/home\/mini\/Flyer_Vorstellung_SG_Turbine_Vockerode_mini.png\" alt=\"Flyer: Vorstelleung SG Turbine Vockerode e.V.\" hspace=\"20\" border=\"0\" align=\"left\"><\/a>Wir freuen uns, dich auf der Internetseite unseres Vereins, <b>SG \u201cTurbine\u201d Vockerode e.V.<\/b>, begr\u00fc\u00dfen zu d\u00fcrfen.<\/p>\n<p>Unsere Sportgemeinschaft blickt auf eine \u00fcber 70 j\u00e4hrige Vereinsgeschichte zur\u00fcck. In unserem Verein sind \u00fcber 140 Sportler aktiv.<\/p>\n<p style=\"text-align: justify;\">Auf unseren Seiten habt Ihr die M\u00f6glichkeit, Euch umfassend \u00fcber unseren Sportverein mit den Bereichen Badminton, Gymnastik, Volleyball, Wasserwandern, Reha Sport, Drums Alive und Line Dance zu informieren.<\/p>\n<p style=\"text-align: justify;\">Durch die energetische Sanierung der Tunrhalle steht uns nun eine voll funktionst\u00fcchtige  Sportst\u00e4tte inkl. neuer Sanit\u00e4ranlagen zur Verf\u00fcgung.<\/p>\n<p style=\"text-align: justify;\">Hast auch du Lust in einer unserer anderen Abteilungen sportlich aktiv zu werden? F\u00fcr nur 4,00 \u20ac im Monat f\u00fcr Erwachsene bzw. 1,00 \u20ac f\u00fcr Kinder kannst auch Du Mitglied in unserem Sportverein werden.<\/p>\n","protected":false},"excerpt":{"rendered":"<p>\u201eAusdauer auf Dauer\u201c \u2013 Neuer Walking-Gesundheitskurs ab M\u00e4rz 2026 Die SG \u201eTurbine\u201c Vockerode e.V. erweitert ihr Sport- und Gesundheitsangebot und bietet ab M\u00e4rz 2026 erstmals den zertifizierten Gesundheitskurs \u201eWalking &#8211; Ausdauer auf Dauer\u201c an. Damit schafft der Verein ein neues Bewegungsangebot f\u00fcr alle, die aktiv etwas f\u00fcr ihre Gesundheit tun m\u00f6chten \u2013 gemeinsam, an der [&hellip;]<\/p>\n","protected":false},"author":1,"featured_media":0,"parent":0,"menu_order":1,"comment_status":"closed","ping_status":"closed","template":"","meta":{"ngg_post_thumbnail":0,"footnotes":""},"class_list":["post-22","page","type-page","status-publish","hentry"],"yoast_head":"<!-- This site is optimized with the Yoast SEO plugin v26.6 - https:\/\/yoast.com\/wordpress\/plugins\/seo\/ -->\n<title>Herzlich Willkommen - SG &quot;Turbine&quot; Vockerode e.V.<\/title>\n<meta name=\"robots\" content=\"index, follow, max-snippet:-1, max-image-preview:large, max-video-preview:-1\" \/>\n<link rel=\"canonical\" href=\"https:\/\/www.turbine-vockerode.de\/\" \/>\n<meta property=\"og:locale\" content=\"de_DE\" \/>\n<meta property=\"og:type\" content=\"article\" \/>\n<meta property=\"og:title\" content=\"Herzlich Willkommen - SG &quot;Turbine&quot; Vockerode e.V.\" \/>\n<meta property=\"og:description\" content=\"\u201eAusdauer auf Dauer\u201c \u2013 Neuer Walking-Gesundheitskurs ab M\u00e4rz 2026 Die SG \u201eTurbine\u201c Vockerode e.V. erweitert ihr Sport- und Gesundheitsangebot und bietet ab M\u00e4rz 2026 erstmals den zertifizierten Gesundheitskurs \u201eWalking &#8211; Ausdauer auf Dauer\u201c an. Damit schafft der Verein ein neues Bewegungsangebot f\u00fcr alle, die aktiv etwas f\u00fcr ihre Gesundheit tun m\u00f6chten \u2013 gemeinsam, an der [&hellip;]\" \/>\n<meta property=\"og:url\" content=\"https:\/\/www.turbine-vockerode.de\/\" \/>\n<meta property=\"og:site_name\" content=\"SG &quot;Turbine&quot; Vockerode e.V.\" \/>\n<meta property=\"article:modified_time\" content=\"2026-01-22T22:37:44+00:00\" \/>\n<meta property=\"og:image\" content=\"https:\/\/images.teamshirts.net\/image\/upload\/q_auto,fl_lossy,f_auto,w_280,h_280\/snippets\/teamshirts-teamshop-siegel-square\" \/>\n<meta name=\"twitter:card\" content=\"summary_large_image\" \/>\n<meta name=\"twitter:label1\" content=\"Gesch\u00e4tzte Lesezeit\" \/>\n\t<meta name=\"twitter:data1\" content=\"4\u00a0Minuten\" \/>\n<script type=\"application\/ld+json\" class=\"yoast-schema-graph\">{\"@context\":\"https:\/\/schema.org\",\"@graph\":[{\"@type\":\"WebPage\",\"@id\":\"https:\/\/www.turbine-vockerode.de\/\",\"url\":\"https:\/\/www.turbine-vockerode.de\/\",\"name\":\"Herzlich Willkommen - SG &quot;Turbine&quot; Vockerode e.V.\",\"isPartOf\":{\"@id\":\"https:\/\/www.turbine-vockerode.de\/#website\"},\"primaryImageOfPage\":{\"@id\":\"https:\/\/www.turbine-vockerode.de\/#primaryimage\"},\"image\":{\"@id\":\"https:\/\/www.turbine-vockerode.de\/#primaryimage\"},\"thumbnailUrl\":\"https:\/\/images.teamshirts.net\/image\/upload\/q_auto,fl_lossy,f_auto,w_280,h_280\/snippets\/teamshirts-teamshop-siegel-square\",\"datePublished\":\"2014-06-18T19:23:53+00:00\",\"dateModified\":\"2026-01-22T22:37:44+00:00\",\"breadcrumb\":{\"@id\":\"https:\/\/www.turbine-vockerode.de\/#breadcrumb\"},\"inLanguage\":\"de\",\"potentialAction\":[{\"@type\":\"ReadAction\",\"target\":[\"https:\/\/www.turbine-vockerode.de\/\"]}]},{\"@type\":\"ImageObject\",\"inLanguage\":\"de\",\"@id\":\"https:\/\/www.turbine-vockerode.de\/#primaryimage\",\"url\":\"https:\/\/images.teamshirts.net\/image\/upload\/q_auto,fl_lossy,f_auto,w_280,h_280\/snippets\/teamshirts-teamshop-siegel-square\",\"contentUrl\":\"https:\/\/images.teamshirts.net\/image\/upload\/q_auto,fl_lossy,f_auto,w_280,h_280\/snippets\/teamshirts-teamshop-siegel-square\"},{\"@type\":\"BreadcrumbList\",\"@id\":\"https:\/\/www.turbine-vockerode.de\/#breadcrumb\",\"itemListElement\":[{\"@type\":\"ListItem\",\"position\":1,\"name\":\"Startseite\",\"item\":\"https:\/\/www.turbine-vockerode.de\/\"},{\"@type\":\"ListItem\",\"position\":2,\"name\":\"Herzlich Willkommen\"}]},{\"@type\":\"WebSite\",\"@id\":\"https:\/\/www.turbine-vockerode.de\/#website\",\"url\":\"https:\/\/www.turbine-vockerode.de\/\",\"name\":\"SG &quot;Turbine&quot; Vockerode e.V.\",\"description\":\"Energie im Herz. Stark im Team.\",\"publisher\":{\"@id\":\"https:\/\/www.turbine-vockerode.de\/#organization\"},\"potentialAction\":[{\"@type\":\"SearchAction\",\"target\":{\"@type\":\"EntryPoint\",\"urlTemplate\":\"https:\/\/www.turbine-vockerode.de\/?s={search_term_string}\"},\"query-input\":{\"@type\":\"PropertyValueSpecification\",\"valueRequired\":true,\"valueName\":\"search_term_string\"}}],\"inLanguage\":\"de\"},{\"@type\":\"Organization\",\"@id\":\"https:\/\/www.turbine-vockerode.de\/#organization\",\"name\":\"SG &quot;Turbine&quot; Vockerode e.V.\",\"url\":\"https:\/\/www.turbine-vockerode.de\/\",\"logo\":{\"@type\":\"ImageObject\",\"inLanguage\":\"de\",\"@id\":\"https:\/\/www.turbine-vockerode.de\/#\/schema\/logo\/image\/\",\"url\":\"https:\/\/www.turbine-vockerode.de\/wp-content\/uploads\/2021\/09\/cropped-Logo_Rand_rechts.png\",\"contentUrl\":\"https:\/\/www.turbine-vockerode.de\/wp-content\/uploads\/2021\/09\/cropped-Logo_Rand_rechts.png\",\"width\":1000,\"height\":700,\"caption\":\"SG &quot;Turbine&quot; Vockerode e.V.\"},\"image\":{\"@id\":\"https:\/\/www.turbine-vockerode.de\/#\/schema\/logo\/image\/\"}}]}<\/script>\n<!-- \/ Yoast SEO plugin. -->","yoast_head_json":{"title":"Herzlich Willkommen - SG &quot;Turbine&quot; Vockerode e.V.","robots":{"index":"index","follow":"follow","max-snippet":"max-snippet:-1","max-image-preview":"max-image-preview:large","max-video-preview":"max-video-preview:-1"},"canonical":"https:\/\/www.turbine-vockerode.de\/","og_locale":"de_DE","og_type":"article","og_title":"Herzlich Willkommen - SG &quot;Turbine&quot; Vockerode e.V.","og_description":"\u201eAusdauer auf Dauer\u201c \u2013 Neuer Walking-Gesundheitskurs ab M\u00e4rz 2026 Die SG \u201eTurbine\u201c Vockerode e.V. erweitert ihr Sport- und Gesundheitsangebot und bietet ab M\u00e4rz 2026 erstmals den zertifizierten Gesundheitskurs \u201eWalking &#8211; Ausdauer auf Dauer\u201c an. Damit schafft der Verein ein neues Bewegungsangebot f\u00fcr alle, die aktiv etwas f\u00fcr ihre Gesundheit tun m\u00f6chten \u2013 gemeinsam, an der [&hellip;]","og_url":"https:\/\/www.turbine-vockerode.de\/","og_site_name":"SG &quot;Turbine&quot; Vockerode e.V.","article_modified_time":"2026-01-22T22:37:44+00:00","og_image":[{"url":"https:\/\/images.teamshirts.net\/image\/upload\/q_auto,fl_lossy,f_auto,w_280,h_280\/snippets\/teamshirts-teamshop-siegel-square","type":"","width":"","height":""}],"twitter_card":"summary_large_image","twitter_misc":{"Gesch\u00e4tzte Lesezeit":"4\u00a0Minuten"},"schema":{"@context":"https:\/\/schema.org","@graph":[{"@type":"WebPage","@id":"https:\/\/www.turbine-vockerode.de\/","url":"https:\/\/www.turbine-vockerode.de\/","name":"Herzlich Willkommen - SG &quot;Turbine&quot; Vockerode e.V.","isPartOf":{"@id":"https:\/\/www.turbine-vockerode.de\/#website"},"primaryImageOfPage":{"@id":"https:\/\/www.turbine-vockerode.de\/#primaryimage"},"image":{"@id":"https:\/\/www.turbine-vockerode.de\/#primaryimage"},"thumbnailUrl":"https:\/\/images.teamshirts.net\/image\/upload\/q_auto,fl_lossy,f_auto,w_280,h_280\/snippets\/teamshirts-teamshop-siegel-square","datePublished":"2014-06-18T19:23:53+00:00","dateModified":"2026-01-22T22:37:44+00:00","breadcrumb":{"@id":"https:\/\/www.turbine-vockerode.de\/#breadcrumb"},"inLanguage":"de","potentialAction":[{"@type":"ReadAction","target":["https:\/\/www.turbine-vockerode.de\/"]}]},{"@type":"ImageObject","inLanguage":"de","@id":"https:\/\/www.turbine-vockerode.de\/#primaryimage","url":"https:\/\/images.teamshirts.net\/image\/upload\/q_auto,fl_lossy,f_auto,w_280,h_280\/snippets\/teamshirts-teamshop-siegel-square","contentUrl":"https:\/\/images.teamshirts.net\/image\/upload\/q_auto,fl_lossy,f_auto,w_280,h_280\/snippets\/teamshirts-teamshop-siegel-square"},{"@type":"BreadcrumbList","@id":"https:\/\/www.turbine-vockerode.de\/#breadcrumb","itemListElement":[{"@type":"ListItem","position":1,"name":"Startseite","item":"https:\/\/www.turbine-vockerode.de\/"},{"@type":"ListItem","position":2,"name":"Herzlich Willkommen"}]},{"@type":"WebSite","@id":"https:\/\/www.turbine-vockerode.de\/#website","url":"https:\/\/www.turbine-vockerode.de\/","name":"SG &quot;Turbine&quot; Vockerode e.V.","description":"Energie im Herz. Stark im Team.","publisher":{"@id":"https:\/\/www.turbine-vockerode.de\/#organization"},"potentialAction":[{"@type":"SearchAction","target":{"@type":"EntryPoint","urlTemplate":"https:\/\/www.turbine-vockerode.de\/?s={search_term_string}"},"query-input":{"@type":"PropertyValueSpecification","valueRequired":true,"valueName":"search_term_string"}}],"inLanguage":"de"},{"@type":"Organization","@id":"https:\/\/www.turbine-vockerode.de\/#organization","name":"SG &quot;Turbine&quot; Vockerode e.V.","url":"https:\/\/www.turbine-vockerode.de\/","logo":{"@type":"ImageObject","inLanguage":"de","@id":"https:\/\/www.turbine-vockerode.de\/#\/schema\/logo\/image\/","url":"https:\/\/www.turbine-vockerode.de\/wp-content\/uploads\/2021\/09\/cropped-Logo_Rand_rechts.png","contentUrl":"https:\/\/www.turbine-vockerode.de\/wp-content\/uploads\/2021\/09\/cropped-Logo_Rand_rechts.png","width":1000,"height":700,"caption":"SG &quot;Turbine&quot; Vockerode e.V."},"image":{"@id":"https:\/\/www.turbine-vockerode.de\/#\/schema\/logo\/image\/"}}]}},"_links":{"self":[{"href":"https:\/\/www.turbine-vockerode.de\/index.php?rest_route=\/wp\/v2\/pages\/22","targetHints":{"allow":["GET"]}}],"collection":[{"href":"https:\/\/www.turbine-vockerode.de\/index.php?rest_route=\/wp\/v2\/pages"}],"about":[{"href":"https:\/\/www.turbine-vockerode.de\/index.php?rest_route=\/wp\/v2\/types\/page"}],"author":[{"embeddable":true,"href":"https:\/\/www.turbine-vockerode.de\/index.php?rest_route=\/wp\/v2\/users\/1"}],"replies":[{"embeddable":true,"href":"https:\/\/www.turbine-vockerode.de\/index.php?rest_route=%2Fwp%2Fv2%2Fcomments&post=22"}],"version-history":[{"count":406,"href":"https:\/\/www.turbine-vockerode.de\/index.php?rest_route=\/wp\/v2\/pages\/22\/revisions"}],"predecessor-version":[{"id":2721,"href":"https:\/\/www.turbine-vockerode.de\/index.php?rest_route=\/wp\/v2\/pages\/22\/revisions\/2721"}],"wp:attachment":[{"href":"https:\/\/www.turbine-vockerode.de\/index.php?rest_route=%2Fwp%2Fv2%2Fmedia&parent=22"}],"curies":[{"name":"wp","href":"https:\/\/api.w.org\/{rel}","templated":true}]}}