{"id":2020,"date":"2023-01-12T20:00:44","date_gmt":"2023-01-12T19:00:44","guid":{"rendered":"http:\/\/www.turbine-vockerode.de\/?page_id=2020"},"modified":"2025-03-31T20:36:46","modified_gmt":"2025-03-31T18:36:46","slug":"drums-alive-kids-beats","status":"publish","type":"page","link":"https:\/\/www.turbine-vockerode.de\/?page_id=2020","title":{"rendered":"Drums Alive &#8211; Kids Beats"},"content":{"rendered":"<p style=\"text-align: justify;\"><a href=\"pics\/drums-alive-kids-beats\/drums_alive_kids_0.jpg\" align=\"left\"><img decoding=\"async\" src=\"pics\/drums-alive-kids-beats\/mini\/drums_alive_kids_0.jpg\" hspace=\"20\" align=\"left\"><\/a>Angelehnt an Drums Alive f\u00fcr Erwachsene bieten wir ein Trommel- und Rhythmusprogramm speziell f\u00fcr Kinder. Mit Drums Alive k\u00f6nnen sich Eure Spr\u00f6sslinge so richtig austrommeln und allen Energien freien Lauf lassen.<\/p>\n<p style=\"text-align: justify;\">Drums Alive f\u00f6rdert insbesondere bei Kindern die Konzentration, die Merkf\u00e4higkeit, die K\u00f6rper- koordination und es hilft Stress und Aggressionen abzubauen. Es st\u00e4rkt das Selbstwertgef\u00fchl, die sozialen Kompetenzen und die Entwicklung und F\u00f6rderung von Sinneswahrnehmungen. Unser Programm unterst\u00fctzt den nat\u00fcrlichen Bewegungsdrang der Kinder. Durch Rhythmusspiele und kleine Choreographien werden die motorischen F\u00e4higkeiten gef\u00f6rdert.<\/p>\n<p style=\"text-align: justify;\">Meldet eure Kinder an und lasst Ihnen Freude am Sport mit k\u00f6rperlichem Einsatz erleben. So wird Bewegung zum Vergn\u00fcgen und fr\u00fchzeitig in den Alltag Ihrer Kinder integriert. Probiert es aus. Es wird Euren Kids Spa\u00df machen!<\/p>\n<p style=\"text-align: justify;\"><b>Ansprechpartner:<\/b> Bettina Heinze (Tel.: 0177\/6053692)<\/p>\n<p style=\"text-align: justify;\">Drums Alive Kids Beats findet zur folgenden Zeit in der <a href=\"https:\/\/www.turbine-vockerode.de\/?page_id=799\">Sporthalle<\/a> statt:<\/p>\n<table cellspacing=\"0\" border=\"0\" align=\"center\">\n<tbody>\n<tr>\n<td width=\"120\"><strong>Tag<\/strong><\/td>\n<td width=\"170\"><strong>Zeit<\/strong><\/td>\n<\/tr>\n<tr>\n<td valign=\"top\">Sonntag (jede 2. Woche)<\/td>\n<td>\n16:45 &#8211; 17:45 Uhr<\/td>\n<\/tr>\n<\/tbody>\n<\/table>\n<p>Folgend k\u00f6nnt Ihr unseren aktuellen Flyer downloaden:<\/p>\n<p style=\"text-align: justify;\"><a href=\"downloads\/Flyer_Drums_Alive_Kids_Beats.pdf\" target=\"_blank\" rel=\"noopener noreferrer\"><img decoding=\"async\" src=\"pics\/gfx\/PDF_icon.png\" hspace=\"10\" align=\"left\"><\/a><a href=\"downloads\/Flyer_Drums_Alive_Kids_Beats.pdf\" target=\"_blank\" rel=\"noopener noreferrer\"> Flyer Drums Alive &#8211; Kids Beats<\/a><\/p>\n","protected":false},"excerpt":{"rendered":"<p>Angelehnt an Drums Alive f\u00fcr Erwachsene bieten wir ein Trommel- und Rhythmusprogramm speziell f\u00fcr Kinder. Mit Drums Alive k\u00f6nnen sich Eure Spr\u00f6sslinge so richtig austrommeln und allen Energien freien Lauf lassen. Drums Alive f\u00f6rdert insbesondere bei Kindern die Konzentration, die Merkf\u00e4higkeit, die K\u00f6rper- koordination und es hilft Stress und Aggressionen abzubauen. Es st\u00e4rkt das Selbstwertgef\u00fchl, [&hellip;]<\/p>\n","protected":false},"author":1,"featured_media":0,"parent":0,"menu_order":0,"comment_status":"closed","ping_status":"closed","template":"","meta":{"ngg_post_thumbnail":0,"footnotes":""},"class_list":["post-2020","page","type-page","status-publish","hentry"],"yoast_head":"<!-- This site is optimized with the Yoast SEO plugin v26.6 - https:\/\/yoast.com\/wordpress\/plugins\/seo\/ -->\n<title>Drums Alive - Kids Beats - SG &quot;Turbine&quot; Vockerode e.V.<\/title>\n<meta name=\"robots\" content=\"index, follow, max-snippet:-1, max-image-preview:large, max-video-preview:-1\" \/>\n<link rel=\"canonical\" href=\"https:\/\/www.turbine-vockerode.de\/?page_id=2020\" \/>\n<meta property=\"og:locale\" content=\"de_DE\" \/>\n<meta property=\"og:type\" content=\"article\" \/>\n<meta property=\"og:title\" content=\"Drums Alive - Kids Beats - SG &quot;Turbine&quot; Vockerode e.V.\" \/>\n<meta property=\"og:description\" content=\"Angelehnt an Drums Alive f\u00fcr Erwachsene bieten wir ein Trommel- und Rhythmusprogramm speziell f\u00fcr Kinder. Mit Drums Alive k\u00f6nnen sich Eure Spr\u00f6sslinge so richtig austrommeln und allen Energien freien Lauf lassen. Drums Alive f\u00f6rdert insbesondere bei Kindern die Konzentration, die Merkf\u00e4higkeit, die K\u00f6rper- koordination und es hilft Stress und Aggressionen abzubauen. Es st\u00e4rkt das Selbstwertgef\u00fchl, [&hellip;]\" \/>\n<meta property=\"og:url\" content=\"https:\/\/www.turbine-vockerode.de\/?page_id=2020\" \/>\n<meta property=\"og:site_name\" content=\"SG &quot;Turbine&quot; Vockerode e.V.\" \/>\n<meta property=\"article:modified_time\" content=\"2025-03-31T18:36:46+00:00\" \/>\n<meta name=\"twitter:card\" content=\"summary_large_image\" \/>\n<meta name=\"twitter:label1\" content=\"Gesch\u00e4tzte Lesezeit\" \/>\n\t<meta name=\"twitter:data1\" content=\"2\u00a0Minuten\" \/>\n<script type=\"application\/ld+json\" class=\"yoast-schema-graph\">{\"@context\":\"https:\/\/schema.org\",\"@graph\":[{\"@type\":\"WebPage\",\"@id\":\"https:\/\/www.turbine-vockerode.de\/?page_id=2020\",\"url\":\"https:\/\/www.turbine-vockerode.de\/?page_id=2020\",\"name\":\"Drums Alive - Kids Beats - SG &quot;Turbine&quot; Vockerode e.V.\",\"isPartOf\":{\"@id\":\"https:\/\/www.turbine-vockerode.de\/#website\"},\"datePublished\":\"2023-01-12T19:00:44+00:00\",\"dateModified\":\"2025-03-31T18:36:46+00:00\",\"breadcrumb\":{\"@id\":\"https:\/\/www.turbine-vockerode.de\/?page_id=2020#breadcrumb\"},\"inLanguage\":\"de\",\"potentialAction\":[{\"@type\":\"ReadAction\",\"target\":[\"https:\/\/www.turbine-vockerode.de\/?page_id=2020\"]}]},{\"@type\":\"BreadcrumbList\",\"@id\":\"https:\/\/www.turbine-vockerode.de\/?page_id=2020#breadcrumb\",\"itemListElement\":[{\"@type\":\"ListItem\",\"position\":1,\"name\":\"Startseite\",\"item\":\"https:\/\/www.turbine-vockerode.de\/\"},{\"@type\":\"ListItem\",\"position\":2,\"name\":\"Drums Alive &#8211; Kids Beats\"}]},{\"@type\":\"WebSite\",\"@id\":\"https:\/\/www.turbine-vockerode.de\/#website\",\"url\":\"https:\/\/www.turbine-vockerode.de\/\",\"name\":\"SG &quot;Turbine&quot; Vockerode e.V.\",\"description\":\"Energie im Herz. Stark im Team.\",\"publisher\":{\"@id\":\"https:\/\/www.turbine-vockerode.de\/#organization\"},\"potentialAction\":[{\"@type\":\"SearchAction\",\"target\":{\"@type\":\"EntryPoint\",\"urlTemplate\":\"https:\/\/www.turbine-vockerode.de\/?s={search_term_string}\"},\"query-input\":{\"@type\":\"PropertyValueSpecification\",\"valueRequired\":true,\"valueName\":\"search_term_string\"}}],\"inLanguage\":\"de\"},{\"@type\":\"Organization\",\"@id\":\"https:\/\/www.turbine-vockerode.de\/#organization\",\"name\":\"SG &quot;Turbine&quot; Vockerode e.V.\",\"url\":\"https:\/\/www.turbine-vockerode.de\/\",\"logo\":{\"@type\":\"ImageObject\",\"inLanguage\":\"de\",\"@id\":\"https:\/\/www.turbine-vockerode.de\/#\/schema\/logo\/image\/\",\"url\":\"https:\/\/www.turbine-vockerode.de\/wp-content\/uploads\/2021\/09\/cropped-Logo_Rand_rechts.png\",\"contentUrl\":\"https:\/\/www.turbine-vockerode.de\/wp-content\/uploads\/2021\/09\/cropped-Logo_Rand_rechts.png\",\"width\":1000,\"height\":700,\"caption\":\"SG &quot;Turbine&quot; Vockerode e.V.\"},\"image\":{\"@id\":\"https:\/\/www.turbine-vockerode.de\/#\/schema\/logo\/image\/\"}}]}<\/script>\n<!-- \/ Yoast SEO plugin. -->","yoast_head_json":{"title":"Drums Alive - Kids Beats - SG &quot;Turbine&quot; Vockerode e.V.","robots":{"index":"index","follow":"follow","max-snippet":"max-snippet:-1","max-image-preview":"max-image-preview:large","max-video-preview":"max-video-preview:-1"},"canonical":"https:\/\/www.turbine-vockerode.de\/?page_id=2020","og_locale":"de_DE","og_type":"article","og_title":"Drums Alive - Kids Beats - SG &quot;Turbine&quot; Vockerode e.V.","og_description":"Angelehnt an Drums Alive f\u00fcr Erwachsene bieten wir ein Trommel- und Rhythmusprogramm speziell f\u00fcr Kinder. Mit Drums Alive k\u00f6nnen sich Eure Spr\u00f6sslinge so richtig austrommeln und allen Energien freien Lauf lassen. Drums Alive f\u00f6rdert insbesondere bei Kindern die Konzentration, die Merkf\u00e4higkeit, die K\u00f6rper- koordination und es hilft Stress und Aggressionen abzubauen. Es st\u00e4rkt das Selbstwertgef\u00fchl, [&hellip;]","og_url":"https:\/\/www.turbine-vockerode.de\/?page_id=2020","og_site_name":"SG &quot;Turbine&quot; Vockerode e.V.","article_modified_time":"2025-03-31T18:36:46+00:00","twitter_card":"summary_large_image","twitter_misc":{"Gesch\u00e4tzte Lesezeit":"2\u00a0Minuten"},"schema":{"@context":"https:\/\/schema.org","@graph":[{"@type":"WebPage","@id":"https:\/\/www.turbine-vockerode.de\/?page_id=2020","url":"https:\/\/www.turbine-vockerode.de\/?page_id=2020","name":"Drums Alive - Kids Beats - SG &quot;Turbine&quot; Vockerode e.V.","isPartOf":{"@id":"https:\/\/www.turbine-vockerode.de\/#website"},"datePublished":"2023-01-12T19:00:44+00:00","dateModified":"2025-03-31T18:36:46+00:00","breadcrumb":{"@id":"https:\/\/www.turbine-vockerode.de\/?page_id=2020#breadcrumb"},"inLanguage":"de","potentialAction":[{"@type":"ReadAction","target":["https:\/\/www.turbine-vockerode.de\/?page_id=2020"]}]},{"@type":"BreadcrumbList","@id":"https:\/\/www.turbine-vockerode.de\/?page_id=2020#breadcrumb","itemListElement":[{"@type":"ListItem","position":1,"name":"Startseite","item":"https:\/\/www.turbine-vockerode.de\/"},{"@type":"ListItem","position":2,"name":"Drums Alive &#8211; Kids Beats"}]},{"@type":"WebSite","@id":"https:\/\/www.turbine-vockerode.de\/#website","url":"https:\/\/www.turbine-vockerode.de\/","name":"SG &quot;Turbine&quot; Vockerode e.V.","description":"Energie im Herz. Stark im Team.","publisher":{"@id":"https:\/\/www.turbine-vockerode.de\/#organization"},"potentialAction":[{"@type":"SearchAction","target":{"@type":"EntryPoint","urlTemplate":"https:\/\/www.turbine-vockerode.de\/?s={search_term_string}"},"query-input":{"@type":"PropertyValueSpecification","valueRequired":true,"valueName":"search_term_string"}}],"inLanguage":"de"},{"@type":"Organization","@id":"https:\/\/www.turbine-vockerode.de\/#organization","name":"SG &quot;Turbine&quot; Vockerode e.V.","url":"https:\/\/www.turbine-vockerode.de\/","logo":{"@type":"ImageObject","inLanguage":"de","@id":"https:\/\/www.turbine-vockerode.de\/#\/schema\/logo\/image\/","url":"https:\/\/www.turbine-vockerode.de\/wp-content\/uploads\/2021\/09\/cropped-Logo_Rand_rechts.png","contentUrl":"https:\/\/www.turbine-vockerode.de\/wp-content\/uploads\/2021\/09\/cropped-Logo_Rand_rechts.png","width":1000,"height":700,"caption":"SG &quot;Turbine&quot; Vockerode e.V."},"image":{"@id":"https:\/\/www.turbine-vockerode.de\/#\/schema\/logo\/image\/"}}]}},"_links":{"self":[{"href":"https:\/\/www.turbine-vockerode.de\/index.php?rest_route=\/wp\/v2\/pages\/2020","targetHints":{"allow":["GET"]}}],"collection":[{"href":"https:\/\/www.turbine-vockerode.de\/index.php?rest_route=\/wp\/v2\/pages"}],"about":[{"href":"https:\/\/www.turbine-vockerode.de\/index.php?rest_route=\/wp\/v2\/types\/page"}],"author":[{"embeddable":true,"href":"https:\/\/www.turbine-vockerode.de\/index.php?rest_route=\/wp\/v2\/users\/1"}],"replies":[{"embeddable":true,"href":"https:\/\/www.turbine-vockerode.de\/index.php?rest_route=%2Fwp%2Fv2%2Fcomments&post=2020"}],"version-history":[{"count":13,"href":"https:\/\/www.turbine-vockerode.de\/index.php?rest_route=\/wp\/v2\/pages\/2020\/revisions"}],"predecessor-version":[{"id":2476,"href":"https:\/\/www.turbine-vockerode.de\/index.php?rest_route=\/wp\/v2\/pages\/2020\/revisions\/2476"}],"wp:attachment":[{"href":"https:\/\/www.turbine-vockerode.de\/index.php?rest_route=%2Fwp%2Fv2%2Fmedia&parent=2020"}],"curies":[{"name":"wp","href":"https:\/\/api.w.org\/{rel}","templated":true}]}}