{"id":1883,"date":"2022-10-23T20:50:38","date_gmt":"2022-10-23T18:50:38","guid":{"rendered":"http:\/\/www.turbine-vockerode.de\/?page_id=1883"},"modified":"2026-01-28T08:29:57","modified_gmt":"2026-01-28T07:29:57","slug":"impressum","status":"publish","type":"page","link":"https:\/\/www.turbine-vockerode.de\/?page_id=1883","title":{"rendered":"Impressum"},"content":{"rendered":"<h3>Informationen zum Verein<\/h3>\n<p style=\"text-align: justify;\">\n<b>Vereinsanschrift:<\/b><br \/>\nSG &#8222;Turbine&#8220; Vockerode e.V.<br \/>\nBaumschulenweg 8<br \/>\n06785 Oranienbaum-W\u00f6rlitz, OT Vockerode<br \/>\nTelefon: 0171\/7793590<br \/>\nE-Mail: SGTurbineVocke@aol.com<\/p>\n<p style=\"text-align: justify;\"><b>Registergericht:<\/b> Amtsgericht Stendal<br \/>\n<b>Registernummer:<\/b> VR 34299<br \/>\n<b>Steuernummer:<\/b> 114\/143\/00024<\/p>\n<p style=\"text-align: justify;\"><b>Gemeinschaftlich vertretungsberechtigt<\/b><br \/>\n<a href=\"https:\/\/www.turbine-vockerode.de\/?page_id=24\">vorsitzende Vorstandsmitglieder<\/a><\/p>\n<p style=\"text-align: justify;\"><b>V.i.S.d \u00a7 18 Abs. 2 MStV:<\/b><br \/>\n<a href=\"https:\/\/www.turbine-vockerode.de\/?page_id=24\">vorsitzende Vorstandsmitglieder<\/a><\/p>\n<p><br class=\"clear\"><\/p>\n<h3>Haftungsbeschr\u00e4nkung<\/h3>\n<p style=\"text-align: justify;\">Die Inhalte dieser Website werden mit gr\u00f6\u00dftm\u00f6glicher Sorgfalt erstellt. Der Anbieter \u00fcbernimmt jedoch keine Gew\u00e4hr f\u00fcr die Richtigkeit, Vollst\u00e4ndigkeit und Aktualit\u00e4t der bereitgestellten Inhalte. Die Nutzung der Inhalte der Website erfolgt auf eigene Gefahr des Nutzers.<\/p>\n<p style=\"text-align: justify;\">Namentlich gekennzeichnete Beitr\u00e4ge geben die Meinung des jeweiligen Autors und nicht immer die Meinung des Anbieters wieder. Mit der reinen Nutzung der Website des Anbieters kommt keinerlei Vertragsverh\u00e4ltnis zwischen dem Nutzer und dem Anbieter zustande.<\/p>\n<p><br class=\"clear\"><\/p>\n<h3>Externe Links<\/h3>\n<p style=\"text-align: justify;\">Diese Website enth\u00e4lt Verkn\u00fcpfungen zu Websites Dritter (&#8222;externe Links&#8220;). Diese Websites unterliegen der Haftung der jeweiligen Betreiber. Der Anbieter hat bei der erstmaligen Verkn\u00fcpfung der externen Links die fremden Inhalte daraufhin \u00fcberpr\u00fcft, ob etwaige Rechtsverst\u00f6\u00dfe bestehen. Zu dem Zeitpunkt waren keine Rechtsverst\u00f6\u00dfe ersichtlich. Der Anbieter hat keinerlei Einfluss auf die aktuelle und zuk\u00fcnftige Gestaltung und auf die Inhalte der verkn\u00fcpften Seiten. Das Setzen von externen Links bedeutet nicht, dass sich der Anbieter die hinter dem Verweis oder Link liegenden Inhalte zu Eigen macht. Eine st\u00e4ndige Kontrolle der externen Links ist f\u00fcr den Anbieter ohne konkrete Hinweise auf Rechtsverst\u00f6\u00dfe nicht zumutbar. Bei Kenntnis von Rechtsverst\u00f6\u00dfen werden jedoch derartige externe Links unverz\u00fcglich gel\u00f6scht.<\/p>\n","protected":false},"excerpt":{"rendered":"<p>Informationen zum Verein Vereinsanschrift: SG &#8222;Turbine&#8220; Vockerode e.V. Baumschulenweg 8 06785 Oranienbaum-W\u00f6rlitz, OT Vockerode Telefon: 0171\/7793590 E-Mail: SGTurbineVocke@aol.com Registergericht: Amtsgericht Stendal Registernummer: VR 34299 Steuernummer: 114\/143\/00024 Gemeinschaftlich vertretungsberechtigt vorsitzende Vorstandsmitglieder V.i.S.d \u00a7 18 Abs. 2 MStV: vorsitzende Vorstandsmitglieder Haftungsbeschr\u00e4nkung Die Inhalte dieser Website werden mit gr\u00f6\u00dftm\u00f6glicher Sorgfalt erstellt. Der Anbieter \u00fcbernimmt jedoch keine Gew\u00e4hr f\u00fcr [&hellip;]<\/p>\n","protected":false},"author":1,"featured_media":0,"parent":0,"menu_order":0,"comment_status":"closed","ping_status":"closed","template":"","meta":{"ngg_post_thumbnail":0,"footnotes":""},"class_list":["post-1883","page","type-page","status-publish","hentry"],"yoast_head":"<!-- This site is optimized with the Yoast SEO plugin v26.6 - https:\/\/yoast.com\/wordpress\/plugins\/seo\/ -->\n<title>Impressum - SG &quot;Turbine&quot; Vockerode e.V.<\/title>\n<meta name=\"robots\" content=\"index, follow, max-snippet:-1, max-image-preview:large, max-video-preview:-1\" \/>\n<link rel=\"canonical\" href=\"https:\/\/www.turbine-vockerode.de\/?page_id=1883\" \/>\n<meta property=\"og:locale\" content=\"de_DE\" \/>\n<meta property=\"og:type\" content=\"article\" \/>\n<meta property=\"og:title\" content=\"Impressum - SG &quot;Turbine&quot; Vockerode e.V.\" \/>\n<meta property=\"og:description\" content=\"Informationen zum Verein Vereinsanschrift: SG &#8222;Turbine&#8220; Vockerode e.V. Baumschulenweg 8 06785 Oranienbaum-W\u00f6rlitz, OT Vockerode Telefon: 0171\/7793590 E-Mail: SGTurbineVocke@aol.com Registergericht: Amtsgericht Stendal Registernummer: VR 34299 Steuernummer: 114\/143\/00024 Gemeinschaftlich vertretungsberechtigt vorsitzende Vorstandsmitglieder V.i.S.d \u00a7 18 Abs. 2 MStV: vorsitzende Vorstandsmitglieder Haftungsbeschr\u00e4nkung Die Inhalte dieser Website werden mit gr\u00f6\u00dftm\u00f6glicher Sorgfalt erstellt. Der Anbieter \u00fcbernimmt jedoch keine Gew\u00e4hr f\u00fcr [&hellip;]\" \/>\n<meta property=\"og:url\" content=\"https:\/\/www.turbine-vockerode.de\/?page_id=1883\" \/>\n<meta property=\"og:site_name\" content=\"SG &quot;Turbine&quot; Vockerode e.V.\" \/>\n<meta property=\"article:modified_time\" content=\"2026-01-28T07:29:57+00:00\" \/>\n<meta name=\"twitter:card\" content=\"summary_large_image\" \/>\n<meta name=\"twitter:label1\" content=\"Gesch\u00e4tzte Lesezeit\" \/>\n\t<meta name=\"twitter:data1\" content=\"2\u00a0Minuten\" \/>\n<script type=\"application\/ld+json\" class=\"yoast-schema-graph\">{\"@context\":\"https:\/\/schema.org\",\"@graph\":[{\"@type\":\"WebPage\",\"@id\":\"https:\/\/www.turbine-vockerode.de\/?page_id=1883\",\"url\":\"https:\/\/www.turbine-vockerode.de\/?page_id=1883\",\"name\":\"Impressum - SG &quot;Turbine&quot; Vockerode e.V.\",\"isPartOf\":{\"@id\":\"https:\/\/www.turbine-vockerode.de\/#website\"},\"datePublished\":\"2022-10-23T18:50:38+00:00\",\"dateModified\":\"2026-01-28T07:29:57+00:00\",\"breadcrumb\":{\"@id\":\"https:\/\/www.turbine-vockerode.de\/?page_id=1883#breadcrumb\"},\"inLanguage\":\"de\",\"potentialAction\":[{\"@type\":\"ReadAction\",\"target\":[\"https:\/\/www.turbine-vockerode.de\/?page_id=1883\"]}]},{\"@type\":\"BreadcrumbList\",\"@id\":\"https:\/\/www.turbine-vockerode.de\/?page_id=1883#breadcrumb\",\"itemListElement\":[{\"@type\":\"ListItem\",\"position\":1,\"name\":\"Startseite\",\"item\":\"https:\/\/www.turbine-vockerode.de\/\"},{\"@type\":\"ListItem\",\"position\":2,\"name\":\"Impressum\"}]},{\"@type\":\"WebSite\",\"@id\":\"https:\/\/www.turbine-vockerode.de\/#website\",\"url\":\"https:\/\/www.turbine-vockerode.de\/\",\"name\":\"SG &quot;Turbine&quot; Vockerode e.V.\",\"description\":\"Energie im Herz. Stark im Team.\",\"publisher\":{\"@id\":\"https:\/\/www.turbine-vockerode.de\/#organization\"},\"potentialAction\":[{\"@type\":\"SearchAction\",\"target\":{\"@type\":\"EntryPoint\",\"urlTemplate\":\"https:\/\/www.turbine-vockerode.de\/?s={search_term_string}\"},\"query-input\":{\"@type\":\"PropertyValueSpecification\",\"valueRequired\":true,\"valueName\":\"search_term_string\"}}],\"inLanguage\":\"de\"},{\"@type\":\"Organization\",\"@id\":\"https:\/\/www.turbine-vockerode.de\/#organization\",\"name\":\"SG &quot;Turbine&quot; Vockerode e.V.\",\"url\":\"https:\/\/www.turbine-vockerode.de\/\",\"logo\":{\"@type\":\"ImageObject\",\"inLanguage\":\"de\",\"@id\":\"https:\/\/www.turbine-vockerode.de\/#\/schema\/logo\/image\/\",\"url\":\"https:\/\/www.turbine-vockerode.de\/wp-content\/uploads\/2021\/09\/cropped-Logo_Rand_rechts.png\",\"contentUrl\":\"https:\/\/www.turbine-vockerode.de\/wp-content\/uploads\/2021\/09\/cropped-Logo_Rand_rechts.png\",\"width\":1000,\"height\":700,\"caption\":\"SG &quot;Turbine&quot; Vockerode e.V.\"},\"image\":{\"@id\":\"https:\/\/www.turbine-vockerode.de\/#\/schema\/logo\/image\/\"}}]}<\/script>\n<!-- \/ Yoast SEO plugin. -->","yoast_head_json":{"title":"Impressum - SG &quot;Turbine&quot; Vockerode e.V.","robots":{"index":"index","follow":"follow","max-snippet":"max-snippet:-1","max-image-preview":"max-image-preview:large","max-video-preview":"max-video-preview:-1"},"canonical":"https:\/\/www.turbine-vockerode.de\/?page_id=1883","og_locale":"de_DE","og_type":"article","og_title":"Impressum - SG &quot;Turbine&quot; Vockerode e.V.","og_description":"Informationen zum Verein Vereinsanschrift: SG &#8222;Turbine&#8220; Vockerode e.V. Baumschulenweg 8 06785 Oranienbaum-W\u00f6rlitz, OT Vockerode Telefon: 0171\/7793590 E-Mail: SGTurbineVocke@aol.com Registergericht: Amtsgericht Stendal Registernummer: VR 34299 Steuernummer: 114\/143\/00024 Gemeinschaftlich vertretungsberechtigt vorsitzende Vorstandsmitglieder V.i.S.d \u00a7 18 Abs. 2 MStV: vorsitzende Vorstandsmitglieder Haftungsbeschr\u00e4nkung Die Inhalte dieser Website werden mit gr\u00f6\u00dftm\u00f6glicher Sorgfalt erstellt. Der Anbieter \u00fcbernimmt jedoch keine Gew\u00e4hr f\u00fcr [&hellip;]","og_url":"https:\/\/www.turbine-vockerode.de\/?page_id=1883","og_site_name":"SG &quot;Turbine&quot; Vockerode e.V.","article_modified_time":"2026-01-28T07:29:57+00:00","twitter_card":"summary_large_image","twitter_misc":{"Gesch\u00e4tzte Lesezeit":"2\u00a0Minuten"},"schema":{"@context":"https:\/\/schema.org","@graph":[{"@type":"WebPage","@id":"https:\/\/www.turbine-vockerode.de\/?page_id=1883","url":"https:\/\/www.turbine-vockerode.de\/?page_id=1883","name":"Impressum - SG &quot;Turbine&quot; Vockerode e.V.","isPartOf":{"@id":"https:\/\/www.turbine-vockerode.de\/#website"},"datePublished":"2022-10-23T18:50:38+00:00","dateModified":"2026-01-28T07:29:57+00:00","breadcrumb":{"@id":"https:\/\/www.turbine-vockerode.de\/?page_id=1883#breadcrumb"},"inLanguage":"de","potentialAction":[{"@type":"ReadAction","target":["https:\/\/www.turbine-vockerode.de\/?page_id=1883"]}]},{"@type":"BreadcrumbList","@id":"https:\/\/www.turbine-vockerode.de\/?page_id=1883#breadcrumb","itemListElement":[{"@type":"ListItem","position":1,"name":"Startseite","item":"https:\/\/www.turbine-vockerode.de\/"},{"@type":"ListItem","position":2,"name":"Impressum"}]},{"@type":"WebSite","@id":"https:\/\/www.turbine-vockerode.de\/#website","url":"https:\/\/www.turbine-vockerode.de\/","name":"SG &quot;Turbine&quot; Vockerode e.V.","description":"Energie im Herz. Stark im Team.","publisher":{"@id":"https:\/\/www.turbine-vockerode.de\/#organization"},"potentialAction":[{"@type":"SearchAction","target":{"@type":"EntryPoint","urlTemplate":"https:\/\/www.turbine-vockerode.de\/?s={search_term_string}"},"query-input":{"@type":"PropertyValueSpecification","valueRequired":true,"valueName":"search_term_string"}}],"inLanguage":"de"},{"@type":"Organization","@id":"https:\/\/www.turbine-vockerode.de\/#organization","name":"SG &quot;Turbine&quot; Vockerode e.V.","url":"https:\/\/www.turbine-vockerode.de\/","logo":{"@type":"ImageObject","inLanguage":"de","@id":"https:\/\/www.turbine-vockerode.de\/#\/schema\/logo\/image\/","url":"https:\/\/www.turbine-vockerode.de\/wp-content\/uploads\/2021\/09\/cropped-Logo_Rand_rechts.png","contentUrl":"https:\/\/www.turbine-vockerode.de\/wp-content\/uploads\/2021\/09\/cropped-Logo_Rand_rechts.png","width":1000,"height":700,"caption":"SG &quot;Turbine&quot; Vockerode e.V."},"image":{"@id":"https:\/\/www.turbine-vockerode.de\/#\/schema\/logo\/image\/"}}]}},"_links":{"self":[{"href":"https:\/\/www.turbine-vockerode.de\/index.php?rest_route=\/wp\/v2\/pages\/1883","targetHints":{"allow":["GET"]}}],"collection":[{"href":"https:\/\/www.turbine-vockerode.de\/index.php?rest_route=\/wp\/v2\/pages"}],"about":[{"href":"https:\/\/www.turbine-vockerode.de\/index.php?rest_route=\/wp\/v2\/types\/page"}],"author":[{"embeddable":true,"href":"https:\/\/www.turbine-vockerode.de\/index.php?rest_route=\/wp\/v2\/users\/1"}],"replies":[{"embeddable":true,"href":"https:\/\/www.turbine-vockerode.de\/index.php?rest_route=%2Fwp%2Fv2%2Fcomments&post=1883"}],"version-history":[{"count":33,"href":"https:\/\/www.turbine-vockerode.de\/index.php?rest_route=\/wp\/v2\/pages\/1883\/revisions"}],"predecessor-version":[{"id":2729,"href":"https:\/\/www.turbine-vockerode.de\/index.php?rest_route=\/wp\/v2\/pages\/1883\/revisions\/2729"}],"wp:attachment":[{"href":"https:\/\/www.turbine-vockerode.de\/index.php?rest_route=%2Fwp%2Fv2%2Fmedia&parent=1883"}],"curies":[{"name":"wp","href":"https:\/\/api.w.org\/{rel}","templated":true}]}}