{"id":1360,"date":"2021-09-16T07:48:57","date_gmt":"2021-09-16T05:48:57","guid":{"rendered":"http:\/\/www.turbine-vockerode.de\/?page_id=1360"},"modified":"2025-03-31T20:35:47","modified_gmt":"2025-03-31T18:35:47","slug":"reha-sport","status":"publish","type":"page","link":"https:\/\/www.turbine-vockerode.de\/?page_id=1360","title":{"rendered":"Reha Sport"},"content":{"rendered":"<p style=\"text-align: justify;\">Rehabilitationssport (kurz: Reha-Sport)  trainiert den gesamten K\u00f6rper und soll nach einer Erkrankung oder Operation die fr\u00fchere Belastbarkeit wiederherstellen. Unser Reha-Sport sind Sport- und Bewegungsangebote und hat folgende Ziele:<\/p>\n<ul>\n<li>Krankheitsbeschwerden mindern<\/li>\n<li>den Krankheitsverlauf positiv beeinflussen<\/li>\n<li>soziale und psychische Stabilisierung geben<\/li>\n<li>die Arbeitsf\u00e4higkeit wieder herzustellen<\/li>\n<li>die Leistungsf\u00e4higkeit, die Ausdauer und die Belastbarkeit steigern<\/li>\n<li>Eingliederungshilfe f\u00fcr behinderte Menschen im Rahmen der Sozialhilfe zu geben<\/li>\n<li>Betroffene auf Dauer in das Arbeitsleben und in die Gesellschaft einzugliedern<\/li>\n<li>Hilfe zur nachhaltigen und langfristigen Selbsthilfe zu geben<\/li>\n<\/ul>\n<p style=\"text-align: justify;\">Beim Rehasport handelt es sich um 50 Gymnastikstunden unter fachlicher Anleitung. Sie trainieren bei uns in einer Gruppe mit bis zu 15 Personen. Die \u00dcbungsstunde dauert 45 Minuten und beinhaltet eine Reihe von Gymnastik\u00fcbungen mit Kleinger\u00e4ten, wie z.B. einer Faszienrolle, einem Gymnastikball oder Pilatesb\u00e4llen.<\/p>\n<p style=\"text-align: justify;\"><a href=\"https:\/\/www.bssa.de\"><img decoding=\"async\" src=\"pics\/rehasport\/Logo_BSSA.jpg\" alt=\"Logo BSSA\" hspace=\"20\" align=\"right\"><\/a>Wir sind Mitgliedsverein des <a href=\"https:\/\/www.bssa.de\">BSSA<\/a> (Behinderten- und Rehabilitations-Sportverband Sachsen-Anhalt e. V.). Rehabilitationssport wird finanziell durch die gesetzlichen Tr\u00e4ger der Kranken-, Unfall- und Rentenversicherung unterst\u00fctzt und kann vom Arzt verordnet werden. Haben Sie Interesse oder Fragen, kontaktieren Sie einfach unsere Trainerin.<\/p>\n<p style=\"text-align: justify;\"><b>Trainerin und Ansprechpartner:<\/b> Sylvia V\u00f6lker (Tel.: 0151\/70086033)<\/p>\n<p style=\"text-align: justify;\">Unser Reha-Sport findet zu den folgenden Zeiten in der <a href=\"https:\/\/www.turbine-vockerode.de\/?page_id=799\">Sporthalle<\/a> statt:<\/p>\n<table cellspacing=\"0\" border=\"0\" align=\"center\">\n<tbody>\n<tr>\n<td width=\"120\"><strong>Tag<\/strong><\/td>\n<td width=\"170\"><strong>Zeit<\/strong><\/td>\n<\/tr>\n<tr>\n<td valign=\"top\">Mittwoch<\/td>\n<td>\n10:00 &#8211; 11:00 Uhr<\/td>\n<\/tr>\n<tr>\n<td valign=\"top\">Freitag<\/td>\n<td>\n16:00 &#8211; 17:30 Uhr<\/td>\n<\/tr>\n<\/tbody>\n<\/table>\n<p><a href=\"pics\/rehasport\/Rehasport_Turnhalle_1.jpg\"><img decoding=\"async\" style=\"border: 0px\" src=\"pics\/rehasport\/mini\/Rehasport_Turnhalle_1.jpg\" class=\"aligncenter\"><\/a><\/p>\n","protected":false},"excerpt":{"rendered":"<p>Rehabilitationssport (kurz: Reha-Sport) trainiert den gesamten K\u00f6rper und soll nach einer Erkrankung oder Operation die fr\u00fchere Belastbarkeit wiederherstellen. Unser Reha-Sport sind Sport- und Bewegungsangebote und hat folgende Ziele: Krankheitsbeschwerden mindern den Krankheitsverlauf positiv beeinflussen soziale und psychische Stabilisierung geben die Arbeitsf\u00e4higkeit wieder herzustellen die Leistungsf\u00e4higkeit, die Ausdauer und die Belastbarkeit steigern Eingliederungshilfe f\u00fcr behinderte Menschen [&hellip;]<\/p>\n","protected":false},"author":1,"featured_media":0,"parent":0,"menu_order":0,"comment_status":"closed","ping_status":"closed","template":"","meta":{"ngg_post_thumbnail":0,"footnotes":""},"class_list":["post-1360","page","type-page","status-publish","hentry"],"yoast_head":"<!-- This site is optimized with the Yoast SEO plugin v26.6 - https:\/\/yoast.com\/wordpress\/plugins\/seo\/ -->\n<title>Reha Sport - SG &quot;Turbine&quot; Vockerode e.V.<\/title>\n<meta name=\"robots\" content=\"index, follow, max-snippet:-1, max-image-preview:large, max-video-preview:-1\" \/>\n<link rel=\"canonical\" href=\"https:\/\/www.turbine-vockerode.de\/?page_id=1360\" \/>\n<meta property=\"og:locale\" content=\"de_DE\" \/>\n<meta property=\"og:type\" content=\"article\" \/>\n<meta property=\"og:title\" content=\"Reha Sport - SG &quot;Turbine&quot; Vockerode e.V.\" \/>\n<meta property=\"og:description\" content=\"Rehabilitationssport (kurz: Reha-Sport) trainiert den gesamten K\u00f6rper und soll nach einer Erkrankung oder Operation die fr\u00fchere Belastbarkeit wiederherstellen. Unser Reha-Sport sind Sport- und Bewegungsangebote und hat folgende Ziele: Krankheitsbeschwerden mindern den Krankheitsverlauf positiv beeinflussen soziale und psychische Stabilisierung geben die Arbeitsf\u00e4higkeit wieder herzustellen die Leistungsf\u00e4higkeit, die Ausdauer und die Belastbarkeit steigern Eingliederungshilfe f\u00fcr behinderte Menschen [&hellip;]\" \/>\n<meta property=\"og:url\" content=\"https:\/\/www.turbine-vockerode.de\/?page_id=1360\" \/>\n<meta property=\"og:site_name\" content=\"SG &quot;Turbine&quot; Vockerode e.V.\" \/>\n<meta property=\"article:modified_time\" content=\"2025-03-31T18:35:47+00:00\" \/>\n<meta name=\"twitter:card\" content=\"summary_large_image\" \/>\n<meta name=\"twitter:label1\" content=\"Gesch\u00e4tzte Lesezeit\" \/>\n\t<meta name=\"twitter:data1\" content=\"2\u00a0Minuten\" \/>\n<script type=\"application\/ld+json\" class=\"yoast-schema-graph\">{\"@context\":\"https:\/\/schema.org\",\"@graph\":[{\"@type\":\"WebPage\",\"@id\":\"https:\/\/www.turbine-vockerode.de\/?page_id=1360\",\"url\":\"https:\/\/www.turbine-vockerode.de\/?page_id=1360\",\"name\":\"Reha Sport - SG &quot;Turbine&quot; Vockerode e.V.\",\"isPartOf\":{\"@id\":\"https:\/\/www.turbine-vockerode.de\/#website\"},\"datePublished\":\"2021-09-16T05:48:57+00:00\",\"dateModified\":\"2025-03-31T18:35:47+00:00\",\"breadcrumb\":{\"@id\":\"https:\/\/www.turbine-vockerode.de\/?page_id=1360#breadcrumb\"},\"inLanguage\":\"de\",\"potentialAction\":[{\"@type\":\"ReadAction\",\"target\":[\"https:\/\/www.turbine-vockerode.de\/?page_id=1360\"]}]},{\"@type\":\"BreadcrumbList\",\"@id\":\"https:\/\/www.turbine-vockerode.de\/?page_id=1360#breadcrumb\",\"itemListElement\":[{\"@type\":\"ListItem\",\"position\":1,\"name\":\"Startseite\",\"item\":\"https:\/\/www.turbine-vockerode.de\/\"},{\"@type\":\"ListItem\",\"position\":2,\"name\":\"Reha Sport\"}]},{\"@type\":\"WebSite\",\"@id\":\"https:\/\/www.turbine-vockerode.de\/#website\",\"url\":\"https:\/\/www.turbine-vockerode.de\/\",\"name\":\"SG &quot;Turbine&quot; Vockerode e.V.\",\"description\":\"Energie im Herz. Stark im Team.\",\"publisher\":{\"@id\":\"https:\/\/www.turbine-vockerode.de\/#organization\"},\"potentialAction\":[{\"@type\":\"SearchAction\",\"target\":{\"@type\":\"EntryPoint\",\"urlTemplate\":\"https:\/\/www.turbine-vockerode.de\/?s={search_term_string}\"},\"query-input\":{\"@type\":\"PropertyValueSpecification\",\"valueRequired\":true,\"valueName\":\"search_term_string\"}}],\"inLanguage\":\"de\"},{\"@type\":\"Organization\",\"@id\":\"https:\/\/www.turbine-vockerode.de\/#organization\",\"name\":\"SG &quot;Turbine&quot; Vockerode e.V.\",\"url\":\"https:\/\/www.turbine-vockerode.de\/\",\"logo\":{\"@type\":\"ImageObject\",\"inLanguage\":\"de\",\"@id\":\"https:\/\/www.turbine-vockerode.de\/#\/schema\/logo\/image\/\",\"url\":\"https:\/\/www.turbine-vockerode.de\/wp-content\/uploads\/2021\/09\/cropped-Logo_Rand_rechts.png\",\"contentUrl\":\"https:\/\/www.turbine-vockerode.de\/wp-content\/uploads\/2021\/09\/cropped-Logo_Rand_rechts.png\",\"width\":1000,\"height\":700,\"caption\":\"SG &quot;Turbine&quot; Vockerode e.V.\"},\"image\":{\"@id\":\"https:\/\/www.turbine-vockerode.de\/#\/schema\/logo\/image\/\"}}]}<\/script>\n<!-- \/ Yoast SEO plugin. -->","yoast_head_json":{"title":"Reha Sport - SG &quot;Turbine&quot; Vockerode e.V.","robots":{"index":"index","follow":"follow","max-snippet":"max-snippet:-1","max-image-preview":"max-image-preview:large","max-video-preview":"max-video-preview:-1"},"canonical":"https:\/\/www.turbine-vockerode.de\/?page_id=1360","og_locale":"de_DE","og_type":"article","og_title":"Reha Sport - SG &quot;Turbine&quot; Vockerode e.V.","og_description":"Rehabilitationssport (kurz: Reha-Sport) trainiert den gesamten K\u00f6rper und soll nach einer Erkrankung oder Operation die fr\u00fchere Belastbarkeit wiederherstellen. Unser Reha-Sport sind Sport- und Bewegungsangebote und hat folgende Ziele: Krankheitsbeschwerden mindern den Krankheitsverlauf positiv beeinflussen soziale und psychische Stabilisierung geben die Arbeitsf\u00e4higkeit wieder herzustellen die Leistungsf\u00e4higkeit, die Ausdauer und die Belastbarkeit steigern Eingliederungshilfe f\u00fcr behinderte Menschen [&hellip;]","og_url":"https:\/\/www.turbine-vockerode.de\/?page_id=1360","og_site_name":"SG &quot;Turbine&quot; Vockerode e.V.","article_modified_time":"2025-03-31T18:35:47+00:00","twitter_card":"summary_large_image","twitter_misc":{"Gesch\u00e4tzte Lesezeit":"2\u00a0Minuten"},"schema":{"@context":"https:\/\/schema.org","@graph":[{"@type":"WebPage","@id":"https:\/\/www.turbine-vockerode.de\/?page_id=1360","url":"https:\/\/www.turbine-vockerode.de\/?page_id=1360","name":"Reha Sport - SG &quot;Turbine&quot; Vockerode e.V.","isPartOf":{"@id":"https:\/\/www.turbine-vockerode.de\/#website"},"datePublished":"2021-09-16T05:48:57+00:00","dateModified":"2025-03-31T18:35:47+00:00","breadcrumb":{"@id":"https:\/\/www.turbine-vockerode.de\/?page_id=1360#breadcrumb"},"inLanguage":"de","potentialAction":[{"@type":"ReadAction","target":["https:\/\/www.turbine-vockerode.de\/?page_id=1360"]}]},{"@type":"BreadcrumbList","@id":"https:\/\/www.turbine-vockerode.de\/?page_id=1360#breadcrumb","itemListElement":[{"@type":"ListItem","position":1,"name":"Startseite","item":"https:\/\/www.turbine-vockerode.de\/"},{"@type":"ListItem","position":2,"name":"Reha Sport"}]},{"@type":"WebSite","@id":"https:\/\/www.turbine-vockerode.de\/#website","url":"https:\/\/www.turbine-vockerode.de\/","name":"SG &quot;Turbine&quot; Vockerode e.V.","description":"Energie im Herz. Stark im Team.","publisher":{"@id":"https:\/\/www.turbine-vockerode.de\/#organization"},"potentialAction":[{"@type":"SearchAction","target":{"@type":"EntryPoint","urlTemplate":"https:\/\/www.turbine-vockerode.de\/?s={search_term_string}"},"query-input":{"@type":"PropertyValueSpecification","valueRequired":true,"valueName":"search_term_string"}}],"inLanguage":"de"},{"@type":"Organization","@id":"https:\/\/www.turbine-vockerode.de\/#organization","name":"SG &quot;Turbine&quot; Vockerode e.V.","url":"https:\/\/www.turbine-vockerode.de\/","logo":{"@type":"ImageObject","inLanguage":"de","@id":"https:\/\/www.turbine-vockerode.de\/#\/schema\/logo\/image\/","url":"https:\/\/www.turbine-vockerode.de\/wp-content\/uploads\/2021\/09\/cropped-Logo_Rand_rechts.png","contentUrl":"https:\/\/www.turbine-vockerode.de\/wp-content\/uploads\/2021\/09\/cropped-Logo_Rand_rechts.png","width":1000,"height":700,"caption":"SG &quot;Turbine&quot; Vockerode e.V."},"image":{"@id":"https:\/\/www.turbine-vockerode.de\/#\/schema\/logo\/image\/"}}]}},"_links":{"self":[{"href":"https:\/\/www.turbine-vockerode.de\/index.php?rest_route=\/wp\/v2\/pages\/1360","targetHints":{"allow":["GET"]}}],"collection":[{"href":"https:\/\/www.turbine-vockerode.de\/index.php?rest_route=\/wp\/v2\/pages"}],"about":[{"href":"https:\/\/www.turbine-vockerode.de\/index.php?rest_route=\/wp\/v2\/types\/page"}],"author":[{"embeddable":true,"href":"https:\/\/www.turbine-vockerode.de\/index.php?rest_route=\/wp\/v2\/users\/1"}],"replies":[{"embeddable":true,"href":"https:\/\/www.turbine-vockerode.de\/index.php?rest_route=%2Fwp%2Fv2%2Fcomments&post=1360"}],"version-history":[{"count":24,"href":"https:\/\/www.turbine-vockerode.de\/index.php?rest_route=\/wp\/v2\/pages\/1360\/revisions"}],"predecessor-version":[{"id":2475,"href":"https:\/\/www.turbine-vockerode.de\/index.php?rest_route=\/wp\/v2\/pages\/1360\/revisions\/2475"}],"wp:attachment":[{"href":"https:\/\/www.turbine-vockerode.de\/index.php?rest_route=%2Fwp%2Fv2%2Fmedia&parent=1360"}],"curies":[{"name":"wp","href":"https:\/\/api.w.org\/{rel}","templated":true}]}}